{"id":84,"date":"2018-09-17T19:16:01","date_gmt":"2018-09-18T01:16:01","guid":{"rendered":"http:\/\/portafoliosfit.um.edu.mx\/sarahhdz\/?page_id=84"},"modified":"2020-05-01T13:51:32","modified_gmt":"2020-05-01T19:51:32","slug":"autobiografia","status":"publish","type":"page","link":"https:\/\/portafoliosfit.um.edu.mx\/sarahhdz\/autobiografia\/","title":{"rendered":"Autobiograf\u00eda"},"content":{"rendered":"<div class=\"et_d4_element et_pb_section et_pb_section_0 et_pb_section_parallax  et_pb_css_mix_blend_mode et_section_regular et_block_section\" >\n\t\t\t\t\n\t\t\t\t\n\t\t\t\t\n\t\t\t\t\n\t\t\t\t\n\t\t\t\t\n\t\t\t\t<div class=\"et_d4_element et_pb_row et_pb_row_0  et_pb_css_mix_blend_mode et_block_row\">\n\t\t\t\t<div class=\"et_d4_element et_pb_column_4_4 et_pb_column et_pb_column_0  et_pb_css_mix_blend_mode et-last-child et_block_column\">\n\t\t\t\t\n\t\t\t\t\n\t\t\t\t\n\t\t\t\t\n\t\t\t\t<div class=\"et_pb_module et_d4_element et_pb_post_title et_pb_post_title_0 et_pb_bg_layout_dark  et_pb_text_align_left\"   >\n\t\t\t\t\n\t\t\t\t\n\t\t\t\t\n\t\t\t\t\n\t\t\t\t\n\t\t\t\t<div class=\"et_pb_title_container\">\n\t\t\t\t\t<h1 class=\"entry-title\"><\/h1>\n\t\t\t\t<\/div>\n\t\t\t\t\n\t\t\t<\/div>\n\t\t\t<\/div>\n\t\t\t\t\n\t\t\t\t\n\t\t\t\t\n\t\t\t\t\n\t\t\t<\/div><div class=\"et_d4_element et_pb_row et_pb_row_1  et_pb_css_mix_blend_mode et_block_row\">\n\t\t\t\t<div class=\"et_d4_element et_pb_column_4_4 et_pb_column et_pb_column_1  et_pb_css_mix_blend_mode et-last-child et_block_column\">\n\t\t\t\t\n\t\t\t\t\n\t\t\t\t\n\t\t\t\t\n\t\t\t\t<div class=\"et_pb_module et_d4_element et_pb_text et_pb_text_0  et_pb_text_align_left et_pb_bg_layout_light\">\n\t\t\t\t\n\t\t\t\t\n\t\t\t\t\n\t\t\t\t\n\t\t\t\t<div class=\"et_pb_text_inner\"><p style=\"text-align: justify\">Mi nombre es Sarah Hern\u00e1ndez Serrano, soy estudiante de la carrera de Ingenier\u00eda en Sistemas Computacionales en la Universidad de Montemorelos. Mis padres son H\u00e9ctor Hern\u00e1ndez Maya y Blanca Isela Serrano Galaviz. Mi padre es pastor de la Iglesia Adventista en la Asociaci\u00f3n Norte de Tamaulipas de la Uni\u00f3n Mexicana del Norte, y mi madre es maestra en Colegio Alfa y Omega en Reynosa, Tamaulipas. Yo nac\u00ed el 16 de septiembre de 1999 en Los Mochis, Sinaloa, M\u00e9xico. Tengo dos hermanas menores: Judith y Esther Hern\u00e1ndez Serrano.<\/p>\n<p style=\"text-align: justify\">Mis estudios en el jard\u00edn de ni\u00f1os fueron en el Colegio Culiac\u00e1n en Culiac\u00e1n, Sinaloa, y a la edad de 5 a\u00f1os comenc\u00e9 mi educaci\u00f3n primaria. Para ese momento yo ya sab\u00eda leer y escribir gracias a mi madre, quien a pesar de que yo asist\u00ed menos de 5 meses estuvo al pendiente de mi educaci\u00f3n. A la edad de 8 a\u00f1os me interes\u00e9 bastante en la m\u00fasica, y fue hasta los 10 a\u00f1os que mi madre me inscribi\u00f3 a clases de piano. Gracias a ella siempre fui constante y disciplinada. A los 11 a\u00f1os entr\u00e9 a clases de flauta transversal en la Universidad Aut\u00f3noma de Sinaloa donde tuve un excelente profesor, y a los 13 a\u00f1os mis padres me apoyaron para inscribirme tambi\u00e9n en clases de viol\u00edn.<\/p>\n<p style=\"text-align: justify\">Como ya he dicho antes, mis padres siempre estuvieron al pendiente de mi educaci\u00f3n y en ese mismo tiempo, conclu\u00eda mi educaci\u00f3n primaria, donde gradu\u00e9 con excelente promedio y fui presidenta de la clase de graduandos 2005-2012.<\/p>\n<p style=\"text-align: justify\">Comenc\u00e9 la secundaria a los 11 a\u00f1os, y durante esa etapa particip\u00e9 en algunos concursos a nivel zona y regional tales como: Himno Nacional, poes\u00eda coral, y concursos de matem\u00e1ticas en los cuales tuvo la oportunidad de obtener 2do y 3er lugar. De igual manera, gradu\u00e9 con honores de la secundaria, siendo nuevamente presidenta de la clase de graduandos de la generaci\u00f3n 2012-2015.<\/p>\n<p style=\"text-align: justify\">Segu\u00ed mis estudios de preparatoria en el Colegio Culiac\u00e1n hasta el 2do semestre. Al pasar a tercer semestre nos mudamos a Reynosa, Tamaulipas en el Colegio adventista Alfa y Omega. Esos a\u00f1os fueron dif\u00edciles para mi familia por el hecho de mudarnos y que ya est\u00e1bamos acostumbrados a la vida Sinaloa. Sin embargo, yo pienso que mudarme fue de lo m\u00e1s provechoso para mi vida, aprend\u00ed bastantes cosas. Yo siempre fui una ni\u00f1a muy t\u00edmida, me costaba desenvolverme con otras personas entonces el cambio de cultura, las nuevas personas, el hecho de crear una nueva imagen de m\u00ed para gente que estaba a punto de conocer, me hizo crecer emocionalmente.<\/p>\n<p style=\"text-align: justify\">Aprend\u00ed a hacer nuevos amigos, a que las relaciones con las personas son muy importantes para abrirse paso en la vida y a mantenerme firme en mis creencias. Fue en Reynosa donde me di cuenta de que muchos j\u00f3venes tienen una doble vida. Algunos j\u00f3venes est\u00e1n muy activos en actividades de la iglesia pero viven despreocupadamente de su vida espiritual fuera del s\u00e1bado o de la iglesia.<\/p>\n<p style=\"text-align: justify\">Tuve la oportunidad de comenzar a dar clases de m\u00fasica y asesor\u00edas de matem\u00e1ticas en mi casa con alumnos de k\u00ednder y primaria, esto me abri\u00f3 la manera de relacionarme con adultos, es decir, tratar con los padres de mis peque\u00f1os alumnos. De esta manera aprend\u00ed a trabajar y estudiar poco a poco. Finalmente gradu\u00e9 de la preparatoria con medalla de excelencia acad\u00e9mica, fui nuevamente presidenta de la clase de graduandos del Colegio Alfa y Omega. Sin embargo, ser de presidenta en este colegio involucr\u00f3 que tuve que buscar hacer los preparativos de la graduaci\u00f3n como sal\u00f3n de eventos, cotizar precios, etc. Esta oportunidad fue de bendici\u00f3n para m\u00ed, para madurar m\u00e1s en mi aspecto social y emocional, ayud\u00e1ndome poco a poco superar mi timidez y lograr ver que nuestra autoestima es algo muy valioso por lo que uno trabaja constantemente para lograr esa estabilidad.<\/p>\n<p style=\"text-align: justify\">Finalmente, creo que Dios ha estado muy presente en mi vida. Mis padres siempre han sido muy dedicados en la vida espiritual tanto de mis hermanas, como la m\u00eda. Recuerdo muy bien cuando el verano antes de entrar a la universidad estuve trabajando y colportando en Estados Unidos. Mi padre me ense\u00f1\u00f3 a que no me debe dar pena colportar, uno nunca sabe si ser\u00e1 la \u00fanica vez en que alguien pueda escuchar de Dios; tambi\u00e9n me ense\u00f1\u00f3 que trabajar para Dios siempre te trae bendiciones y no siempre esas bendiciones monetarias, sino tambi\u00e9n de aprendizaje y crecimiento espiritual, intelectual, social, etc. Yo he visto hermoso y lindos milagros de Dios en m\u00ed, estoy muy agradecida como \u00c9l dirige tambi\u00e9n mi vida. Creo que me dio unos excelentes padres. Agradezco a Dios porque me ha dado talentos y me ha permitido desarrollarlos y creo que los talentos que \u00c9l nos da, para \u00c9l son. Por tanto, creo que uno no debe decir que no a las oportunidades de entregar nuestros dones al servicio de la iglesia.<\/p><\/div>\n\t\t\t<\/div>\n\t\t\t<\/div>\n\t\t\t\t\n\t\t\t\t\n\t\t\t\t\n\t\t\t\t\n\t\t\t<\/div>\n\t\t\t\t\n\t\t\t\t\n\t\t\t<\/div>\n","protected":false},"excerpt":{"rendered":"","protected":false},"author":18,"featured_media":1333,"parent":0,"menu_order":1,"comment_status":"closed","ping_status":"closed","template":"","meta":{"_et_pb_use_builder":"on","_et_pb_old_content":"","_et_gb_content_width":"","footnotes":""},"class_list":["post-84","page","type-page","status-publish","has-post-thumbnail","hentry"],"_links":{"self":[{"href":"https:\/\/portafoliosfit.um.edu.mx\/sarahhdz\/wp-json\/wp\/v2\/pages\/84","targetHints":{"allow":["GET"]}}],"collection":[{"href":"https:\/\/portafoliosfit.um.edu.mx\/sarahhdz\/wp-json\/wp\/v2\/pages"}],"about":[{"href":"https:\/\/portafoliosfit.um.edu.mx\/sarahhdz\/wp-json\/wp\/v2\/types\/page"}],"author":[{"embeddable":true,"href":"https:\/\/portafoliosfit.um.edu.mx\/sarahhdz\/wp-json\/wp\/v2\/users\/18"}],"replies":[{"embeddable":true,"href":"https:\/\/portafoliosfit.um.edu.mx\/sarahhdz\/wp-json\/wp\/v2\/comments?post=84"}],"version-history":[{"count":25,"href":"https:\/\/portafoliosfit.um.edu.mx\/sarahhdz\/wp-json\/wp\/v2\/pages\/84\/revisions"}],"predecessor-version":[{"id":1375,"href":"https:\/\/portafoliosfit.um.edu.mx\/sarahhdz\/wp-json\/wp\/v2\/pages\/84\/revisions\/1375"}],"wp:featuredmedia":[{"embeddable":true,"href":"https:\/\/portafoliosfit.um.edu.mx\/sarahhdz\/wp-json\/wp\/v2\/media\/1333"}],"wp:attachment":[{"href":"https:\/\/portafoliosfit.um.edu.mx\/sarahhdz\/wp-json\/wp\/v2\/media?parent=84"}],"curies":[{"name":"wp","href":"https:\/\/api.w.org\/{rel}","templated":true}]}}