{"id":1178,"date":"2020-05-01T08:59:58","date_gmt":"2020-05-01T14:59:58","guid":{"rendered":"http:\/\/portafoliosfit.um.edu.mx\/sarahhdz\/?page_id=1178"},"modified":"2020-05-01T17:47:31","modified_gmt":"2020-05-01T23:47:31","slug":"portafolio-iii","status":"publish","type":"page","link":"https:\/\/portafoliosfit.um.edu.mx\/sarahhdz\/portafolio-iii\/","title":{"rendered":"Portafolio III"},"content":{"rendered":"<p><div class=\"et_d4_element et_pb_section et_pb_section_0  et_pb_css_mix_blend_mode et_pb_fullwidth_section et_section_regular et_block_section\" >\n\t\t\t\t\n\t\t\t\t\n\t\t\t\t\n\t\t\t\t\n\t\t\t\t\n\t\t\t\t\n\t\t\t\t<div class=\"et_pb_module et_d4_element et_pb_fullwidth_post_title_0 et_pb_post_title  et_pb_text_align_center et_pb_bg_layout_dark et_pb_featured_bg\"   >\n\t\t\t\t\n\t\t\t\t\n\t\t\t\t\n\t\t\t\t\n\t\t\t\t\n\t\t\t\t<div class=\"et_pb_title_container\">\n\t\t\t\t\t<h1 class=\"entry-title\"><\/h1>\n\t\t\t\t<\/div>\n\t\t\t\t\n\t\t\t<\/div>\n\t\t\t\t\n\t\t\t\t\n\t\t\t<\/div><div class=\"et_d4_element et_pb_section et_pb_section_1  et_pb_css_mix_blend_mode et_section_regular et_block_section\" >\n\t\t\t\t\n\t\t\t\t\n\t\t\t\t\n\t\t\t\t\n\t\t\t\t\n\t\t\t\t\n\t\t\t\t<div class=\"et_d4_element et_pb_row et_pb_row_0  et_pb_css_mix_blend_mode et_block_row\">\n\t\t\t\t<div class=\"et_d4_element et_pb_column_4_4 et_pb_column et_pb_column_0  et_pb_css_mix_blend_mode et-last-child et_block_column\">\n\t\t\t\t\n\t\t\t\t\n\t\t\t\t\n\t\t\t\t\n\t\t\t\t<div class=\"et_pb_module et_d4_element et_pb_portfolio_0  et_pb_css_mix_blend_mode  et_pb_text_align_center et_pb_bg_layout_light et_pb_portfolio_grid clearfix\">\n\t\t\t\t<div class=\"et_pb_ajax_pagination_container\">\n\t\t\t\t\t\n\t\t\t\t\t\n\t\t\t\t\t\n\t\t\t\t\t\n\t\t\t\t\t<div class=\"et_pb_portfolio_grid_items et_pb_grid_items\">\n\t\t\t\t\t\t\t\t\t\t<div id=\"post-1299\" class=\"post-1299 project type-project status-publish has-post-thumbnail hentry project_category-portafolio-iii et_pb_portfolio_item et_pb_portfolio_item_0_0 et_pb_grid_item\">\n\n\t\t\t\t\t\t\t\t\t\t<a href=\"https:\/\/portafoliosfit.um.edu.mx\/sarahhdz\/project\/administracion-contemporanea-iii\/\" title=\"Administraci\u00f3n contempor\u00e1nea\">\n\t\t\t\t\t\t\t\t\t\t\t\t\t<span class=\"et_portfolio_image\">\n\t\t\t\t\t\t\t\t<img loading=\"lazy\" decoding=\"async\" src=\"https:\/\/portafoliosfit.um.edu.mx\/sarahhdz\/wp-content\/uploads\/sites\/16\/2020\/05\/7-problemas-de-gesti\u00f3n-empresarial-en-PYMEs.jpg\" alt=\"Administraci\u00f3n contempor\u00e1nea\" width=\"400\" height=\"284\" srcset=\"https:\/\/portafoliosfit.um.edu.mx\/sarahhdz\/wp-content\/uploads\/sites\/16\/2020\/05\/7-problemas-de-gesti\u00f3n-empresarial-en-PYMEs.jpg 479w, https:\/\/portafoliosfit.um.edu.mx\/sarahhdz\/wp-content\/uploads\/sites\/16\/2020\/05\/7-problemas-de-gesti\u00f3n-empresarial-en-PYMEs.jpg 480w\" sizes=\"(max-width:479px) 479px, 100vw\" \/>\t\t\t\t\t\t\t\t<span class=\"et_overlay\"><\/span>\t\t\t\t\t\t\t<\/span>\n\t\t\t\t\t\t\t\t\t\t\t<\/a>\n\t\t\t\t\t\n\t\t\t\t\t<h2 class=\"et_pb_module_header\"><a href=\"https:\/\/portafoliosfit.um.edu.mx\/sarahhdz\/project\/administracion-contemporanea-iii\/\" title=\"Administraci\u00f3n contempor\u00e1nea\">Administraci\u00f3n contempor\u00e1nea<\/a><\/h2><p class=\"post-meta\"><a href=\"https:\/\/portafoliosfit.um.edu.mx\/sarahhdz\/project_category\/portafolio-iii\/\" title=\"Portafolio III\">Portafolio III<\/a><\/p>\n\t\t\t\t<\/div>\n\t\t\t\t\t\t\t\t<div id=\"post-1296\" class=\"post-1296 project type-project status-publish has-post-thumbnail hentry project_category-portafolio-iii et_pb_portfolio_item et_pb_portfolio_item_0_1 et_pb_grid_item\">\n\n\t\t\t\t\t\t\t\t\t\t<a href=\"https:\/\/portafoliosfit.um.edu.mx\/sarahhdz\/project\/bases-de-datos-iii\/\" title=\"Bases de datos\">\n\t\t\t\t\t\t\t\t\t\t\t\t\t<span class=\"et_portfolio_image\">\n\t\t\t\t\t\t\t\t<img loading=\"lazy\" decoding=\"async\" src=\"https:\/\/portafoliosfit.um.edu.mx\/sarahhdz\/wp-content\/uploads\/sites\/16\/2019\/05\/der-base-de-datos-en-perspectiva-400x284.jpg\" alt=\"Bases de datos\" width=\"400\" height=\"284\" srcset=\"https:\/\/portafoliosfit.um.edu.mx\/sarahhdz\/wp-content\/uploads\/sites\/16\/2019\/05\/der-base-de-datos-en-perspectiva.jpg 479w, https:\/\/portafoliosfit.um.edu.mx\/sarahhdz\/wp-content\/uploads\/sites\/16\/2019\/05\/der-base-de-datos-en-perspectiva-400x284.jpg 480w\" sizes=\"(max-width:479px) 479px, 100vw\" \/>\t\t\t\t\t\t\t\t<span class=\"et_overlay\"><\/span>\t\t\t\t\t\t\t<\/span>\n\t\t\t\t\t\t\t\t\t\t\t<\/a>\n\t\t\t\t\t\n\t\t\t\t\t<h2 class=\"et_pb_module_header\"><a href=\"https:\/\/portafoliosfit.um.edu.mx\/sarahhdz\/project\/bases-de-datos-iii\/\" title=\"Bases de datos\">Bases de datos<\/a><\/h2><p class=\"post-meta\"><a href=\"https:\/\/portafoliosfit.um.edu.mx\/sarahhdz\/project_category\/portafolio-iii\/\" title=\"Portafolio III\">Portafolio III<\/a><\/p>\n\t\t\t\t<\/div>\n\t\t\t\t\t\t\t\t<div id=\"post-1293\" class=\"post-1293 project type-project status-publish has-post-thumbnail hentry project_category-portafolio-iii et_pb_portfolio_item et_pb_portfolio_item_0_2 et_pb_grid_item\">\n\n\t\t\t\t\t\t\t\t\t\t<a href=\"https:\/\/portafoliosfit.um.edu.mx\/sarahhdz\/project\/analisis-y-diseno-orientado-a-objetos-iii\/\" title=\"An\u00e1lisis y dise\u00f1o orientado a objetos\">\n\t\t\t\t\t\t\t\t\t\t\t\t\t<span class=\"et_portfolio_image\">\n\t\t\t\t\t\t\t\t<img loading=\"lazy\" decoding=\"async\" src=\"https:\/\/portafoliosfit.um.edu.mx\/sarahhdz\/wp-content\/uploads\/sites\/16\/2020\/05\/9fd7fb98-78fb-4977-886e-970b3be1b7b9.png\" alt=\"An\u00e1lisis y dise\u00f1o orientado a objetos\" width=\"400\" height=\"284\" srcset=\"https:\/\/portafoliosfit.um.edu.mx\/sarahhdz\/wp-content\/uploads\/sites\/16\/2020\/05\/9fd7fb98-78fb-4977-886e-970b3be1b7b9.png 479w, https:\/\/portafoliosfit.um.edu.mx\/sarahhdz\/wp-content\/uploads\/sites\/16\/2020\/05\/9fd7fb98-78fb-4977-886e-970b3be1b7b9.png 480w\" sizes=\"(max-width:479px) 479px, 100vw\" \/>\t\t\t\t\t\t\t\t<span class=\"et_overlay\"><\/span>\t\t\t\t\t\t\t<\/span>\n\t\t\t\t\t\t\t\t\t\t\t<\/a>\n\t\t\t\t\t\n\t\t\t\t\t<h2 class=\"et_pb_module_header\"><a href=\"https:\/\/portafoliosfit.um.edu.mx\/sarahhdz\/project\/analisis-y-diseno-orientado-a-objetos-iii\/\" title=\"An\u00e1lisis y dise\u00f1o orientado a objetos\">An\u00e1lisis y dise\u00f1o orientado a objetos<\/a><\/h2><p class=\"post-meta\"><a href=\"https:\/\/portafoliosfit.um.edu.mx\/sarahhdz\/project_category\/portafolio-iii\/\" title=\"Portafolio III\">Portafolio III<\/a><\/p>\n\t\t\t\t<\/div>\n\t\t\t\t\t\t\t\t<div id=\"post-1290\" class=\"post-1290 project type-project status-publish has-post-thumbnail hentry project_category-portafolio-iii et_pb_portfolio_item et_pb_portfolio_item_0_3 et_pb_grid_item\">\n\n\t\t\t\t\t\t\t\t\t\t<a href=\"https:\/\/portafoliosfit.um.edu.mx\/sarahhdz\/project\/arquitectura-de-computadoras-iii\/\" title=\"Arquitectura de computadoras\">\n\t\t\t\t\t\t\t\t\t\t\t\t\t<span class=\"et_portfolio_image\">\n\t\t\t\t\t\t\t\t<img loading=\"lazy\" decoding=\"async\" src=\"https:\/\/portafoliosfit.um.edu.mx\/sarahhdz\/wp-content\/uploads\/sites\/16\/2019\/05\/chip-de-computadora-wallpapers_33021_2560x1600-e1557167958196-400x284.jpg\" alt=\"Arquitectura de computadoras\" width=\"400\" height=\"284\" srcset=\"https:\/\/portafoliosfit.um.edu.mx\/sarahhdz\/wp-content\/uploads\/sites\/16\/2019\/05\/chip-de-computadora-wallpapers_33021_2560x1600-e1557167958196.jpg 479w, https:\/\/portafoliosfit.um.edu.mx\/sarahhdz\/wp-content\/uploads\/sites\/16\/2019\/05\/chip-de-computadora-wallpapers_33021_2560x1600-e1557167958196-400x284.jpg 480w\" sizes=\"(max-width:479px) 479px, 100vw\" \/>\t\t\t\t\t\t\t\t<span class=\"et_overlay\"><\/span>\t\t\t\t\t\t\t<\/span>\n\t\t\t\t\t\t\t\t\t\t\t<\/a>\n\t\t\t\t\t\n\t\t\t\t\t<h2 class=\"et_pb_module_header\"><a href=\"https:\/\/portafoliosfit.um.edu.mx\/sarahhdz\/project\/arquitectura-de-computadoras-iii\/\" title=\"Arquitectura de computadoras\">Arquitectura de computadoras<\/a><\/h2><p class=\"post-meta\"><a href=\"https:\/\/portafoliosfit.um.edu.mx\/sarahhdz\/project_category\/portafolio-iii\/\" title=\"Portafolio III\">Portafolio III<\/a><\/p>\n\t\t\t\t<\/div>\n\t\t\t\t\t\t\t\t<div id=\"post-1287\" class=\"post-1287 project type-project status-publish has-post-thumbnail hentry project_category-portafolio-iii et_pb_portfolio_item et_pb_portfolio_item_0_4 et_pb_grid_item\">\n\n\t\t\t\t\t\t\t\t\t\t<a href=\"https:\/\/portafoliosfit.um.edu.mx\/sarahhdz\/project\/inteligencia-artificial-iii\/\" title=\"Inteligencia artificial\">\n\t\t\t\t\t\t\t\t\t\t\t\t\t<span class=\"et_portfolio_image\">\n\t\t\t\t\t\t\t\t<img loading=\"lazy\" decoding=\"async\" src=\"https:\/\/portafoliosfit.um.edu.mx\/sarahhdz\/wp-content\/uploads\/sites\/16\/2020\/05\/AI.jpg\" alt=\"Inteligencia artificial\" width=\"400\" height=\"284\" srcset=\"https:\/\/portafoliosfit.um.edu.mx\/sarahhdz\/wp-content\/uploads\/sites\/16\/2020\/05\/AI.jpg 479w, https:\/\/portafoliosfit.um.edu.mx\/sarahhdz\/wp-content\/uploads\/sites\/16\/2020\/05\/AI.jpg 480w\" sizes=\"(max-width:479px) 479px, 100vw\" \/>\t\t\t\t\t\t\t\t<span class=\"et_overlay\"><\/span>\t\t\t\t\t\t\t<\/span>\n\t\t\t\t\t\t\t\t\t\t\t<\/a>\n\t\t\t\t\t\n\t\t\t\t\t<h2 class=\"et_pb_module_header\"><a href=\"https:\/\/portafoliosfit.um.edu.mx\/sarahhdz\/project\/inteligencia-artificial-iii\/\" title=\"Inteligencia artificial\">Inteligencia artificial<\/a><\/h2><p class=\"post-meta\"><a href=\"https:\/\/portafoliosfit.um.edu.mx\/sarahhdz\/project_category\/portafolio-iii\/\" title=\"Portafolio III\">Portafolio III<\/a><\/p>\n\t\t\t\t<\/div>\n\t\t\t\t\t\t\t\t<div id=\"post-1281\" class=\"post-1281 project type-project status-publish has-post-thumbnail hentry project_category-portafolio-iii et_pb_portfolio_item et_pb_portfolio_item_0_5 et_pb_grid_item\">\n\n\t\t\t\t\t\t\t\t\t\t<a href=\"https:\/\/portafoliosfit.um.edu.mx\/sarahhdz\/project\/administracion-de-sistemas-operativos-iii\/\" title=\"Administraci\u00f3n de sistemas operativos\">\n\t\t\t\t\t\t\t\t\t\t\t\t\t<span class=\"et_portfolio_image\">\n\t\t\t\t\t\t\t\t<img loading=\"lazy\" decoding=\"async\" src=\"https:\/\/portafoliosfit.um.edu.mx\/sarahhdz\/wp-content\/uploads\/sites\/16\/2019\/05\/415562_operacionnaya-sistema_gorenie_windows-7_2560x1600_www.Gde-Fon.com_-400x284.jpg\" alt=\"Administraci\u00f3n de sistemas operativos\" width=\"400\" height=\"284\" srcset=\"https:\/\/portafoliosfit.um.edu.mx\/sarahhdz\/wp-content\/uploads\/sites\/16\/2019\/05\/415562_operacionnaya-sistema_gorenie_windows-7_2560x1600_www.Gde-Fon.com_.jpg 479w, https:\/\/portafoliosfit.um.edu.mx\/sarahhdz\/wp-content\/uploads\/sites\/16\/2019\/05\/415562_operacionnaya-sistema_gorenie_windows-7_2560x1600_www.Gde-Fon.com_-400x284.jpg 480w\" sizes=\"(max-width:479px) 479px, 100vw\" \/>\t\t\t\t\t\t\t\t<span class=\"et_overlay\"><\/span>\t\t\t\t\t\t\t<\/span>\n\t\t\t\t\t\t\t\t\t\t\t<\/a>\n\t\t\t\t\t\n\t\t\t\t\t<h2 class=\"et_pb_module_header\"><a href=\"https:\/\/portafoliosfit.um.edu.mx\/sarahhdz\/project\/administracion-de-sistemas-operativos-iii\/\" title=\"Administraci\u00f3n de sistemas operativos\">Administraci\u00f3n de sistemas operativos<\/a><\/h2><p class=\"post-meta\"><a href=\"https:\/\/portafoliosfit.um.edu.mx\/sarahhdz\/project_category\/portafolio-iii\/\" title=\"Portafolio III\">Portafolio III<\/a><\/p>\n\t\t\t\t<\/div>\n\t\t\t\t\t\t\t\t<div id=\"post-1270\" class=\"post-1270 project type-project status-publish has-post-thumbnail hentry project_category-portafolio-iii et_pb_portfolio_item et_pb_portfolio_item_0_6 et_pb_grid_item\">\n\n\t\t\t\t\t\t\t\t\t\t<a href=\"https:\/\/portafoliosfit.um.edu.mx\/sarahhdz\/project\/redes-de-informacion-iii\/\" title=\"Redes de informaci\u00f3n\">\n\t\t\t\t\t\t\t\t\t\t\t\t\t<span class=\"et_portfolio_image\">\n\t\t\t\t\t\t\t\t<img loading=\"lazy\" decoding=\"async\" src=\"https:\/\/portafoliosfit.um.edu.mx\/sarahhdz\/wp-content\/uploads\/sites\/16\/2020\/05\/CISCO.jpg\" alt=\"Redes de informaci\u00f3n\" width=\"400\" height=\"284\" srcset=\"https:\/\/portafoliosfit.um.edu.mx\/sarahhdz\/wp-content\/uploads\/sites\/16\/2020\/05\/CISCO.jpg 479w, https:\/\/portafoliosfit.um.edu.mx\/sarahhdz\/wp-content\/uploads\/sites\/16\/2020\/05\/CISCO.jpg 480w\" sizes=\"(max-width:479px) 479px, 100vw\" \/>\t\t\t\t\t\t\t\t<span class=\"et_overlay\"><\/span>\t\t\t\t\t\t\t<\/span>\n\t\t\t\t\t\t\t\t\t\t\t<\/a>\n\t\t\t\t\t\n\t\t\t\t\t<h2 class=\"et_pb_module_header\"><a href=\"https:\/\/portafoliosfit.um.edu.mx\/sarahhdz\/project\/redes-de-informacion-iii\/\" title=\"Redes de informaci\u00f3n\">Redes de informaci\u00f3n<\/a><\/h2><p class=\"post-meta\"><a href=\"https:\/\/portafoliosfit.um.edu.mx\/sarahhdz\/project_category\/portafolio-iii\/\" title=\"Portafolio III\">Portafolio III<\/a><\/p>\n\t\t\t\t<\/div>\n\t\t\t\t\t\t\t\t<div id=\"post-1259\" class=\"post-1259 project type-project status-publish has-post-thumbnail hentry project_category-portafolio-iii et_pb_portfolio_item et_pb_portfolio_item_0_7 et_pb_grid_item\">\n\n\t\t\t\t\t\t\t\t\t\t<a href=\"https:\/\/portafoliosfit.um.edu.mx\/sarahhdz\/project\/estructura-de-datos-y-algoritmos-iii\/\" title=\"Estructura de datos y algoritmos\">\n\t\t\t\t\t\t\t\t\t\t\t\t\t<span class=\"et_portfolio_image\">\n\t\t\t\t\t\t\t\t<img loading=\"lazy\" decoding=\"async\" src=\"https:\/\/portafoliosfit.um.edu.mx\/sarahhdz\/wp-content\/uploads\/sites\/16\/2019\/05\/1140-equifax-data-breach.imgcache.rev3dc7a123ca1d5e898a83d0f6e08945ac-400x284.jpg\" alt=\"Estructura de datos y algoritmos\" width=\"400\" height=\"284\" srcset=\"https:\/\/portafoliosfit.um.edu.mx\/sarahhdz\/wp-content\/uploads\/sites\/16\/2019\/05\/1140-equifax-data-breach.imgcache.rev3dc7a123ca1d5e898a83d0f6e08945ac.jpg 479w, https:\/\/portafoliosfit.um.edu.mx\/sarahhdz\/wp-content\/uploads\/sites\/16\/2019\/05\/1140-equifax-data-breach.imgcache.rev3dc7a123ca1d5e898a83d0f6e08945ac-400x284.jpg 480w\" sizes=\"(max-width:479px) 479px, 100vw\" \/>\t\t\t\t\t\t\t\t<span class=\"et_overlay\"><\/span>\t\t\t\t\t\t\t<\/span>\n\t\t\t\t\t\t\t\t\t\t\t<\/a>\n\t\t\t\t\t\n\t\t\t\t\t<h2 class=\"et_pb_module_header\"><a href=\"https:\/\/portafoliosfit.um.edu.mx\/sarahhdz\/project\/estructura-de-datos-y-algoritmos-iii\/\" title=\"Estructura de datos y algoritmos\">Estructura de datos y algoritmos<\/a><\/h2><p class=\"post-meta\"><a href=\"https:\/\/portafoliosfit.um.edu.mx\/sarahhdz\/project_category\/portafolio-iii\/\" title=\"Portafolio III\">Portafolio III<\/a><\/p>\n\t\t\t\t<\/div>\n\t\t\t\t\t\t\t\t<div id=\"post-1254\" class=\"post-1254 project type-project status-publish has-post-thumbnail hentry project_category-portafolio-iii et_pb_portfolio_item et_pb_portfolio_item_0_8 et_pb_grid_item\">\n\n\t\t\t\t\t\t\t\t\t\t<a href=\"https:\/\/portafoliosfit.um.edu.mx\/sarahhdz\/project\/matematicas-universitarias-calculo-diferencial-calculo-integral-ecuaciones-diferenciales-y-porbabilidad-y-estadistica-iii\/\" title=\"Matem\u00e1ticas universitarias, c\u00e1lculo diferencial, c\u00e1lculo integral, ecuaciones diferenciales y porbabilidad y estad\u00edstica\">\n\t\t\t\t\t\t\t\t\t\t\t\t\t<span class=\"et_portfolio_image\">\n\t\t\t\t\t\t\t\t<img loading=\"lazy\" decoding=\"async\" src=\"https:\/\/portafoliosfit.um.edu.mx\/sarahhdz\/wp-content\/uploads\/sites\/16\/2019\/05\/mathematics-400x284.jpg\" alt=\"Matem\u00e1ticas universitarias, c\u00e1lculo diferencial, c\u00e1lculo integral, ecuaciones diferenciales y porbabilidad y estad\u00edstica\" width=\"400\" height=\"284\" srcset=\"https:\/\/portafoliosfit.um.edu.mx\/sarahhdz\/wp-content\/uploads\/sites\/16\/2019\/05\/mathematics.jpg 479w, https:\/\/portafoliosfit.um.edu.mx\/sarahhdz\/wp-content\/uploads\/sites\/16\/2019\/05\/mathematics-400x284.jpg 480w\" sizes=\"(max-width:479px) 479px, 100vw\" \/>\t\t\t\t\t\t\t\t<span class=\"et_overlay\"><\/span>\t\t\t\t\t\t\t<\/span>\n\t\t\t\t\t\t\t\t\t\t\t<\/a>\n\t\t\t\t\t\n\t\t\t\t\t<h2 class=\"et_pb_module_header\"><a href=\"https:\/\/portafoliosfit.um.edu.mx\/sarahhdz\/project\/matematicas-universitarias-calculo-diferencial-calculo-integral-ecuaciones-diferenciales-y-porbabilidad-y-estadistica-iii\/\" title=\"Matem\u00e1ticas universitarias, c\u00e1lculo diferencial, c\u00e1lculo integral, ecuaciones diferenciales y porbabilidad y estad\u00edstica\">Matem\u00e1ticas universitarias, c\u00e1lculo diferencial, c\u00e1lculo integral, ecuaciones diferenciales y porbabilidad y estad\u00edstica<\/a><\/h2><p class=\"post-meta\"><a href=\"https:\/\/portafoliosfit.um.edu.mx\/sarahhdz\/project_category\/portafolio-iii\/\" title=\"Portafolio III\">Portafolio III<\/a><\/p>\n\t\t\t\t<\/div>\n\t\t\t\t\t\t\t\t<div id=\"post-1242\" class=\"post-1242 project type-project status-publish has-post-thumbnail hentry project_category-portafolio-iii et_pb_portfolio_item et_pb_portfolio_item_0_9 et_pb_grid_item\">\n\n\t\t\t\t\t\t\t\t\t\t<a href=\"https:\/\/portafoliosfit.um.edu.mx\/sarahhdz\/project\/programacion-orientada-a-objetos-iii\/\" title=\"Programaci\u00f3n orientada a objetos\">\n\t\t\t\t\t\t\t\t\t\t\t\t\t<span class=\"et_portfolio_image\">\n\t\t\t\t\t\t\t\t<img loading=\"lazy\" decoding=\"async\" src=\"https:\/\/portafoliosfit.um.edu.mx\/sarahhdz\/wp-content\/uploads\/sites\/16\/2019\/05\/wallpaper-programacion-400x284.jpg\" alt=\"Programaci\u00f3n orientada a objetos\" width=\"400\" height=\"284\" srcset=\"https:\/\/portafoliosfit.um.edu.mx\/sarahhdz\/wp-content\/uploads\/sites\/16\/2019\/05\/wallpaper-programacion.jpg 479w, https:\/\/portafoliosfit.um.edu.mx\/sarahhdz\/wp-content\/uploads\/sites\/16\/2019\/05\/wallpaper-programacion-400x284.jpg 480w\" sizes=\"(max-width:479px) 479px, 100vw\" \/>\t\t\t\t\t\t\t\t<span class=\"et_overlay\"><\/span>\t\t\t\t\t\t\t<\/span>\n\t\t\t\t\t\t\t\t\t\t\t<\/a>\n\t\t\t\t\t\n\t\t\t\t\t<h2 class=\"et_pb_module_header\"><a href=\"https:\/\/portafoliosfit.um.edu.mx\/sarahhdz\/project\/programacion-orientada-a-objetos-iii\/\" title=\"Programaci\u00f3n orientada a objetos\">Programaci\u00f3n orientada a objetos<\/a><\/h2><p class=\"post-meta\"><a href=\"https:\/\/portafoliosfit.um.edu.mx\/sarahhdz\/project_category\/portafolio-iii\/\" title=\"Portafolio III\">Portafolio III<\/a><\/p>\n\t\t\t\t<\/div>\n\t\t\t\t\t\t\t\t<div id=\"post-1240\" class=\"post-1240 project type-project status-publish has-post-thumbnail hentry project_category-portafolio-iii et_pb_portfolio_item et_pb_portfolio_item_0_10 et_pb_grid_item\">\n\n\t\t\t\t\t\t\t\t\t\t<a href=\"https:\/\/portafoliosfit.um.edu.mx\/sarahhdz\/project\/fundamentos-de-programacion-iii\/\" title=\"Fundamentos de programaci\u00f3n\">\n\t\t\t\t\t\t\t\t\t\t\t\t\t<span class=\"et_portfolio_image\">\n\t\t\t\t\t\t\t\t<img loading=\"lazy\" decoding=\"async\" src=\"https:\/\/portafoliosfit.um.edu.mx\/sarahhdz\/wp-content\/uploads\/sites\/16\/2019\/05\/images.jpg\" alt=\"Fundamentos de programaci\u00f3n\" width=\"400\" height=\"284\" srcset=\"https:\/\/portafoliosfit.um.edu.mx\/sarahhdz\/wp-content\/uploads\/sites\/16\/2019\/05\/images.jpg 479w, https:\/\/portafoliosfit.um.edu.mx\/sarahhdz\/wp-content\/uploads\/sites\/16\/2019\/05\/images.jpg 480w\" sizes=\"(max-width:479px) 479px, 100vw\" \/>\t\t\t\t\t\t\t\t<span class=\"et_overlay\"><\/span>\t\t\t\t\t\t\t<\/span>\n\t\t\t\t\t\t\t\t\t\t\t<\/a>\n\t\t\t\t\t\n\t\t\t\t\t<h2 class=\"et_pb_module_header\"><a href=\"https:\/\/portafoliosfit.um.edu.mx\/sarahhdz\/project\/fundamentos-de-programacion-iii\/\" title=\"Fundamentos de programaci\u00f3n\">Fundamentos de programaci\u00f3n<\/a><\/h2><p class=\"post-meta\"><a href=\"https:\/\/portafoliosfit.um.edu.mx\/sarahhdz\/project_category\/portafolio-iii\/\" title=\"Portafolio III\">Portafolio III<\/a><\/p>\n\t\t\t\t<\/div>\n\t\t\t\t\t\t\t\t<div id=\"post-1214\" class=\"post-1214 project type-project status-publish has-post-thumbnail hentry project_category-portafolio-iii et_pb_portfolio_item et_pb_portfolio_item_0_11 et_pb_grid_item\">\n\n\t\t\t\t\t\t\t\t\t\t<a href=\"https:\/\/portafoliosfit.um.edu.mx\/sarahhdz\/project\/axiologia-iii\/\" title=\"Axiolog\u00eda\">\n\t\t\t\t\t\t\t\t\t\t\t\t\t<span class=\"et_portfolio_image\">\n\t\t\t\t\t\t\t\t<img loading=\"lazy\" decoding=\"async\" src=\"https:\/\/portafoliosfit.um.edu.mx\/sarahhdz\/wp-content\/uploads\/sites\/16\/2019\/05\/pastor-biblia_0-1-400x284.jpg\" alt=\"Axiolog\u00eda\" width=\"400\" height=\"284\" srcset=\"https:\/\/portafoliosfit.um.edu.mx\/sarahhdz\/wp-content\/uploads\/sites\/16\/2019\/05\/pastor-biblia_0-1.jpg 479w, https:\/\/portafoliosfit.um.edu.mx\/sarahhdz\/wp-content\/uploads\/sites\/16\/2019\/05\/pastor-biblia_0-1-400x284.jpg 480w\" sizes=\"(max-width:479px) 479px, 100vw\" \/>\t\t\t\t\t\t\t\t<span class=\"et_overlay\"><\/span>\t\t\t\t\t\t\t<\/span>\n\t\t\t\t\t\t\t\t\t\t\t<\/a>\n\t\t\t\t\t\n\t\t\t\t\t<h2 class=\"et_pb_module_header\"><a href=\"https:\/\/portafoliosfit.um.edu.mx\/sarahhdz\/project\/axiologia-iii\/\" title=\"Axiolog\u00eda\">Axiolog\u00eda<\/a><\/h2><p class=\"post-meta\"><a href=\"https:\/\/portafoliosfit.um.edu.mx\/sarahhdz\/project_category\/portafolio-iii\/\" title=\"Portafolio III\">Portafolio III<\/a><\/p>\n\t\t\t\t<\/div>\n\t\t\t\t\t\t\t\t<div id=\"post-1188\" class=\"post-1188 project type-project status-publish has-post-thumbnail hentry project_category-portafolio-iii et_pb_portfolio_item et_pb_portfolio_item_0_12 et_pb_grid_item\">\n\n\t\t\t\t\t\t\t\t\t\t<a href=\"https:\/\/portafoliosfit.um.edu.mx\/sarahhdz\/project\/actualizacion-y-mantenimiento-de-computadoras-iii\/\" title=\"Actualizaci\u00f3n y mantenimiento de computadoras\">\n\t\t\t\t\t\t\t\t\t\t\t\t\t<span class=\"et_portfolio_image\">\n\t\t\t\t\t\t\t\t<img loading=\"lazy\" decoding=\"async\" src=\"https:\/\/portafoliosfit.um.edu.mx\/sarahhdz\/wp-content\/uploads\/sites\/16\/2019\/05\/Macbook-Pro-Retina-Motherboard-Service-Repair-Repair-Any-Computer-400x284.jpg\" alt=\"Actualizaci\u00f3n y mantenimiento de computadoras\" width=\"400\" height=\"284\" srcset=\"https:\/\/portafoliosfit.um.edu.mx\/sarahhdz\/wp-content\/uploads\/sites\/16\/2019\/05\/Macbook-Pro-Retina-Motherboard-Service-Repair-Repair-Any-Computer.jpg 479w, https:\/\/portafoliosfit.um.edu.mx\/sarahhdz\/wp-content\/uploads\/sites\/16\/2019\/05\/Macbook-Pro-Retina-Motherboard-Service-Repair-Repair-Any-Computer-400x284.jpg 480w\" sizes=\"(max-width:479px) 479px, 100vw\" \/>\t\t\t\t\t\t\t\t<span class=\"et_overlay\"><\/span>\t\t\t\t\t\t\t<\/span>\n\t\t\t\t\t\t\t\t\t\t\t<\/a>\n\t\t\t\t\t\n\t\t\t\t\t<h2 class=\"et_pb_module_header\"><a href=\"https:\/\/portafoliosfit.um.edu.mx\/sarahhdz\/project\/actualizacion-y-mantenimiento-de-computadoras-iii\/\" title=\"Actualizaci\u00f3n y mantenimiento de computadoras\">Actualizaci\u00f3n y mantenimiento de computadoras<\/a><\/h2><p class=\"post-meta\"><a href=\"https:\/\/portafoliosfit.um.edu.mx\/sarahhdz\/project_category\/portafolio-iii\/\" title=\"Portafolio III\">Portafolio III<\/a><\/p>\n\t\t\t\t<\/div>\n\t\t\t\t\n\t\t\t\t\t<\/div>\n\t\t\t\t\t\n\t\t\t\t<\/div>\n\t\t\t<\/div>\n\t\t\t<\/div>\n\t\t\t\t\n\t\t\t\t\n\t\t\t\t\n\t\t\t\t\n\t\t\t<\/div>\n\t\t\t\t\n\t\t\t\t\n\t\t\t<\/div><\/p>\n","protected":false},"excerpt":{"rendered":"","protected":false},"author":18,"featured_media":1323,"parent":0,"menu_order":5,"comment_status":"closed","ping_status":"closed","template":"","meta":{"_et_pb_use_builder":"on","_et_pb_old_content":"","_et_gb_content_width":"","footnotes":""},"class_list":["post-1178","page","type-page","status-publish","has-post-thumbnail","hentry"],"_links":{"self":[{"href":"https:\/\/portafoliosfit.um.edu.mx\/sarahhdz\/wp-json\/wp\/v2\/pages\/1178","targetHints":{"allow":["GET"]}}],"collection":[{"href":"https:\/\/portafoliosfit.um.edu.mx\/sarahhdz\/wp-json\/wp\/v2\/pages"}],"about":[{"href":"https:\/\/portafoliosfit.um.edu.mx\/sarahhdz\/wp-json\/wp\/v2\/types\/page"}],"author":[{"embeddable":true,"href":"https:\/\/portafoliosfit.um.edu.mx\/sarahhdz\/wp-json\/wp\/v2\/users\/18"}],"replies":[{"embeddable":true,"href":"https:\/\/portafoliosfit.um.edu.mx\/sarahhdz\/wp-json\/wp\/v2\/comments?post=1178"}],"version-history":[{"count":7,"href":"https:\/\/portafoliosfit.um.edu.mx\/sarahhdz\/wp-json\/wp\/v2\/pages\/1178\/revisions"}],"predecessor-version":[{"id":1434,"href":"https:\/\/portafoliosfit.um.edu.mx\/sarahhdz\/wp-json\/wp\/v2\/pages\/1178\/revisions\/1434"}],"wp:featuredmedia":[{"embeddable":true,"href":"https:\/\/portafoliosfit.um.edu.mx\/sarahhdz\/wp-json\/wp\/v2\/media\/1323"}],"wp:attachment":[{"href":"https:\/\/portafoliosfit.um.edu.mx\/sarahhdz\/wp-json\/wp\/v2\/media?parent=1178"}],"curies":[{"name":"wp","href":"https:\/\/api.w.org\/{rel}","templated":true}]}}