{"id":378,"date":"2020-05-13T11:36:07","date_gmt":"2020-05-13T17:36:07","guid":{"rendered":"http:\/\/portafoliosfit.um.edu.mx\/ludjysylnice\/?page_id=378"},"modified":"2020-05-17T14:22:49","modified_gmt":"2020-05-17T20:22:49","slug":"interaccion-hombre-maquina","status":"publish","type":"page","link":"https:\/\/portafoliosfit.um.edu.mx\/ludjysylnice\/interaccion-hombre-maquina\/","title":{"rendered":"Interacci\u00f3n hombre-m\u00e1quina"},"content":{"rendered":"<div class=\"wpb-content-wrapper\"><p>[vc_row][vc_column][vc_hoverbox image=&#8221;112&#8243; primary_title=&#8221;\u00bfQu\u00e9 es la IPO?&#8221; primary_title_font_container=&#8221;color:%23ffffff&#8221; primary_title_google_fonts=&#8221;font_family:Glegoo%3Aregular|font_style:400%20regular%3A400%3Anormal&#8221; hover_title=&#8221;&#8221; hover_background_color=&#8221;black&#8221; use_custom_fonts_primary_title=&#8221;true&#8221;]<span style=\"color: #ffffff\">Es la disciplina relacionada con el dise\u00f1o, evaluaci\u00f3n y implementaci\u00f3n de sistemas inform\u00e1ticos interactivos para el uso de seres humanos, y con el estudio de los fen\u00f3menos m\u00e1s importantes con los que est\u00e1 relacionado. <\/span>[\/vc_hoverbox][\/vc_column][\/vc_row][vc_row][vc_column][vc_empty_space][\/vc_column][\/vc_row][vc_row][vc_column][vc_separator style=&#8221;dotted&#8221; border_width=&#8221;9&#8243;][\/vc_column][\/vc_row][vc_row][vc_column][vc_empty_space height=&#8221;64px&#8221;][\/vc_column][\/vc_row][vc_row][vc_column][vc_column_text]<\/p>\n<h3>En esta clase, aprendimos de:<\/h3>\n<p>[\/vc_column_text][vc_tta_tabs style=&#8221;modern&#8221; shape=&#8221;round&#8221; active_section=&#8221;1&#8243;][vc_tta_section tab_id=&#8221;1556401067154-470bc507-cc62&#8243;][vc_row_inner][vc_column_inner width=&#8221;1\/2&#8243;][vc_column_text]La historia de la IPO[\/vc_column_text][\/vc_column_inner][vc_column_inner width=&#8221;1\/2&#8243;][vc_single_image image=&#8221;397&#8243; img_size=&#8221;large&#8221; onclick=&#8221;zoom&#8221;][\/vc_column_inner][\/vc_row_inner][\/vc_tta_section][vc_tta_section tab_id=&#8221;1556401067167-16a10ca2-267f&#8221;][vc_row_inner][vc_column_inner width=&#8221;1\/2&#8243;][vc_column_text]Modelos mentales[\/vc_column_text][vc_column_text]Mecanismo del pensamiento mediante el cual un ser humano, u otro animal, intenta explicar c\u00f3mo funciona el mundo real. Es un tipo de s\u00edmbolo interno o representaci\u00f3n de la realidad externa, hipot\u00e9tica, que juega un papel importante en la cognici\u00f3n.[\/vc_column_text][\/vc_column_inner][vc_column_inner width=&#8221;1\/2&#8243;][vc_column_text][pdf-embedder url=&#8221;http:\/\/portafoliosfit.um.edu.mx\/ludjysylnice\/wp-content\/uploads\/sites\/41\/2020\/05\/modelos-mentales.pdf&#8221; width=&#8221;400&#8243;][\/vc_column_text][\/vc_column_inner][\/vc_row_inner][\/vc_tta_section][vc_tta_section tab_id=&#8221;1589744901945-a1580422-0300&#8243;][vc_row_inner][vc_column_inner width=&#8221;1\/2&#8243;][vc_column_text]Evaluaci\u00f3n Heur\u00edstica[\/vc_column_text][vc_column_text]Es un m\u00e9todo de inspecci\u00f3n de la usabilidad sin usuarios. Este, consiste en examinar la calidad de uso de una interfaz por parte de varios\u00a0evaluadores expertos, a partir del cumplimiento de unos principios reconocidos de usabilidad:\u00a0los heur\u00edsticos.[\/vc_column_text][\/vc_column_inner][vc_column_inner width=&#8221;1\/2&#8243;][vc_column_text][pdf-embedder url=&#8221;http:\/\/portafoliosfit.um.edu.mx\/ludjysylnice\/wp-content\/uploads\/sites\/41\/2020\/05\/sistema-financiero.pdf&#8221; width=&#8221;400&#8243;][\/vc_column_text][\/vc_column_inner][\/vc_row_inner][\/vc_tta_section][\/vc_tta_tabs][\/vc_column][\/vc_row][vc_row][vc_column][vc_empty_space][\/vc_column][\/vc_row][vc_row][vc_column css_animation=&#8221;slideInLeft&#8221;][vc_separator style=&#8221;shadow&#8221; border_width=&#8221;8&#8243;][\/vc_column][\/vc_row][vc_row][vc_column css_animation=&#8221;slideInRight&#8221;][vc_column_text]<strong>Reflexi\u00f3n:<\/strong><\/p>\n<p>Pude profundizar mis conocimientos sobre la ingenier\u00eda de la interfaz. Reconocer los principios y la importancia de la interacci\u00f3n persona \u2013 ordenador. Conocer y aplicar los diferentes m\u00e9todos de evaluaci\u00f3n en la IPO. Y familiarizarme con los principios, m\u00e9todos y herramientas del dise\u00f1o de la interfaz.[\/vc_column_text][\/vc_column][\/vc_row]<\/p>\n<\/div>","protected":false},"excerpt":{"rendered":"<p>[vc_row][vc_column][vc_hoverbox image=&#8221;112&#8243; primary_title=&#8221;\u00bfQu\u00e9 es la IPO?&#8221; primary_title_font_container=&#8221;color:%23ffffff&#8221; primary_title_google_fonts=&#8221;font_family:Glegoo%3Aregular|font_style:400%20regular%3A400%3Anormal&#8221; hover_title=&#8221;&#8221; hover_background_color=&#8221;black&#8221; use_custom_fonts_primary_title=&#8221;true&#8221;]Es la disciplina relacionada con el dise\u00f1o, evaluaci\u00f3n y implementaci\u00f3n de sistemas inform\u00e1ticos interactivos para el uso de seres humanos, y con el estudio de los fen\u00f3menos m\u00e1s importantes con los que est\u00e1 relacionado. [\/vc_hoverbox][\/vc_column][\/vc_row][vc_row][vc_column][vc_empty_space][\/vc_column][\/vc_row][vc_row][vc_column][vc_separator style=&#8221;dotted&#8221; border_width=&#8221;9&#8243;][\/vc_column][\/vc_row][vc_row][vc_column][vc_empty_space height=&#8221;64px&#8221;][\/vc_column][\/vc_row][vc_row][vc_column][vc_column_text] En esta clase, aprendimos de: [\/vc_column_text][vc_tta_tabs style=&#8221;modern&#8221;&hellip; <br \/> <a class=\"button small blue\" href=\"https:\/\/portafoliosfit.um.edu.mx\/ludjysylnice\/interaccion-hombre-maquina\/\">Read more<\/a><\/p>\n","protected":false},"author":43,"featured_media":0,"parent":0,"menu_order":0,"comment_status":"closed","ping_status":"closed","template":"","meta":{"footnotes":""},"class_list":["post-378","page","type-page","status-publish","hentry"],"_links":{"self":[{"href":"https:\/\/portafoliosfit.um.edu.mx\/ludjysylnice\/wp-json\/wp\/v2\/pages\/378","targetHints":{"allow":["GET"]}}],"collection":[{"href":"https:\/\/portafoliosfit.um.edu.mx\/ludjysylnice\/wp-json\/wp\/v2\/pages"}],"about":[{"href":"https:\/\/portafoliosfit.um.edu.mx\/ludjysylnice\/wp-json\/wp\/v2\/types\/page"}],"author":[{"embeddable":true,"href":"https:\/\/portafoliosfit.um.edu.mx\/ludjysylnice\/wp-json\/wp\/v2\/users\/43"}],"replies":[{"embeddable":true,"href":"https:\/\/portafoliosfit.um.edu.mx\/ludjysylnice\/wp-json\/wp\/v2\/comments?post=378"}],"version-history":[{"count":6,"href":"https:\/\/portafoliosfit.um.edu.mx\/ludjysylnice\/wp-json\/wp\/v2\/pages\/378\/revisions"}],"predecessor-version":[{"id":422,"href":"https:\/\/portafoliosfit.um.edu.mx\/ludjysylnice\/wp-json\/wp\/v2\/pages\/378\/revisions\/422"}],"wp:attachment":[{"href":"https:\/\/portafoliosfit.um.edu.mx\/ludjysylnice\/wp-json\/wp\/v2\/media?parent=378"}],"curies":[{"name":"wp","href":"https:\/\/api.w.org\/{rel}","templated":true}]}}