{"id":87,"date":"2021-04-13T21:54:28","date_gmt":"2021-04-13T21:54:28","guid":{"rendered":"http:\/\/portafoliosfit.um.edu.mx\/erickacuna\/?page_id=87"},"modified":"2021-04-16T19:15:44","modified_gmt":"2021-04-16T19:15:44","slug":"cosmovision","status":"publish","type":"page","link":"https:\/\/portafoliosfit.um.edu.mx\/erickacuna\/cosmovision\/","title":{"rendered":"Cosmovisi\u00f3n"},"content":{"rendered":"\t\t<div data-elementor-type=\"wp-page\" data-elementor-id=\"87\" class=\"elementor elementor-87\">\n\t\t\t\t\t\t<header class=\"elementor-section elementor-top-section elementor-element elementor-element-48b96ae7 elementor-section-content-top elementor-reverse-tablet elementor-reverse-mobile elementor-section-height-min-height elementor-section-items-stretch elementor-section-boxed elementor-section-height-default\" data-id=\"48b96ae7\" data-element_type=\"section\" data-e-type=\"section\" data-settings=\"{&quot;background_background&quot;:&quot;classic&quot;}\">\n\t\t\t\t\t\t<div class=\"elementor-container elementor-column-gap-default\">\n\t\t\t\t\t<div class=\"elementor-column elementor-col-100 elementor-top-column elementor-element elementor-element-77d160fe\" data-id=\"77d160fe\" data-element_type=\"column\" data-e-type=\"column\">\n\t\t\t<div class=\"elementor-widget-wrap elementor-element-populated\">\n\t\t\t\t\t\t<div class=\"elementor-element elementor-element-425ee26 elementor-widget elementor-widget-heading\" data-id=\"425ee26\" data-element_type=\"widget\" data-e-type=\"widget\" data-widget_type=\"heading.default\">\n\t\t\t\t<div class=\"elementor-widget-container\">\n\t\t\t\t\t<h1 class=\"elementor-heading-title elementor-size-default\">- Cosmovisi\u00f3n -<\/h1>\t\t\t\t<\/div>\n\t\t\t\t<\/div>\n\t\t\t\t\t<\/div>\n\t\t<\/div>\n\t\t\t\t\t<\/div>\n\t\t<\/header>\n\t\t\t\t<section class=\"elementor-section elementor-top-section elementor-element elementor-element-57d9795e elementor-section-boxed elementor-section-height-default elementor-section-height-default\" data-id=\"57d9795e\" data-element_type=\"section\" data-e-type=\"section\" data-settings=\"{&quot;background_background&quot;:&quot;classic&quot;,&quot;shape_divider_bottom&quot;:&quot;triangle-asymmetrical&quot;,&quot;shape_divider_bottom_negative&quot;:&quot;yes&quot;}\">\n\t\t\t\t\t<div class=\"elementor-shape elementor-shape-bottom\" aria-hidden=\"true\" data-negative=\"true\">\n\t\t\t<svg xmlns=\"http:\/\/www.w3.org\/2000\/svg\" viewBox=\"0 0 1000 100\" preserveAspectRatio=\"none\">\n\t<path class=\"elementor-shape-fill\" d=\"M737.9,94.7L0,0v100h1000V0L737.9,94.7z\"\/>\n<\/svg>\t\t<\/div>\n\t\t\t\t\t<div class=\"elementor-container elementor-column-gap-default\">\n\t\t\t\t\t<div class=\"elementor-column elementor-col-50 elementor-top-column elementor-element elementor-element-64b6182c\" data-id=\"64b6182c\" data-element_type=\"column\" data-e-type=\"column\">\n\t\t\t<div class=\"elementor-widget-wrap elementor-element-populated\">\n\t\t\t\t\t\t<div class=\"elementor-element elementor-element-727e0277 elementor-widget elementor-widget-image\" data-id=\"727e0277\" data-element_type=\"widget\" data-e-type=\"widget\" data-widget_type=\"image.default\">\n\t\t\t\t<div class=\"elementor-widget-container\">\n\t\t\t\t\t\t\t\t\t\t\t\t\t\t\t<img fetchpriority=\"high\" decoding=\"async\" width=\"577\" height=\"1024\" src=\"https:\/\/portafoliosfit.um.edu.mx\/erickacuna\/wp-content\/uploads\/sites\/131\/2021\/04\/F42A0D52-C844-4FD9-B632-FA1B0BEC2966.jpg\" class=\"attachment-large size-large wp-image-195\" alt=\"\" \/>\t\t\t\t\t\t\t\t\t\t\t\t\t\t\t<\/div>\n\t\t\t\t<\/div>\n\t\t\t\t\t<\/div>\n\t\t<\/div>\n\t\t\t\t<div class=\"elementor-column elementor-col-50 elementor-top-column elementor-element elementor-element-31e5bcd5\" data-id=\"31e5bcd5\" data-element_type=\"column\" data-e-type=\"column\">\n\t\t\t<div class=\"elementor-widget-wrap elementor-element-populated\">\n\t\t\t\t\t\t<div class=\"elementor-element elementor-element-1b089a8a elementor-widget elementor-widget-heading\" data-id=\"1b089a8a\" data-element_type=\"widget\" data-e-type=\"widget\" data-widget_type=\"heading.default\">\n\t\t\t\t<div class=\"elementor-widget-container\">\n\t\t\t\t\t<h2 class=\"elementor-heading-title elementor-size-default\">Mi Cosmovisi\u00f3n<\/h2>\t\t\t\t<\/div>\n\t\t\t\t<\/div>\n\t\t\t\t<div class=\"elementor-element elementor-element-6c977e49 elementor-widget-divider--view-line elementor-widget elementor-widget-divider\" data-id=\"6c977e49\" data-element_type=\"widget\" data-e-type=\"widget\" data-widget_type=\"divider.default\">\n\t\t\t\t<div class=\"elementor-widget-container\">\n\t\t\t\t\t\t\t<div class=\"elementor-divider\">\n\t\t\t<span class=\"elementor-divider-separator\">\n\t\t\t\t\t\t<\/span>\n\t\t<\/div>\n\t\t\t\t\t\t<\/div>\n\t\t\t\t<\/div>\n\t\t\t\t<section class=\"elementor-section elementor-inner-section elementor-element elementor-element-1f51a78c elementor-section-boxed elementor-section-height-default elementor-section-height-default\" data-id=\"1f51a78c\" data-element_type=\"section\" data-e-type=\"section\">\n\t\t\t\t\t\t<div class=\"elementor-container elementor-column-gap-default\">\n\t\t\t\t\t<div class=\"elementor-column elementor-col-50 elementor-inner-column elementor-element elementor-element-126fb68b\" data-id=\"126fb68b\" data-element_type=\"column\" data-e-type=\"column\">\n\t\t\t<div class=\"elementor-widget-wrap elementor-element-populated\">\n\t\t\t\t\t\t<div class=\"elementor-element elementor-element-813b1fd elementor-view-default elementor-widget elementor-widget-icon\" data-id=\"813b1fd\" data-element_type=\"widget\" data-e-type=\"widget\" data-widget_type=\"icon.default\">\n\t\t\t\t<div class=\"elementor-widget-container\">\n\t\t\t\t\t\t\t<div class=\"elementor-icon-wrapper\">\n\t\t\t<div class=\"elementor-icon\">\n\t\t\t\t\t\t\t<i class=\"fa fa-quote-left\" aria-hidden=\"true\"><\/i>\n\t\t\t\t\t\t<\/div>\n\t\t<\/div>\n\t\t\t\t\t\t<\/div>\n\t\t\t\t<\/div>\n\t\t\t\t\t<\/div>\n\t\t<\/div>\n\t\t\t\t<div class=\"elementor-column elementor-col-50 elementor-inner-column elementor-element elementor-element-7f60b5ed\" data-id=\"7f60b5ed\" data-element_type=\"column\" data-e-type=\"column\">\n\t\t\t<div class=\"elementor-widget-wrap elementor-element-populated\">\n\t\t\t\t\t\t<div class=\"elementor-element elementor-element-486d9aca elementor-widget elementor-widget-testimonial\" data-id=\"486d9aca\" data-element_type=\"widget\" data-e-type=\"widget\" data-widget_type=\"testimonial.default\">\n\t\t\t\t<div class=\"elementor-widget-container\">\n\t\t\t\t\t\t\t<div class=\"elementor-testimonial-wrapper\">\n\t\t\t\t\t\t\t<div class=\"elementor-testimonial-content\">Tengo la certeza de que Dios es mi creador, esto ha sido inculcado en mi vida desde peque\u00f1o y ahora se que es as\u00ed, yo soy lo que decida ser y con esfuerzo y dedicaci\u00f3n ser\u00e9 un ejemplo para el mundo del amor de Dios. Dios me cre\u00f3 porque tiene un prop\u00f3sito en mi vida y para servirle y alcanzar a mas almas para su venida. El pecado a distorsionado las mentes de las personas y cambiado el prop\u00f3sito que Dios tiene para nosotros, esta guerra es una guerra que debemos luchar diariamente y consagrados a Dios y con su ayuda salir victoriosos. Dios quiere que estemos todos con \u00c9l en el cielo, Dios desea que todos podamos vivir en armon\u00eda y en paz con \u00c9l en el cielo y seguir gozando de su gracia y amor. Todo esto debe estar orientado por medio de mis principios y creencias que se desarrollan por la constante comuni\u00f3n con Dios, la cercan\u00eda que tenemos para con \u00c9l y la lectura de su palabra.<\/div>\n\t\t\t\n\t\t\t\t\t<\/div>\n\t\t\t\t\t\t<\/div>\n\t\t\t\t<\/div>\n\t\t\t\t\t<\/div>\n\t\t<\/div>\n\t\t\t\t\t<\/div>\n\t\t<\/section>\n\t\t\t\t\t<\/div>\n\t\t<\/div>\n\t\t\t\t\t<\/div>\n\t\t<\/section>\n\t\t\t\t<section class=\"elementor-section elementor-top-section elementor-element elementor-element-20dd29f4 elementor-section-boxed elementor-section-height-default elementor-section-height-default\" data-id=\"20dd29f4\" data-element_type=\"section\" data-e-type=\"section\" data-settings=\"{&quot;background_background&quot;:&quot;classic&quot;}\">\n\t\t\t\t\t\t<div class=\"elementor-container elementor-column-gap-default\">\n\t\t\t\t\t<div class=\"elementor-column elementor-col-50 elementor-top-column elementor-element elementor-element-72506735\" data-id=\"72506735\" data-element_type=\"column\" data-e-type=\"column\">\n\t\t\t<div class=\"elementor-widget-wrap elementor-element-populated\">\n\t\t\t\t\t\t<div class=\"elementor-element elementor-element-47ddb7fe gallery-col-3 gallery-col elementor-widget elementor-widget-image\" data-id=\"47ddb7fe\" data-element_type=\"widget\" data-e-type=\"widget\" data-widget_type=\"image.default\">\n\t\t\t\t<div class=\"elementor-widget-container\">\n\t\t\t\t\t\t\t\t\t\t\t\t\t\t\t\t<a href=\"http:\/\/portafoliosfit.um.edu.mx\/erickacuna\/wp-content\/uploads\/sites\/131\/2021\/04\/Diapositiva1-12.jpeg\" data-elementor-open-lightbox=\"yes\" data-elementor-lightbox-title=\"Diapositiva1-12\" data-e-action-hash=\"#elementor-action%3Aaction%3Dlightbox%26settings%3DeyJpZCI6IjI2OSIsInVybCI6Imh0dHBzOlwvXC9wb3J0YWZvbGlvc2ZpdC51bS5lZHUubXhcL2VyaWNrYWN1bmFcL3dwLWNvbnRlbnRcL3VwbG9hZHNcL3NpdGVzXC8xMzFcLzIwMjFcLzA0XC9EaWFwb3NpdGl2YTEtMTIuanBlZyJ9\">\n\t\t\t\t\t\t\t<img decoding=\"async\" width=\"1024\" height=\"576\" src=\"https:\/\/portafoliosfit.um.edu.mx\/erickacuna\/wp-content\/uploads\/sites\/131\/2021\/04\/Diapositiva1-12.jpeg\" class=\"attachment-large size-large wp-image-269\" alt=\"\" \/>\t\t\t\t\t\t\t\t<\/a>\n\t\t\t\t\t\t\t\t\t\t\t\t\t\t\t<\/div>\n\t\t\t\t<\/div>\n\t\t\t\t<div class=\"elementor-element elementor-element-553e5bdc elementor-widget elementor-widget-heading\" data-id=\"553e5bdc\" data-element_type=\"widget\" data-e-type=\"widget\" data-widget_type=\"heading.default\">\n\t\t\t\t<div class=\"elementor-widget-container\">\n\t\t\t\t\t<h3 class=\"elementor-heading-title elementor-size-default\"><a href=\"#\">Misi\u00f3n<\/a><\/h3>\t\t\t\t<\/div>\n\t\t\t\t<\/div>\n\t\t\t\t<div class=\"elementor-element elementor-element-5b780990 elementor-widget elementor-widget-text-editor\" data-id=\"5b780990\" data-element_type=\"widget\" data-e-type=\"widget\" data-widget_type=\"text-editor.default\">\n\t\t\t\t<div class=\"elementor-widget-container\">\n\t\t\t\t\t\t\t\t\t<p class=\"font_8\"><span><span class=\"color_11\">Tener una vida en la que Dios este presente y poder estar activo en mi llamado para con Dios.<\/span><\/span><\/p>\n<p class=\"font_8\"><span><span class=\"color_11\">Ayudar a personas con mi profesi\u00f3n y de esta manera poder dar el mensaje de Dios a otros.<\/span><\/span><\/p>\t\t\t\t\t\t\t\t<\/div>\n\t\t\t\t<\/div>\n\t\t\t\t<div class=\"elementor-element elementor-element-5c76afe elementor-widget-divider--view-line elementor-widget elementor-widget-divider\" data-id=\"5c76afe\" data-element_type=\"widget\" data-e-type=\"widget\" data-widget_type=\"divider.default\">\n\t\t\t\t<div class=\"elementor-widget-container\">\n\t\t\t\t\t\t\t<div class=\"elementor-divider\">\n\t\t\t<span class=\"elementor-divider-separator\">\n\t\t\t\t\t\t<\/span>\n\t\t<\/div>\n\t\t\t\t\t\t<\/div>\n\t\t\t\t<\/div>\n\t\t\t\t\t<\/div>\n\t\t<\/div>\n\t\t\t\t<div class=\"elementor-column elementor-col-50 elementor-top-column elementor-element elementor-element-1be82208\" data-id=\"1be82208\" data-element_type=\"column\" data-e-type=\"column\">\n\t\t\t<div class=\"elementor-widget-wrap elementor-element-populated\">\n\t\t\t\t\t\t<div class=\"elementor-element elementor-element-6e6d0267 gallery-col-3 gallery-col elementor-widget elementor-widget-image\" data-id=\"6e6d0267\" data-element_type=\"widget\" data-e-type=\"widget\" data-widget_type=\"image.default\">\n\t\t\t\t<div class=\"elementor-widget-container\">\n\t\t\t\t\t\t\t\t\t\t\t\t\t\t\t\t<a href=\"http:\/\/portafoliosfit.um.edu.mx\/erickacuna\/wp-content\/uploads\/sites\/131\/2021\/04\/vision-compartida.jpeg\" data-elementor-open-lightbox=\"yes\" data-elementor-lightbox-title=\"vision-compartida\" data-e-action-hash=\"#elementor-action%3Aaction%3Dlightbox%26settings%3DeyJpZCI6IjI3MCIsInVybCI6Imh0dHBzOlwvXC9wb3J0YWZvbGlvc2ZpdC51bS5lZHUubXhcL2VyaWNrYWN1bmFcL3dwLWNvbnRlbnRcL3VwbG9hZHNcL3NpdGVzXC8xMzFcLzIwMjFcLzA0XC92aXNpb24tY29tcGFydGlkYS5qcGVnIn0%3D\">\n\t\t\t\t\t\t\t<img decoding=\"async\" width=\"1024\" height=\"603\" src=\"https:\/\/portafoliosfit.um.edu.mx\/erickacuna\/wp-content\/uploads\/sites\/131\/2021\/04\/vision-compartida.jpeg\" class=\"attachment-large size-large wp-image-270\" alt=\"\" \/>\t\t\t\t\t\t\t\t<\/a>\n\t\t\t\t\t\t\t\t\t\t\t\t\t\t\t<\/div>\n\t\t\t\t<\/div>\n\t\t\t\t<div class=\"elementor-element elementor-element-5b086e elementor-widget elementor-widget-heading\" data-id=\"5b086e\" data-element_type=\"widget\" data-e-type=\"widget\" data-widget_type=\"heading.default\">\n\t\t\t\t<div class=\"elementor-widget-container\">\n\t\t\t\t\t<h3 class=\"elementor-heading-title elementor-size-default\"><a href=\"#\">Visi\u00f3n<\/a><\/h3>\t\t\t\t<\/div>\n\t\t\t\t<\/div>\n\t\t\t\t<div class=\"elementor-element elementor-element-42101d0f elementor-widget elementor-widget-text-editor\" data-id=\"42101d0f\" data-element_type=\"widget\" data-e-type=\"widget\" data-widget_type=\"text-editor.default\">\n\t\t\t\t<div class=\"elementor-widget-container\">\n\t\t\t\t\t\t\t\t\t<div id=\"comp-jvxyyub1\" class=\"_1Z_nJ\" data-testid=\"richTextElement\"><p class=\"font_8\"><span><span class=\"color_11\">En un futuro estar\u00e9 ejerciendo como un profesional, con la ayuda de Dios, espero ser una persona cuyo prop\u00f3sito en la vida sea cumplir con el llamado de Dios que tiene para m\u00ed, lo que haga sea para bien y poder servir con voluntad y con valent\u00eda a las personas que m\u00e1s necesitan del conocimiento de Dios, y como consecuencia estar alegre.<\/span><\/span><\/p><\/div>\t\t\t\t\t\t\t\t<\/div>\n\t\t\t\t<\/div>\n\t\t\t\t<div class=\"elementor-element elementor-element-43806960 elementor-widget-divider--view-line elementor-widget elementor-widget-divider\" data-id=\"43806960\" data-element_type=\"widget\" data-e-type=\"widget\" data-widget_type=\"divider.default\">\n\t\t\t\t<div class=\"elementor-widget-container\">\n\t\t\t\t\t\t\t<div class=\"elementor-divider\">\n\t\t\t<span class=\"elementor-divider-separator\">\n\t\t\t\t\t\t<\/span>\n\t\t<\/div>\n\t\t\t\t\t\t<\/div>\n\t\t\t\t<\/div>\n\t\t\t\t\t<\/div>\n\t\t<\/div>\n\t\t\t\t\t<\/div>\n\t\t<\/section>\n\t\t\t\t<\/div>\n\t\t","protected":false},"excerpt":{"rendered":"<p>&#8211; Cosmovisi\u00f3n &#8211; Mi Cosmovisi\u00f3n Tengo la certeza de que Dios es mi creador, esto ha sido inculcado en mi vida desde peque\u00f1o y ahora se que es as\u00ed, yo soy lo que decida ser y con esfuerzo y dedicaci\u00f3n ser\u00e9 un ejemplo para el mundo del amor de Dios. Dios me cre\u00f3 porque tiene [&hellip;]<\/p>\n","protected":false},"author":131,"featured_media":0,"parent":0,"menu_order":0,"comment_status":"closed","ping_status":"closed","template":"","meta":{"site-sidebar-layout":"no-sidebar","site-content-layout":"page-builder","ast-site-content-layout":"default","site-content-style":"default","site-sidebar-style":"default","ast-global-header-display":"","ast-banner-title-visibility":"","ast-main-header-display":"","ast-hfb-above-header-display":"","ast-hfb-below-header-display":"","ast-hfb-mobile-header-display":"","site-post-title":"disabled","ast-breadcrumbs-content":"","ast-featured-img":"disabled","footer-sml-layout":"","ast-disable-related-posts":"","theme-transparent-header-meta":"","adv-header-id-meta":"","stick-header-meta":"","header-above-stick-meta":"","header-main-stick-meta":"","header-below-stick-meta":"","astra-migrate-meta-layouts":"default","ast-page-background-enabled":"default","ast-page-background-meta":{"desktop":{"background-color":"","background-image":"","background-repeat":"repeat","background-position":"center center","background-size":"auto","background-attachment":"scroll","background-type":"","background-media":"","overlay-type":"","overlay-color":"","overlay-opacity":"","overlay-gradient":""},"tablet":{"background-color":"","background-image":"","background-repeat":"repeat","background-position":"center center","background-size":"auto","background-attachment":"scroll","background-type":"","background-media":"","overlay-type":"","overlay-color":"","overlay-opacity":"","overlay-gradient":""},"mobile":{"background-color":"","background-image":"","background-repeat":"repeat","background-position":"center center","background-size":"auto","background-attachment":"scroll","background-type":"","background-media":"","overlay-type":"","overlay-color":"","overlay-opacity":"","overlay-gradient":""}},"ast-content-background-meta":{"desktop":{"background-color":"var(--ast-global-color-5)","background-image":"","background-repeat":"repeat","background-position":"center center","background-size":"auto","background-attachment":"scroll","background-type":"","background-media":"","overlay-type":"","overlay-color":"","overlay-opacity":"","overlay-gradient":""},"tablet":{"background-color":"var(--ast-global-color-5)","background-image":"","background-repeat":"repeat","background-position":"center center","background-size":"auto","background-attachment":"scroll","background-type":"","background-media":"","overlay-type":"","overlay-color":"","overlay-opacity":"","overlay-gradient":""},"mobile":{"background-color":"var(--ast-global-color-5)","background-image":"","background-repeat":"repeat","background-position":"center center","background-size":"auto","background-attachment":"scroll","background-type":"","background-media":"","overlay-type":"","overlay-color":"","overlay-opacity":"","overlay-gradient":""}},"footnotes":""},"class_list":["post-87","page","type-page","status-publish","hentry"],"_links":{"self":[{"href":"https:\/\/portafoliosfit.um.edu.mx\/erickacuna\/wp-json\/wp\/v2\/pages\/87","targetHints":{"allow":["GET"]}}],"collection":[{"href":"https:\/\/portafoliosfit.um.edu.mx\/erickacuna\/wp-json\/wp\/v2\/pages"}],"about":[{"href":"https:\/\/portafoliosfit.um.edu.mx\/erickacuna\/wp-json\/wp\/v2\/types\/page"}],"author":[{"embeddable":true,"href":"https:\/\/portafoliosfit.um.edu.mx\/erickacuna\/wp-json\/wp\/v2\/users\/131"}],"replies":[{"embeddable":true,"href":"https:\/\/portafoliosfit.um.edu.mx\/erickacuna\/wp-json\/wp\/v2\/comments?post=87"}],"version-history":[{"count":18,"href":"https:\/\/portafoliosfit.um.edu.mx\/erickacuna\/wp-json\/wp\/v2\/pages\/87\/revisions"}],"predecessor-version":[{"id":273,"href":"https:\/\/portafoliosfit.um.edu.mx\/erickacuna\/wp-json\/wp\/v2\/pages\/87\/revisions\/273"}],"wp:attachment":[{"href":"https:\/\/portafoliosfit.um.edu.mx\/erickacuna\/wp-json\/wp\/v2\/media?parent=87"}],"curies":[{"name":"wp","href":"https:\/\/api.w.org\/{rel}","templated":true}]}}