{"id":285,"date":"2021-04-18T00:31:47","date_gmt":"2021-04-18T00:31:47","guid":{"rendered":"http:\/\/portafoliosfit.um.edu.mx\/erickacuna\/?page_id=285"},"modified":"2021-04-21T00:16:20","modified_gmt":"2021-04-21T00:16:20","slug":"cosmovision-2","status":"publish","type":"page","link":"https:\/\/portafoliosfit.um.edu.mx\/erickacuna\/cosmovision-2\/","title":{"rendered":"Cosmovisi\u00f3n"},"content":{"rendered":"\t\t<div data-elementor-type=\"wp-page\" data-elementor-id=\"285\" class=\"elementor elementor-285\">\n\t\t\t\t\t\t<header class=\"elementor-section elementor-top-section elementor-element elementor-element-55ca390 elementor-section-height-min-height elementor-section-items-stretch elementor-reverse-mobile elementor-section-content-top elementor-section-boxed elementor-section-height-default\" data-id=\"55ca390\" data-element_type=\"section\" data-e-type=\"section\" data-settings=\"{&quot;background_background&quot;:&quot;classic&quot;}\">\n\t\t\t\t\t\t<div class=\"elementor-container elementor-column-gap-default\">\n\t\t\t\t\t<div class=\"elementor-column elementor-col-100 elementor-top-column elementor-element elementor-element-25f0ca96\" data-id=\"25f0ca96\" data-element_type=\"column\" data-e-type=\"column\">\n\t\t\t<div class=\"elementor-widget-wrap elementor-element-populated\">\n\t\t\t\t\t\t<div class=\"elementor-element elementor-element-4ed08787 elementor-widget elementor-widget-heading\" data-id=\"4ed08787\" data-element_type=\"widget\" data-e-type=\"widget\" data-widget_type=\"heading.default\">\n\t\t\t\t<div class=\"elementor-widget-container\">\n\t\t\t\t\t<h2 class=\"elementor-heading-title elementor-size-default\">Cosmovisi\u00f3n<\/h2>\t\t\t\t<\/div>\n\t\t\t\t<\/div>\n\t\t\t\t<div class=\"elementor-element elementor-element-5a1a8f6e elementor-widget-divider--view-line elementor-widget elementor-widget-divider\" data-id=\"5a1a8f6e\" data-element_type=\"widget\" data-e-type=\"widget\" data-widget_type=\"divider.default\">\n\t\t\t\t<div class=\"elementor-widget-container\">\n\t\t\t\t\t\t\t<div class=\"elementor-divider\">\n\t\t\t<span class=\"elementor-divider-separator\">\n\t\t\t\t\t\t<\/span>\n\t\t<\/div>\n\t\t\t\t\t\t<\/div>\n\t\t\t\t<\/div>\n\t\t\t\t<div class=\"elementor-element elementor-element-5c23b66d elementor-widget elementor-widget-text-editor\" data-id=\"5c23b66d\" data-element_type=\"widget\" data-e-type=\"widget\" data-widget_type=\"text-editor.default\">\n\t\t\t\t<div class=\"elementor-widget-container\">\n\t\t\t\t\t\t\t\t\t<p>Toma decisiones sabias basadas\u00a0 en los principios de la Santa Biblia.<\/p>\t\t\t\t\t\t\t\t<\/div>\n\t\t\t\t<\/div>\n\t\t\t\t\t<\/div>\n\t\t<\/div>\n\t\t\t\t<div class=\"elementor-column elementor-col-100 elementor-top-column elementor-element elementor-element-596f7288\" data-id=\"596f7288\" data-element_type=\"column\" data-e-type=\"column\">\n\t\t\t<div class=\"elementor-widget-wrap elementor-element-populated\">\n\t\t\t\t\t\t\t<\/div>\n\t\t<\/div>\n\t\t\t\t\t<\/div>\n\t\t<\/header>\n\t\t\t\t<section class=\"elementor-section elementor-top-section elementor-element elementor-element-6e30a59a elementor-section-stretched elementor-section-boxed elementor-section-height-default elementor-section-height-default\" data-id=\"6e30a59a\" data-element_type=\"section\" data-e-type=\"section\" data-settings=\"{&quot;stretch_section&quot;:&quot;section-stretched&quot;,&quot;background_background&quot;:&quot;classic&quot;}\">\n\t\t\t\t\t\t<div class=\"elementor-container elementor-column-gap-default\">\n\t\t\t\t\t<div class=\"elementor-column elementor-col-50 elementor-top-column elementor-element elementor-element-38ea0119\" data-id=\"38ea0119\" data-element_type=\"column\" data-e-type=\"column\" data-settings=\"{&quot;background_background&quot;:&quot;classic&quot;}\">\n\t\t\t<div class=\"elementor-widget-wrap elementor-element-populated\">\n\t\t\t\t\t\t<div class=\"elementor-element elementor-element-7937bb2d elementor-widget elementor-widget-image\" data-id=\"7937bb2d\" data-element_type=\"widget\" data-e-type=\"widget\" data-widget_type=\"image.default\">\n\t\t\t\t<div class=\"elementor-widget-container\">\n\t\t\t\t\t\t\t\t\t\t\t\t\t\t\t<img decoding=\"async\" src=\"https:\/\/portafoliosfit.um.edu.mx\/erickacuna\/wp-content\/uploads\/sites\/131\/2021\/04\/0804eb3f-9c32-4ed3-bd7f-ed710c6d488f.jpg\" title=\"0804eb3f-9c32-4ed3-bd7f-ed710c6d488f\" alt=\"0804eb3f-9c32-4ed3-bd7f-ed710c6d488f\" loading=\"lazy\" \/>\t\t\t\t\t\t\t\t\t\t\t\t\t\t\t<\/div>\n\t\t\t\t<\/div>\n\t\t\t\t\t<\/div>\n\t\t<\/div>\n\t\t\t\t<div class=\"elementor-column elementor-col-50 elementor-top-column elementor-element elementor-element-41a0646b\" data-id=\"41a0646b\" data-element_type=\"column\" data-e-type=\"column\">\n\t\t\t<div class=\"elementor-widget-wrap elementor-element-populated\">\n\t\t\t\t\t\t<div class=\"elementor-element elementor-element-3fb5993d elementor-widget elementor-widget-heading\" data-id=\"3fb5993d\" data-element_type=\"widget\" data-e-type=\"widget\" data-widget_type=\"heading.default\">\n\t\t\t\t<div class=\"elementor-widget-container\">\n\t\t\t\t\t<h3 class=\"elementor-heading-title elementor-size-default\">Proyecta una vida profesional, personal y familiar en el marco de un compromiso moral y misional.<\/h3>\t\t\t\t<\/div>\n\t\t\t\t<\/div>\n\t\t\t\t<div class=\"elementor-element elementor-element-79b24cfd elementor-widget elementor-widget-heading\" data-id=\"79b24cfd\" data-element_type=\"widget\" data-e-type=\"widget\" data-widget_type=\"heading.default\">\n\t\t\t\t<div class=\"elementor-widget-container\">\n\t\t\t\t\t<h2 class=\"elementor-heading-title elementor-size-default\">Participaci\u00f3n en programa de GYC<\/h2>\t\t\t\t<\/div>\n\t\t\t\t<\/div>\n\t\t\t\t<div class=\"elementor-element elementor-element-485d8d94 elementor-widget elementor-widget-text-editor\" data-id=\"485d8d94\" data-element_type=\"widget\" data-e-type=\"widget\" data-widget_type=\"text-editor.default\">\n\t\t\t\t<div class=\"elementor-widget-container\">\n\t\t\t\t\t\t\t\t\t<p>El maestro Ra\u00fal me invit\u00f3 a participar en un programa de recepci\u00f3n de s\u00e1bado y lectura de la biblia de j\u00f3venes.<\/p><p>Reflexi\u00f3n: Me gust\u00f3 esta experiencia porque pude observar una manera en la que diferentes personas pueden ver a Dios y c\u00f3mo nos une la creencia en Dios para poder seguir dando el mensaje a pesar de la distancia.<\/p>\t\t\t\t\t\t\t\t<\/div>\n\t\t\t\t<\/div>\n\t\t\t\t\t<\/div>\n\t\t<\/div>\n\t\t\t\t\t<\/div>\n\t\t<\/section>\n\t\t\t\t<section class=\"elementor-section elementor-top-section elementor-element elementor-element-171490ba elementor-section-stretched elementor-section-boxed elementor-section-height-default elementor-section-height-default\" data-id=\"171490ba\" data-element_type=\"section\" data-e-type=\"section\" data-settings=\"{&quot;stretch_section&quot;:&quot;section-stretched&quot;,&quot;background_background&quot;:&quot;classic&quot;}\">\n\t\t\t\t\t\t<div class=\"elementor-container elementor-column-gap-default\">\n\t\t\t\t\t<div class=\"elementor-column elementor-col-50 elementor-top-column elementor-element elementor-element-79bccb31\" data-id=\"79bccb31\" data-element_type=\"column\" data-e-type=\"column\">\n\t\t\t<div class=\"elementor-widget-wrap elementor-element-populated\">\n\t\t\t\t\t\t<div class=\"elementor-element elementor-element-3af8daea elementor-widget elementor-widget-heading\" data-id=\"3af8daea\" data-element_type=\"widget\" data-e-type=\"widget\" data-widget_type=\"heading.default\">\n\t\t\t\t<div class=\"elementor-widget-container\">\n\t\t\t\t\t<h3 class=\"elementor-heading-title elementor-size-default\">Practica una vida equilibrada teniendo especial cuidado en el uso del tiempo, las finanzas, las habilidades y la salud.<\/h3>\t\t\t\t<\/div>\n\t\t\t\t<\/div>\n\t\t\t\t<div class=\"elementor-element elementor-element-5d49c8a7 elementor-widget elementor-widget-heading\" data-id=\"5d49c8a7\" data-element_type=\"widget\" data-e-type=\"widget\" data-widget_type=\"heading.default\">\n\t\t\t\t<div class=\"elementor-widget-container\">\n\t\t\t\t\t<h2 class=\"elementor-heading-title elementor-size-default\">Metas en mi vida<\/h2>\t\t\t\t<\/div>\n\t\t\t\t<\/div>\n\t\t\t\t<div class=\"elementor-element elementor-element-4e15f05f elementor-widget elementor-widget-text-editor\" data-id=\"4e15f05f\" data-element_type=\"widget\" data-e-type=\"widget\" data-widget_type=\"text-editor.default\">\n\t\t\t\t<div class=\"elementor-widget-container\">\n\t\t\t\t\t\t\t\t\t<p>En la materia de estilo de vida observamos c\u00f3mo organizar tu tiempo y adem\u00e1s realizamos unas metas a corto, mediano, y largo plazo en las que dividimos nuestras metas entre grado de importancia.<\/p><p>Reflexi\u00f3n: Tener una mentalidad en la que organices tu vida es importante ya que de esta manera no vas corriendo por la vida sino que sabes lo que es importante y sabes en que enfocarte.<\/p>\t\t\t\t\t\t\t\t<\/div>\n\t\t\t\t<\/div>\n\t\t\t\t\t<\/div>\n\t\t<\/div>\n\t\t\t\t<div class=\"elementor-column elementor-col-50 elementor-top-column elementor-element elementor-element-6fc11e30\" data-id=\"6fc11e30\" data-element_type=\"column\" data-e-type=\"column\" data-settings=\"{&quot;background_background&quot;:&quot;classic&quot;}\">\n\t\t\t<div class=\"elementor-widget-wrap elementor-element-populated\">\n\t\t\t\t\t\t<div class=\"elementor-element elementor-element-3dc40383 elementor-widget elementor-widget-image\" data-id=\"3dc40383\" data-element_type=\"widget\" data-e-type=\"widget\" data-widget_type=\"image.default\">\n\t\t\t\t<div class=\"elementor-widget-container\">\n\t\t\t\t\t\t\t\t\t\t\t\t\t\t\t<img fetchpriority=\"high\" decoding=\"async\" width=\"1010\" height=\"676\" src=\"https:\/\/portafoliosfit.um.edu.mx\/erickacuna\/wp-content\/uploads\/sites\/131\/2021\/04\/Captura-de-Pantalla-2021-04-20-a-las-19.15.51.png\" class=\"attachment-large size-large wp-image-353\" alt=\"\" \/>\t\t\t\t\t\t\t\t\t\t\t\t\t\t\t<\/div>\n\t\t\t\t<\/div>\n\t\t\t\t\t<\/div>\n\t\t<\/div>\n\t\t\t\t\t<\/div>\n\t\t<\/section>\n\t\t\t\t<section class=\"elementor-section elementor-top-section elementor-element elementor-element-699ae96 elementor-section-stretched elementor-section-boxed elementor-section-height-default elementor-section-height-default\" data-id=\"699ae96\" data-element_type=\"section\" data-e-type=\"section\" data-settings=\"{&quot;stretch_section&quot;:&quot;section-stretched&quot;,&quot;background_background&quot;:&quot;classic&quot;}\">\n\t\t\t\t\t\t<div class=\"elementor-container elementor-column-gap-default\">\n\t\t\t\t\t<div class=\"elementor-column elementor-col-50 elementor-top-column elementor-element elementor-element-43ae633\" data-id=\"43ae633\" data-element_type=\"column\" data-e-type=\"column\" data-settings=\"{&quot;background_background&quot;:&quot;classic&quot;}\">\n\t\t\t<div class=\"elementor-widget-wrap elementor-element-populated\">\n\t\t\t\t\t\t<div class=\"elementor-element elementor-element-e3e2f79 elementor-widget elementor-widget-image\" data-id=\"e3e2f79\" data-element_type=\"widget\" data-e-type=\"widget\" data-widget_type=\"image.default\">\n\t\t\t\t<div class=\"elementor-widget-container\">\n\t\t\t\t\t\t\t\t\t\t\t\t\t\t\t<img decoding=\"async\" src=\"https:\/\/portafoliosfit.um.edu.mx\/erickacuna\/wp-content\/uploads\/sites\/131\/2021\/04\/60715100246__EA3BBC12-AAF7-4820-BDF7-808514798244.jpg\" title=\"60715100246__EA3BBC12-AAF7-4820-BDF7-808514798244\" alt=\"60715100246__EA3BBC12-AAF7-4820-BDF7-808514798244\" loading=\"lazy\" \/>\t\t\t\t\t\t\t\t\t\t\t\t\t\t\t<\/div>\n\t\t\t\t<\/div>\n\t\t\t\t\t<\/div>\n\t\t<\/div>\n\t\t\t\t<div class=\"elementor-column elementor-col-50 elementor-top-column elementor-element elementor-element-4ff22bd\" data-id=\"4ff22bd\" data-element_type=\"column\" data-e-type=\"column\">\n\t\t\t<div class=\"elementor-widget-wrap elementor-element-populated\">\n\t\t\t\t\t\t<div class=\"elementor-element elementor-element-07bbdd5 elementor-widget elementor-widget-heading\" data-id=\"07bbdd5\" data-element_type=\"widget\" data-e-type=\"widget\" data-widget_type=\"heading.default\">\n\t\t\t\t<div class=\"elementor-widget-container\">\n\t\t\t\t\t<h3 class=\"elementor-heading-title elementor-size-default\">\nDesarrolla un gusto sano por la recreaci\u00f3n, las manifestaciones art\u00edsticas, culturales y los medios.<\/h3>\t\t\t\t<\/div>\n\t\t\t\t<\/div>\n\t\t\t\t<div class=\"elementor-element elementor-element-5c06ba2 elementor-widget elementor-widget-heading\" data-id=\"5c06ba2\" data-element_type=\"widget\" data-e-type=\"widget\" data-widget_type=\"heading.default\">\n\t\t\t\t<div class=\"elementor-widget-container\">\n\t\t\t\t\t<h2 class=\"elementor-heading-title elementor-size-default\">Desarrollo del dibujo<\/h2>\t\t\t\t<\/div>\n\t\t\t\t<\/div>\n\t\t\t\t<div class=\"elementor-element elementor-element-ad558fe elementor-widget elementor-widget-text-editor\" data-id=\"ad558fe\" data-element_type=\"widget\" data-e-type=\"widget\" data-widget_type=\"text-editor.default\">\n\t\t\t\t<div class=\"elementor-widget-container\">\n\t\t\t\t\t\t\t\t\t<p>Tengo como pasatiempo el dibujo en estil\u00f3grafo el cual he estado mejorando a lo largo de los a\u00f1os.&nbsp;<\/p><p>Reflexi\u00f3n: La importancia del conocimiento del espacio es importante al momento de programar Front end pero considero que esto tambi\u00e9n te ayuda a ver los problemas desde afuera y encontrar soluci\u00f3n a tus problemas.<\/p>\t\t\t\t\t\t\t\t<\/div>\n\t\t\t\t<\/div>\n\t\t\t\t\t<\/div>\n\t\t<\/div>\n\t\t\t\t\t<\/div>\n\t\t<\/section>\n\t\t\t\t<section class=\"elementor-section elementor-top-section elementor-element elementor-element-d9eac1c elementor-section-stretched elementor-section-boxed elementor-section-height-default elementor-section-height-default\" data-id=\"d9eac1c\" data-element_type=\"section\" data-e-type=\"section\" data-settings=\"{&quot;stretch_section&quot;:&quot;section-stretched&quot;,&quot;background_background&quot;:&quot;classic&quot;}\">\n\t\t\t\t\t\t<div class=\"elementor-container elementor-column-gap-default\">\n\t\t\t\t\t<div class=\"elementor-column elementor-col-50 elementor-top-column elementor-element elementor-element-dbcf7a1\" data-id=\"dbcf7a1\" data-element_type=\"column\" data-e-type=\"column\">\n\t\t\t<div class=\"elementor-widget-wrap elementor-element-populated\">\n\t\t\t\t\t\t<div class=\"elementor-element elementor-element-b664ed6 elementor-widget elementor-widget-heading\" data-id=\"b664ed6\" data-element_type=\"widget\" data-e-type=\"widget\" data-widget_type=\"heading.default\">\n\t\t\t\t<div class=\"elementor-widget-container\">\n\t\t\t\t\t<h3 class=\"elementor-heading-title elementor-size-default\">Practica y promueve los principios \u00e9ticos y legales de la profesi\u00f3n en el mundo real y virtual, manteniendo la calidad, la eficiencia y el respeto a la diversidad cultural.<\/h3>\t\t\t\t<\/div>\n\t\t\t\t<\/div>\n\t\t\t\t<div class=\"elementor-element elementor-element-64f1f61 elementor-widget elementor-widget-heading\" data-id=\"64f1f61\" data-element_type=\"widget\" data-e-type=\"widget\" data-widget_type=\"heading.default\">\n\t\t\t\t<div class=\"elementor-widget-container\">\n\t\t\t\t\t<h2 class=\"elementor-heading-title elementor-size-default\">Requisitos para registrar tu marco o patente<\/h2>\t\t\t\t<\/div>\n\t\t\t\t<\/div>\n\t\t\t\t<div class=\"elementor-element elementor-element-917fc68 elementor-widget elementor-widget-text-editor\" data-id=\"917fc68\" data-element_type=\"widget\" data-e-type=\"widget\" data-widget_type=\"text-editor.default\">\n\t\t\t\t<div class=\"elementor-widget-container\">\n\t\t\t\t\t\t\t\t\t<p>En esta actividad realizamos una investigaci\u00f3n para saber cu\u00e1l era el proceso para registrar una patente o marca en el mundo real.<\/p><p>Reflexi\u00f3n: En esta actividad aprend\u00ed a seguir un proceso en el cual es necesario para dar a conocer tu producto al mercado. Un registro es bueno para que no te copien la idea pero tambi\u00e9n es necesario para demostrar que no haz copiado la idea de alguien mas.<\/p>\t\t\t\t\t\t\t\t<\/div>\n\t\t\t\t<\/div>\n\t\t\t\t\t<\/div>\n\t\t<\/div>\n\t\t\t\t<div class=\"elementor-column elementor-col-50 elementor-top-column elementor-element elementor-element-54f0227\" data-id=\"54f0227\" data-element_type=\"column\" data-e-type=\"column\" data-settings=\"{&quot;background_background&quot;:&quot;classic&quot;}\">\n\t\t\t<div class=\"elementor-widget-wrap elementor-element-populated\">\n\t\t\t\t\t\t<div class=\"elementor-element elementor-element-002e5d5 elementor-widget elementor-widget-image\" data-id=\"002e5d5\" data-element_type=\"widget\" data-e-type=\"widget\" data-widget_type=\"image.default\">\n\t\t\t\t<div class=\"elementor-widget-container\">\n\t\t\t\t\t\t\t\t\t\t\t\t\t\t\t<img decoding=\"async\" width=\"1024\" height=\"578\" src=\"https:\/\/portafoliosfit.um.edu.mx\/erickacuna\/wp-content\/uploads\/sites\/131\/2021\/04\/Captura-de-Pantalla-2021-04-20-a-las-19.04.27.png\" class=\"attachment-large size-large wp-image-348\" alt=\"\" \/>\t\t\t\t\t\t\t\t\t\t\t\t\t\t\t<\/div>\n\t\t\t\t<\/div>\n\t\t\t\t\t<\/div>\n\t\t<\/div>\n\t\t\t\t\t<\/div>\n\t\t<\/section>\n\t\t\t\t<\/div>\n\t\t","protected":false},"excerpt":{"rendered":"<p>Cosmovisi\u00f3n Toma decisiones sabias basadas\u00a0 en los principios de la Santa Biblia. Proyecta una vida profesional, personal y familiar en el marco de un compromiso moral y misional. Participaci\u00f3n en programa de GYC El maestro Ra\u00fal me invit\u00f3 a participar en un programa de recepci\u00f3n de s\u00e1bado y lectura de la biblia de j\u00f3venes. Reflexi\u00f3n: [&hellip;]<\/p>\n","protected":false},"author":131,"featured_media":0,"parent":0,"menu_order":0,"comment_status":"closed","ping_status":"closed","template":"","meta":{"site-sidebar-layout":"no-sidebar","site-content-layout":"page-builder","ast-site-content-layout":"default","site-content-style":"default","site-sidebar-style":"default","ast-global-header-display":"","ast-banner-title-visibility":"","ast-main-header-display":"","ast-hfb-above-header-display":"","ast-hfb-below-header-display":"","ast-hfb-mobile-header-display":"","site-post-title":"disabled","ast-breadcrumbs-content":"","ast-featured-img":"disabled","footer-sml-layout":"","ast-disable-related-posts":"","theme-transparent-header-meta":"","adv-header-id-meta":"","stick-header-meta":"","header-above-stick-meta":"","header-main-stick-meta":"","header-below-stick-meta":"","astra-migrate-meta-layouts":"default","ast-page-background-enabled":"default","ast-page-background-meta":{"desktop":{"background-color":"","background-image":"","background-repeat":"repeat","background-position":"center center","background-size":"auto","background-attachment":"scroll","background-type":"","background-media":"","overlay-type":"","overlay-color":"","overlay-opacity":"","overlay-gradient":""},"tablet":{"background-color":"","background-image":"","background-repeat":"repeat","background-position":"center center","background-size":"auto","background-attachment":"scroll","background-type":"","background-media":"","overlay-type":"","overlay-color":"","overlay-opacity":"","overlay-gradient":""},"mobile":{"background-color":"","background-image":"","background-repeat":"repeat","background-position":"center center","background-size":"auto","background-attachment":"scroll","background-type":"","background-media":"","overlay-type":"","overlay-color":"","overlay-opacity":"","overlay-gradient":""}},"ast-content-background-meta":{"desktop":{"background-color":"var(--ast-global-color-5)","background-image":"","background-repeat":"repeat","background-position":"center center","background-size":"auto","background-attachment":"scroll","background-type":"","background-media":"","overlay-type":"","overlay-color":"","overlay-opacity":"","overlay-gradient":""},"tablet":{"background-color":"var(--ast-global-color-5)","background-image":"","background-repeat":"repeat","background-position":"center center","background-size":"auto","background-attachment":"scroll","background-type":"","background-media":"","overlay-type":"","overlay-color":"","overlay-opacity":"","overlay-gradient":""},"mobile":{"background-color":"var(--ast-global-color-5)","background-image":"","background-repeat":"repeat","background-position":"center center","background-size":"auto","background-attachment":"scroll","background-type":"","background-media":"","overlay-type":"","overlay-color":"","overlay-opacity":"","overlay-gradient":""}},"footnotes":""},"class_list":["post-285","page","type-page","status-publish","hentry"],"_links":{"self":[{"href":"https:\/\/portafoliosfit.um.edu.mx\/erickacuna\/wp-json\/wp\/v2\/pages\/285","targetHints":{"allow":["GET"]}}],"collection":[{"href":"https:\/\/portafoliosfit.um.edu.mx\/erickacuna\/wp-json\/wp\/v2\/pages"}],"about":[{"href":"https:\/\/portafoliosfit.um.edu.mx\/erickacuna\/wp-json\/wp\/v2\/types\/page"}],"author":[{"embeddable":true,"href":"https:\/\/portafoliosfit.um.edu.mx\/erickacuna\/wp-json\/wp\/v2\/users\/131"}],"replies":[{"embeddable":true,"href":"https:\/\/portafoliosfit.um.edu.mx\/erickacuna\/wp-json\/wp\/v2\/comments?post=285"}],"version-history":[{"count":21,"href":"https:\/\/portafoliosfit.um.edu.mx\/erickacuna\/wp-json\/wp\/v2\/pages\/285\/revisions"}],"predecessor-version":[{"id":356,"href":"https:\/\/portafoliosfit.um.edu.mx\/erickacuna\/wp-json\/wp\/v2\/pages\/285\/revisions\/356"}],"wp:attachment":[{"href":"https:\/\/portafoliosfit.um.edu.mx\/erickacuna\/wp-json\/wp\/v2\/media?parent=285"}],"curies":[{"name":"wp","href":"https:\/\/api.w.org\/{rel}","templated":true}]}}