{"id":264,"date":"2021-04-25T16:29:56","date_gmt":"2021-04-25T16:29:56","guid":{"rendered":"http:\/\/portafoliosfit.um.edu.mx\/danagutierrez\/?page_id=264"},"modified":"2023-04-25T06:31:39","modified_gmt":"2023-04-25T06:31:39","slug":"sobre-mi","status":"publish","type":"page","link":"https:\/\/portafoliosfit.um.edu.mx\/danagutierrez\/sobre-mi\/","title":{"rendered":"Sobre M\u00ed"},"content":{"rendered":"\t\t<div data-elementor-type=\"wp-page\" data-elementor-id=\"264\" class=\"elementor elementor-264\" data-elementor-post-type=\"page\">\n\t\t\t\t\t\t<section class=\"elementor-section elementor-top-section elementor-element elementor-element-81f3c3c elementor-section-boxed elementor-section-height-default elementor-section-height-default\" data-id=\"81f3c3c\" data-element_type=\"section\" data-e-type=\"section\">\n\t\t\t\t\t\t<div class=\"elementor-container elementor-column-gap-default\">\n\t\t\t\t\t<div class=\"elementor-column elementor-col-100 elementor-top-column elementor-element elementor-element-331ce48\" data-id=\"331ce48\" data-element_type=\"column\" data-e-type=\"column\">\n\t\t\t<div class=\"elementor-widget-wrap elementor-element-populated\">\n\t\t\t\t\t\t<div class=\"elementor-element elementor-element-b80e1c1 elementor-widget elementor-widget-heading\" data-id=\"b80e1c1\" data-element_type=\"widget\" data-e-type=\"widget\" data-widget_type=\"heading.default\">\n\t\t\t\t<div class=\"elementor-widget-container\">\n\t\t\t\t\t<h2 class=\"elementor-heading-title elementor-size-xl\">Mi Autobiograf\u00eda<\/h2>\t\t\t\t<\/div>\n\t\t\t\t<\/div>\n\t\t\t\t\t<\/div>\n\t\t<\/div>\n\t\t\t\t\t<\/div>\n\t\t<\/section>\n\t\t\t\t<section class=\"elementor-section elementor-top-section elementor-element elementor-element-72b039f elementor-section-boxed elementor-section-height-default elementor-section-height-default\" data-id=\"72b039f\" data-element_type=\"section\" data-e-type=\"section\">\n\t\t\t\t\t\t<div class=\"elementor-container elementor-column-gap-default\">\n\t\t\t\t\t<div class=\"elementor-column elementor-col-50 elementor-top-column elementor-element elementor-element-d303c83\" data-id=\"d303c83\" data-element_type=\"column\" data-e-type=\"column\">\n\t\t\t<div class=\"elementor-widget-wrap elementor-element-populated\">\n\t\t\t\t\t\t<div class=\"elementor-element elementor-element-76da55e elementor-widget elementor-widget-text-editor\" data-id=\"76da55e\" data-element_type=\"widget\" data-e-type=\"widget\" data-widget_type=\"text-editor.default\">\n\t\t\t\t<div class=\"elementor-widget-container\">\n\t\t\t\t\t\t\t\t\t<p><span style=\"font-weight: 400\">Mi nombre es Dana Itzel Guti\u00e9rrez Ric\u00e1rdez, tengo 20 a\u00f1os y vivo en Montemorelos, Nuevo Le\u00f3n, M\u00e9xico. Nac\u00ed en el Hospital La Carlota el 30 de agosto del 2002. Vivo con mis padres, Daniel Guti\u00e9rrez y Nancy Ric\u00e1rdez, adem\u00e1s de mi hermana menor, Dania Guti\u00e9rrez. Crec\u00ed siendo muy cercana a mi familia, tanto la inmediata como la extensa, especialmente mi familia paterna.&nbsp;<\/span><\/p>\n<p><span style=\"font-weight: 400\">Mis cuatro abuelos, que gracias a Dios siguen conmigo, son adventistas, por lo que mis padres nacieron en un hogar adventista, al igual que yo. As\u00ed que desde peque\u00f1a tuve una educaci\u00f3n adventista, comenzando por mi casa.<\/span><\/p>\n<p><span style=\"font-weight: 400\">Inici\u00e9 mi vida escolar a los 5 a\u00f1os de edad, en el preescolar del Instituto Soledad Acevedo de los Reyes. Estudi\u00e9 segundo y tercer a\u00f1o de preescolar, con las maestras Adlay y Carlota respectivamente. Despu\u00e9s continu\u00e9 la primaria con 7 a\u00f1os de edad, con la maestra Ana Silvia. Despu\u00e9s de graduarme de primaria, comenc\u00e9 la etapa de la educaci\u00f3n secundaria, ah\u00ed mismo en el I.S.A.R.&nbsp;<\/span><\/p>\n<p><span style=\"font-weight: 400\">Estudi\u00e9 el bachillerato en la Preparatoria Profr. Ignacio Carrillo Franco de la Universidad de Montemorelos, donde pude participar de muchas actividades tanto acad\u00e9micas como recreativas y encontr\u00e9 amistades que estoy segura durar\u00e1n para toda la vida.&nbsp;<\/span><\/p>\t\t\t\t\t\t\t\t<\/div>\n\t\t\t\t<\/div>\n\t\t\t\t\t<\/div>\n\t\t<\/div>\n\t\t\t\t<div class=\"elementor-column elementor-col-50 elementor-top-column elementor-element elementor-element-3f485f3\" data-id=\"3f485f3\" data-element_type=\"column\" data-e-type=\"column\">\n\t\t\t<div class=\"elementor-widget-wrap elementor-element-populated\">\n\t\t\t\t\t\t<div class=\"elementor-element elementor-element-be13e3b elementor-invisible elementor-widget elementor-widget-image\" data-id=\"be13e3b\" data-element_type=\"widget\" data-e-type=\"widget\" data-settings=\"{&quot;_animation&quot;:&quot;fadeInRight&quot;}\" data-widget_type=\"image.default\">\n\t\t\t\t<div class=\"elementor-widget-container\">\n\t\t\t\t\t\t\t\t\t\t\t\t\t\t\t<img fetchpriority=\"high\" decoding=\"async\" width=\"800\" height=\"859\" src=\"https:\/\/portafoliosfit.um.edu.mx\/danagutierrez\/wp-content\/uploads\/sites\/117\/2023\/04\/IMG_4735-1-954x1024.jpg\" class=\"attachment-large size-large wp-image-731\" alt=\"\" srcset=\"https:\/\/portafoliosfit.um.edu.mx\/danagutierrez\/wp-content\/uploads\/sites\/117\/2023\/04\/IMG_4735-1-954x1024.jpg 954w, https:\/\/portafoliosfit.um.edu.mx\/danagutierrez\/wp-content\/uploads\/sites\/117\/2023\/04\/IMG_4735-1-279x300.jpg 279w, https:\/\/portafoliosfit.um.edu.mx\/danagutierrez\/wp-content\/uploads\/sites\/117\/2023\/04\/IMG_4735-1-768x824.jpg 768w, https:\/\/portafoliosfit.um.edu.mx\/danagutierrez\/wp-content\/uploads\/sites\/117\/2023\/04\/IMG_4735-1.jpg 1170w\" sizes=\"(max-width: 800px) 100vw, 800px\" \/>\t\t\t\t\t\t\t\t\t\t\t\t\t\t\t<\/div>\n\t\t\t\t<\/div>\n\t\t\t\t\t<\/div>\n\t\t<\/div>\n\t\t\t\t\t<\/div>\n\t\t<\/section>\n\t\t\t\t<section class=\"elementor-section elementor-top-section elementor-element elementor-element-04d41b3 elementor-section-boxed elementor-section-height-default elementor-section-height-default\" data-id=\"04d41b3\" data-element_type=\"section\" data-e-type=\"section\">\n\t\t\t\t\t\t<div class=\"elementor-container elementor-column-gap-default\">\n\t\t\t\t\t<div class=\"elementor-column elementor-col-50 elementor-top-column elementor-element elementor-element-017fc15\" data-id=\"017fc15\" data-element_type=\"column\" data-e-type=\"column\">\n\t\t\t<div class=\"elementor-widget-wrap elementor-element-populated\">\n\t\t\t\t\t\t<div class=\"elementor-element elementor-element-8f1b2b2 elementor-invisible elementor-widget elementor-widget-image\" data-id=\"8f1b2b2\" data-element_type=\"widget\" data-e-type=\"widget\" data-settings=\"{&quot;_animation&quot;:&quot;fadeInLeft&quot;}\" data-widget_type=\"image.default\">\n\t\t\t\t<div class=\"elementor-widget-container\">\n\t\t\t\t\t\t\t\t\t\t\t\t\t\t\t<img decoding=\"async\" width=\"800\" height=\"743\" src=\"https:\/\/portafoliosfit.um.edu.mx\/danagutierrez\/wp-content\/uploads\/sites\/117\/2023\/04\/IMG_4736-1-e1682306105941-1024x951.jpg\" class=\"attachment-large size-large wp-image-732\" alt=\"\" srcset=\"https:\/\/portafoliosfit.um.edu.mx\/danagutierrez\/wp-content\/uploads\/sites\/117\/2023\/04\/IMG_4736-1-e1682306105941-1024x951.jpg 1024w, https:\/\/portafoliosfit.um.edu.mx\/danagutierrez\/wp-content\/uploads\/sites\/117\/2023\/04\/IMG_4736-1-e1682306105941-300x279.jpg 300w, https:\/\/portafoliosfit.um.edu.mx\/danagutierrez\/wp-content\/uploads\/sites\/117\/2023\/04\/IMG_4736-1-e1682306105941-768x714.jpg 768w, https:\/\/portafoliosfit.um.edu.mx\/danagutierrez\/wp-content\/uploads\/sites\/117\/2023\/04\/IMG_4736-1-e1682306105941.jpg 1170w\" sizes=\"(max-width: 800px) 100vw, 800px\" \/>\t\t\t\t\t\t\t\t\t\t\t\t\t\t\t<\/div>\n\t\t\t\t<\/div>\n\t\t\t\t\t<\/div>\n\t\t<\/div>\n\t\t\t\t<div class=\"elementor-column elementor-col-50 elementor-top-column elementor-element elementor-element-eb290bd\" data-id=\"eb290bd\" data-element_type=\"column\" data-e-type=\"column\">\n\t\t\t<div class=\"elementor-widget-wrap elementor-element-populated\">\n\t\t\t\t\t\t<div class=\"elementor-element elementor-element-6bbe8b0 elementor-widget elementor-widget-text-editor\" data-id=\"6bbe8b0\" data-element_type=\"widget\" data-e-type=\"widget\" data-widget_type=\"text-editor.default\">\n\t\t\t\t<div class=\"elementor-widget-container\">\n\t\t\t\t\t\t\t\t\t<p><span style=\"font-weight: 400\">Despu\u00e9s de graduarme tuve la oportunidad de estar alrededor de 8 meses en Estados Unidos. Como nac\u00ed aqu\u00ed, nunca tuve la experiencia de ser nueva en una escuela, o de ser interna; por eso, esta fue una experiencia muy interesante.\u00a0<\/span><\/p><p><span style=\"font-weight: 400\">Como ya hab\u00eda mencionado antes, crec\u00ed con una relaci\u00f3n estrecha con mi familia, por lo que los primeros dos meses de estar all\u00e1 pas\u00e9 un rato con algunas complicaciones.\u00a0<\/span><\/p><p><span style=\"font-weight: 400\">Gracias a Dios encontr\u00e9 gente que se encarg\u00f3 de hacer mi tiempo all\u00e1 muy placentero. Encontr\u00e9 amigos y maestros a los que les tom\u00e9 mucho cari\u00f1o. Pero lo m\u00e1s importante fue que pude conocer a Dios un poco m\u00e1s.\u00a0<\/span><\/p><p><span style=\"font-weight: 400\">Fue gracias a la pandemia que tuve que regresar de emergencia, y no pude graduarme all\u00e1. Tuve que concluir el a\u00f1o en l\u00ednea, y me mandaron el certificado por paqueter\u00eda.<\/span><\/p><p><span style=\"font-weight: 400\">Desde peque\u00f1a supe que de grande quer\u00eda ser ingeniera. Siempre tuve el ejemplo de mi pap\u00e1 y de mis t\u00edos, as\u00ed que siempre so\u00f1\u00e9 ser como ellos. En la preparatoria fue que decid\u00ed la carrera espec\u00edfica que quer\u00eda estudiar. Por lo que actualmente estoy en mi tercer a\u00f1o de Ingenier\u00eda en Gesti\u00f3n de las Tecnolog\u00edas de la Informaci\u00f3n.<\/span><\/p><p><span style=\"font-weight: 400\">Siempre he tenido la convicci\u00f3n de que Dios tiene un plan para m\u00ed, por lo que conf\u00edo plenamente en su voluntad en mi vida. Espero terminar mi carrera exitosamente para poder hacer mi parte en mi plan de vida.<\/span><\/p>\t\t\t\t\t\t\t\t<\/div>\n\t\t\t\t<\/div>\n\t\t\t\t\t<\/div>\n\t\t<\/div>\n\t\t\t\t\t<\/div>\n\t\t<\/section>\n\t\t\t\t<section class=\"elementor-section elementor-top-section elementor-element elementor-element-e1aa170 elementor-section-boxed elementor-section-height-default elementor-section-height-default\" data-id=\"e1aa170\" data-element_type=\"section\" data-e-type=\"section\">\n\t\t\t\t\t\t<div class=\"elementor-container elementor-column-gap-default\">\n\t\t\t\t\t<div class=\"elementor-column elementor-col-100 elementor-top-column elementor-element elementor-element-c2b4c4e\" data-id=\"c2b4c4e\" data-element_type=\"column\" data-e-type=\"column\">\n\t\t\t<div class=\"elementor-widget-wrap elementor-element-populated\">\n\t\t\t\t\t\t<div class=\"elementor-element elementor-element-f47c69a elementor-widget elementor-widget-heading\" data-id=\"f47c69a\" data-element_type=\"widget\" data-e-type=\"widget\" data-widget_type=\"heading.default\">\n\t\t\t\t<div class=\"elementor-widget-container\">\n\t\t\t\t\t<h2 class=\"elementor-heading-title elementor-size-xl\">Mi cosmovisi\u00f3n<\/h2>\t\t\t\t<\/div>\n\t\t\t\t<\/div>\n\t\t\t\t\t<\/div>\n\t\t<\/div>\n\t\t\t\t\t<\/div>\n\t\t<\/section>\n\t\t\t\t<section class=\"elementor-section elementor-top-section elementor-element elementor-element-7bc1209 elementor-section-boxed elementor-section-height-default elementor-section-height-default\" data-id=\"7bc1209\" data-element_type=\"section\" data-e-type=\"section\">\n\t\t\t\t\t\t<div class=\"elementor-container elementor-column-gap-default\">\n\t\t\t\t\t<div class=\"elementor-column elementor-col-50 elementor-top-column elementor-element elementor-element-d476aab\" data-id=\"d476aab\" data-element_type=\"column\" data-e-type=\"column\">\n\t\t\t<div class=\"elementor-widget-wrap elementor-element-populated\">\n\t\t\t\t\t\t<div class=\"elementor-element elementor-element-74dadc9 elementor-widget elementor-widget-text-editor\" data-id=\"74dadc9\" data-element_type=\"widget\" data-e-type=\"widget\" data-widget_type=\"text-editor.default\">\n\t\t\t\t<div class=\"elementor-widget-container\">\n\t\t\t\t\t\t\t\t\t<p><span style=\"font-weight: 400\">Para m\u00ed el mundo es un lugar donde se tiene que trabajar por lo que se quiere conseguir, pero se tiene que hacer honestamente. En estos d\u00edas, hacer las cosas a conveniencia de uno mismo, sin importar el bienestar de los dem\u00e1s, es algo com\u00fan y tristemente alabado.<\/span><\/p>\n<p><span style=\"font-weight: 400\">Pero Dios nos ense\u00f1\u00f3 que estamos aqu\u00ed para servir. As\u00ed que si queremos conseguir algo debemos hacerlo todo para la gloria de Dios. Esa es la \u00fanica manera de prosperar.<\/span><\/p>\n<p><span style=\"font-weight: 400\">&nbsp;Desde chiquita, me inculcaron estos valores en mi casa. Gracias a Dios, siempre lo he tenido todo, y no he pasado por experiencias tr\u00e1gicas. Pero teniendo este privilegio, he aprendido a valorar muchas cosas. La experiencia que tuve hace algunos a\u00f1os me ayud\u00f3 a ver lo importante que era mi familia para m\u00ed, y entend\u00ed que no debo dar por sentado las cosas que tengo.&nbsp;<\/span><\/p>\n<p><span style=\"font-weight: 400\">Mi mam\u00e1 siempre fue una persona muy servicial. De esas personas capaces de quitarse el abrigo para d\u00e1rselo a alguien que lo necesite m\u00e1s que ella. Entonces, teniendo ese ejemplo claro en mi casa, siempre he tenido presente que parte de nuestra tarea en este mundo es servir a nuestro pr\u00f3jimo, siguiendo el ejemplo que Jes\u00fas nos dej\u00f3.<\/span><\/p>\t\t\t\t\t\t\t\t<\/div>\n\t\t\t\t<\/div>\n\t\t\t\t\t<\/div>\n\t\t<\/div>\n\t\t\t\t<div class=\"elementor-column elementor-col-50 elementor-top-column elementor-element elementor-element-ec768a8\" data-id=\"ec768a8\" data-element_type=\"column\" data-e-type=\"column\">\n\t\t\t<div class=\"elementor-widget-wrap elementor-element-populated\">\n\t\t\t\t\t\t<div class=\"elementor-element elementor-element-45296e9 elementor-invisible elementor-widget elementor-widget-image\" data-id=\"45296e9\" data-element_type=\"widget\" data-e-type=\"widget\" data-settings=\"{&quot;_animation&quot;:&quot;fadeInRight&quot;}\" data-widget_type=\"image.default\">\n\t\t\t\t<div class=\"elementor-widget-container\">\n\t\t\t\t\t\t\t\t\t\t\t\t\t\t\t<img decoding=\"async\" width=\"800\" height=\"533\" src=\"https:\/\/portafoliosfit.um.edu.mx\/danagutierrez\/wp-content\/uploads\/sites\/117\/2021\/04\/pexels-johnmark-smith-273936-1.jpg\" class=\"attachment-large size-large wp-image-381\" alt=\"\" \/>\t\t\t\t\t\t\t\t\t\t\t\t\t\t\t<\/div>\n\t\t\t\t<\/div>\n\t\t\t\t\t<\/div>\n\t\t<\/div>\n\t\t\t\t\t<\/div>\n\t\t<\/section>\n\t\t\t\t<section class=\"elementor-section elementor-top-section elementor-element elementor-element-3104635 elementor-section-boxed elementor-section-height-default elementor-section-height-default\" data-id=\"3104635\" data-element_type=\"section\" data-e-type=\"section\">\n\t\t\t\t\t\t<div class=\"elementor-container elementor-column-gap-default\">\n\t\t\t\t\t<div class=\"elementor-column elementor-col-50 elementor-top-column elementor-element elementor-element-1336c2a\" data-id=\"1336c2a\" data-element_type=\"column\" data-e-type=\"column\">\n\t\t\t<div class=\"elementor-widget-wrap elementor-element-populated\">\n\t\t\t\t\t\t<div class=\"elementor-element elementor-element-7cc6a09 elementor-invisible elementor-widget elementor-widget-image\" data-id=\"7cc6a09\" data-element_type=\"widget\" data-e-type=\"widget\" data-settings=\"{&quot;_animation&quot;:&quot;fadeInLeft&quot;}\" data-widget_type=\"image.default\">\n\t\t\t\t<div class=\"elementor-widget-container\">\n\t\t\t\t\t\t\t\t\t\t\t\t\t\t\t<img loading=\"lazy\" decoding=\"async\" width=\"800\" height=\"534\" src=\"https:\/\/portafoliosfit.um.edu.mx\/danagutierrez\/wp-content\/uploads\/sites\/117\/2021\/04\/pexels-christina-morillo-1181263-1.jpg\" class=\"attachment-large size-large wp-image-382\" alt=\"\" \/>\t\t\t\t\t\t\t\t\t\t\t\t\t\t\t<\/div>\n\t\t\t\t<\/div>\n\t\t\t\t\t<\/div>\n\t\t<\/div>\n\t\t\t\t<div class=\"elementor-column elementor-col-50 elementor-top-column elementor-element elementor-element-5ae7f6f\" data-id=\"5ae7f6f\" data-element_type=\"column\" data-e-type=\"column\">\n\t\t\t<div class=\"elementor-widget-wrap elementor-element-populated\">\n\t\t\t\t\t\t<div class=\"elementor-element elementor-element-f5df1f7 elementor-widget elementor-widget-text-editor\" data-id=\"f5df1f7\" data-element_type=\"widget\" data-e-type=\"widget\" data-widget_type=\"text-editor.default\">\n\t\t\t\t<div class=\"elementor-widget-container\">\n\t\t\t\t\t\t\t\t\t<p><span style=\"font-weight: 400\">Nac\u00ed en un hogar adventista, as\u00ed que creo en el sacrificio que Jes\u00fas hizo por m\u00ed y en su segunda venida. A pesar de no estar completamente segura de todo lo que Dios espera de m\u00ed, creo que parte de su prop\u00f3sito en m\u00ed es llevar este mensaje a todo el que pueda.<\/span><\/p><p><span style=\"font-weight: 400\">Mi meta final, como la de todo adventista, es llegar al cielo. Pero mientras tanto quiero ser una ingeniera que haga algo (aunque sea peque\u00f1o) por la humanidad.<\/span><\/p><p><span style=\"font-weight: 400\">Quiero dejar huella en los corazones de las personas, y llevar a Dios a tantas como pueda. Quiero poner mi granito de arena en este mundo y servir a todo el que pueda con lo que hago.<\/span><\/p>\t\t\t\t\t\t\t\t<\/div>\n\t\t\t\t<\/div>\n\t\t\t\t\t<\/div>\n\t\t<\/div>\n\t\t\t\t\t<\/div>\n\t\t<\/section>\n\t\t\t\t<\/div>\n\t\t","protected":false},"excerpt":{"rendered":"<p>Mi Autobiograf\u00eda Mi nombre es Dana Itzel Guti\u00e9rrez Ric\u00e1rdez, tengo 20 a\u00f1os y vivo en Montemorelos, Nuevo Le\u00f3n, M\u00e9xico. Nac\u00ed en el Hospital La Carlota el 30 de agosto del 2002. Vivo con mis padres, Daniel Guti\u00e9rrez y Nancy Ric\u00e1rdez, adem\u00e1s de mi hermana menor, Dania Guti\u00e9rrez. Crec\u00ed siendo muy cercana a mi familia, tanto [&hellip;]<\/p>\n","protected":false},"author":117,"featured_media":0,"parent":0,"menu_order":0,"comment_status":"closed","ping_status":"closed","template":"","meta":{"footnotes":""},"class_list":["post-264","page","type-page","status-publish","hentry"],"_links":{"self":[{"href":"https:\/\/portafoliosfit.um.edu.mx\/danagutierrez\/wp-json\/wp\/v2\/pages\/264","targetHints":{"allow":["GET"]}}],"collection":[{"href":"https:\/\/portafoliosfit.um.edu.mx\/danagutierrez\/wp-json\/wp\/v2\/pages"}],"about":[{"href":"https:\/\/portafoliosfit.um.edu.mx\/danagutierrez\/wp-json\/wp\/v2\/types\/page"}],"author":[{"embeddable":true,"href":"https:\/\/portafoliosfit.um.edu.mx\/danagutierrez\/wp-json\/wp\/v2\/users\/117"}],"replies":[{"embeddable":true,"href":"https:\/\/portafoliosfit.um.edu.mx\/danagutierrez\/wp-json\/wp\/v2\/comments?post=264"}],"version-history":[{"count":24,"href":"https:\/\/portafoliosfit.um.edu.mx\/danagutierrez\/wp-json\/wp\/v2\/pages\/264\/revisions"}],"predecessor-version":[{"id":813,"href":"https:\/\/portafoliosfit.um.edu.mx\/danagutierrez\/wp-json\/wp\/v2\/pages\/264\/revisions\/813"}],"wp:attachment":[{"href":"https:\/\/portafoliosfit.um.edu.mx\/danagutierrez\/wp-json\/wp\/v2\/media?parent=264"}],"curies":[{"name":"wp","href":"https:\/\/api.w.org\/{rel}","templated":true}]}}