{"id":205,"date":"2019-04-07T13:22:07","date_gmt":"2019-04-07T19:22:07","guid":{"rendered":"http:\/\/portafoliosfit.um.edu.mx\/alejandrososa\/?page_id=205"},"modified":"2021-03-12T14:36:02","modified_gmt":"2021-03-12T20:36:02","slug":"integracion","status":"publish","type":"page","link":"https:\/\/portafoliosfit.um.edu.mx\/alejandrososa\/integracion\/","title":{"rendered":"Integraci\u00f3n"},"content":{"rendered":"<p><div class=\"et_d4_element et_pb_section et_pb_section_0 et_pb_with_background  et_pb_css_mix_blend_mode et_section_regular et_block_section\" >\n\t\t\t\t\n\t\t\t\t\n\t\t\t\t\n\t\t\t\t\n\t\t\t\t\n\t\t\t\t\n\t\t\t\t<div class=\"et_d4_element et_pb_row et_pb_row_0  et_pb_css_mix_blend_mode et_block_row\">\n\t\t\t\t<div class=\"et_d4_element et_pb_column_4_4 et_pb_column et_pb_column_0  et_pb_css_mix_blend_mode et-last-child et_block_column\">\n\t\t\t\t\n\t\t\t\t\n\t\t\t\t\n\t\t\t\t\n\t\t\t\t<div class=\"et_pb_module et_d4_element et_pb_image et_pb_image_0\">\n\t\t\t\t\n\t\t\t\t\n\t\t\t\t\n\t\t\t\t\n\t\t\t\t<span class=\"et_pb_image_wrap \"><img loading=\"lazy\" decoding=\"async\" width=\"96\" height=\"96\" src=\"http:\/\/portafoliosfit.um.edu.mx\/alejandrososa\/wp-content\/uploads\/sites\/24\/2020\/05\/esports-icon-9-1.png\" alt=\"\" title=\"\" class=\"wp-image-632\" \/><\/span>\n\t\t\t<\/div><div class=\"et_pb_module et_d4_element et_pb_text et_pb_text_0  et_pb_text_align_center et_pb_bg_layout_dark\">\n\t\t\t\t\n\t\t\t\t\n\t\t\t\t\n\t\t\t\t\n\t\t\t\t<div class=\"et_pb_text_inner\"><h1>Integraci\u00f3n<\/h1><\/div>\n\t\t\t<\/div><div class=\"et_pb_module et_d4_element et_pb_text et_pb_text_1  et_pb_text_align_center et_pb_bg_layout_dark\">\n\t\t\t\t\n\t\t\t\t\n\t\t\t\t\n\t\t\t\t\n\t\t\t\t<div class=\"et_pb_text_inner\"><p>En esta secci\u00f3n encontrar\u00e1s proyectos personales que me hicieron crecer a m\u00ed y a las personas a mi alrededor como una familia saludable<\/p><\/div>\n\t\t\t<\/div>\n\t\t\t<\/div>\n\t\t\t\t\n\t\t\t\t\n\t\t\t\t\n\t\t\t\t\n\t\t\t<\/div>\n\t\t\t\t\n\t\t\t\t\n\t\t\t<\/div><div class=\"et_d4_element et_pb_section et_pb_section_1 et_pb_with_background  et_pb_css_mix_blend_mode et_section_regular et_block_section\" >\n\t\t\t\t\n\t\t\t\t\n\t\t\t\t\n\t\t\t\t\n\t\t\t\t\n\t\t\t\t\n\t\t\t\t<div class=\"et_d4_element et_pb_row et_pb_row_1 et_pb_row_fullwidth et_animated et_pb_equal_columns  et_pb_css_mix_blend_mode et_block_row\">\n\t\t\t\t<div class=\"et_d4_element et_pb_column_1_3 et_pb_column et_pb_column_1 et_clickable  et_pb_css_mix_blend_mode et_block_column\">\n\t\t\t\t\n\t\t\t\t\n\t\t\t\t\n\t\t\t\t\n\t\t\t\t<div class=\"et_pb_with_border et_pb_module et_d4_element et_pb_text et_pb_text_2 et_hover_enabled  et_pb_text_align_center et_pb_bg_layout_dark\">\n\t\t\t\t\n\t\t\t\t\n\t\t\t\t\n\t\t\t\t\n\t\t\t\t<div class=\"et_pb_text_inner\"><h3>Plan de estudios Quizlet<\/h3>\n<h4>Identifica y atiende las necesidades de los dem\u00e1s<\/h4>\n<p>Plan de estudios realizado para el repaso y memorizaci\u00f3n de la teor\u00eda vista en cada una de las materias de la carrera<\/p><\/div>\n\t\t\t<\/div>\n\t\t\t<\/div><div class=\"et_d4_element et_pb_column_1_3 et_pb_column et_pb_column_2 et_clickable  et_pb_css_mix_blend_mode et_block_column\">\n\t\t\t\t\n\t\t\t\t\n\t\t\t\t\n\t\t\t\t\n\t\t\t\t<div class=\"et_pb_with_border et_pb_module et_d4_element et_pb_text et_pb_text_3 et_hover_enabled et_clickable  et_pb_text_align_center et_pb_bg_layout_dark\">\n\t\t\t\t\n\t\t\t\t\n\t\t\t\t\n\t\t\t\t\n\t\t\t\t<div class=\"et_pb_text_inner\"><h3>Santuario VR<\/h3>\n<h4>Construye y aporta proyectos, en el \u00e1mbito de sistemas computacionales, orientados al servicio y el desarrollo de la sociedad integrando habilidades y sensibilidad a las necesidades de los seres humanos<\/h4>\n<p>Creaci\u00f3n del Santuario de Mois\u00e9s en realidad virtual para su ense\u00f1anza a la comunidad cristiana<\/p><\/div>\n\t\t\t<\/div>\n\t\t\t<\/div><div class=\"et_d4_element et_pb_column_1_3 et_pb_column et_pb_column_3  et_pb_css_mix_blend_mode et-last-child et_block_column\">\n\t\t\t\t\n\t\t\t\t\n\t\t\t\t\n\t\t\t\t\n\t\t\t\t<div class=\"et_pb_with_border et_pb_module et_d4_element et_pb_text et_pb_text_4 et_hover_enabled et_clickable  et_pb_text_align_center et_pb_bg_layout_dark\">\n\t\t\t\t\n\t\t\t\t\n\t\t\t\t\n\t\t\t\t\n\t\t\t\t<div class=\"et_pb_text_inner\"><h3>Estudio de lenguas<\/h3>\n<h4>Se comunica en un segundo idioma<\/h4>\n<p>Planeaci\u00f3n del estudio de las lenguas de ingl\u00e9s y japon\u00e9s por medio de plataformas virtuales como Duolingo, Drops y JapanesePod 101<\/p><\/div>\n\t\t\t<\/div>\n\t\t\t<\/div>\n\t\t\t\t\n\t\t\t\t\n\t\t\t\t\n\t\t\t\t\n\t\t\t<\/div><div class=\"et_d4_element et_pb_row et_pb_row_2 et_pb_row_fullwidth et_animated et_pb_equal_columns  et_pb_css_mix_blend_mode et_block_row\">\n\t\t\t\t<div class=\"et_d4_element et_pb_column_1_3 et_pb_column et_pb_column_4 et_clickable  et_pb_css_mix_blend_mode et_block_column\">\n\t\t\t\t\n\t\t\t\t\n\t\t\t\t\n\t\t\t\t\n\t\t\t\t<div class=\"et_pb_with_border et_pb_module et_d4_element et_pb_text et_pb_text_5 et_hover_enabled  et_pb_text_align_center et_pb_bg_layout_dark\">\n\t\t\t\t\n\t\t\t\t\n\t\t\t\t\n\t\t\t\t\n\t\t\t\t<div class=\"et_pb_text_inner\"><h3>Trabajo de carpetero<\/h3>\n<h4>Autofinancia su proyecto educativo<\/h4>\n<p>Proyecto financiero de trabajo en las vacaciones en el cual se coloca alfombras en las escuelas ya sean nuevas o renovaci\u00f3n de estas<\/p><\/div>\n\t\t\t<\/div>\n\t\t\t<\/div><div class=\"et_d4_element et_pb_column_1_3 et_pb_column et_pb_column_5 et_clickable  et_pb_css_mix_blend_mode et_block_column\">\n\t\t\t\t\n\t\t\t\t\n\t\t\t\t\n\t\t\t\t\n\t\t\t\t<div class=\"et_pb_with_border et_pb_module et_d4_element et_pb_text et_pb_text_6 et_hover_enabled  et_pb_text_align_center et_pb_bg_layout_dark\">\n\t\t\t\t\n\t\t\t\t\n\t\t\t\t\n\t\t\t\t\n\t\t\t\t<div class=\"et_pb_text_inner\"><h3>D\u00eda de la raza<\/h3>\n<h4>Valora y respeta la multiculturalidad<\/h4>\n<p>Evento cultural realizado por la universidad de Montemorelos en el cual se realiza un programa en el que participan alumnos de distintas procedencias<\/p><\/div>\n\t\t\t<\/div>\n\t\t\t<\/div><div class=\"et_d4_element et_pb_column_1_3 et_pb_column et_pb_column_6 et_clickable  et_pb_css_mix_blend_mode et-last-child et_block_column\">\n\t\t\t\t\n\t\t\t\t\n\t\t\t\t\n\t\t\t\t\n\t\t\t\t<div class=\"et_pb_with_border et_pb_module et_d4_element et_pb_text et_pb_text_7 et_hover_enabled  et_pb_text_align_center et_pb_bg_layout_dark\">\n\t\t\t\t\n\t\t\t\t\n\t\t\t\t\n\t\t\t\t\n\t\t\t\t<div class=\"et_pb_text_inner\"><h3>Salida a Monte Sur<\/h3>\n<h4>Mantiene buenas relaciones interpersonales<\/h4>\n<p>Evento realizado por la Facultad de Ingenier\u00eda en el cual se proporciona un espacio recreativo sano para conocernos entre nosotros<\/p><\/div>\n\t\t\t<\/div>\n\t\t\t<\/div>\n\t\t\t\t\n\t\t\t\t\n\t\t\t\t\n\t\t\t\t\n\t\t\t<\/div><div class=\"et_d4_element et_pb_row et_pb_row_3 et_pb_row_fullwidth et_animated et_pb_equal_columns  et_pb_css_mix_blend_mode et_block_row\">\n\t\t\t\t<div class=\"et_d4_element et_pb_column_1_3 et_pb_column et_pb_column_7 et_clickable  et_pb_css_mix_blend_mode et_block_column\">\n\t\t\t\t\n\t\t\t\t\n\t\t\t\t\n\t\t\t\t\n\t\t\t\t<div class=\"et_pb_with_border et_pb_module et_d4_element et_pb_text et_pb_text_8 et_hover_enabled  et_pb_text_align_center et_pb_bg_layout_dark\">\n\t\t\t\t\n\t\t\t\t\n\t\t\t\t\n\t\t\t\t\n\t\t\t\t<div class=\"et_pb_text_inner\"><h3>Fotograf\u00eda<\/h3>\n<h4>Toma iniciativas para el servicio abnegado<\/h4>\n<p>Servicio de fotograf\u00eda a base de hobby para la documentaci\u00f3n como la vida en la universidad<\/p><\/div>\n\t\t\t<\/div>\n\t\t\t<\/div><div class=\"et_d4_element et_pb_column_1_3 et_pb_column et_pb_column_8 et_clickable  et_pb_css_mix_blend_mode et_block_column\">\n\t\t\t\t\n\t\t\t\t\n\t\t\t\t\n\t\t\t\t\n\t\t\t\t<div class=\"et_pb_with_border et_pb_module et_d4_element et_pb_text et_pb_text_9 et_hover_enabled  et_pb_text_align_center et_pb_bg_layout_dark\">\n\t\t\t\t\n\t\t\t\t\n\t\t\t\t\n\t\t\t\t\n\t\t\t\t<div class=\"et_pb_text_inner\"><h3>Investigaci\u00f3n de notas digitales<\/h3>\n<h4>Toma iniciativas para la preservaci\u00f3n del medio ambiente y la sustentabilidad<\/h4>\n<p>Comparaci\u00f3n de las ventajas y desventajas de la toma de apuntes de manera digital<\/p><\/div>\n\t\t\t<\/div>\n\t\t\t<\/div><div class=\"et_d4_element et_pb_column_1_3 et_pb_column et_pb_column_9 et_clickable  et_pb_css_mix_blend_mode et-last-child et_block_column\">\n\t\t\t\t\n\t\t\t\t\n\t\t\t\t\n\t\t\t\t\n\t\t\t\t<div class=\"et_pb_with_border et_pb_module et_d4_element et_pb_text et_pb_text_10 et_hover_enabled  et_pb_text_align_center et_pb_bg_layout_dark\">\n\t\t\t\t\n\t\t\t\t\n\t\t\t\t\n\t\t\t\t\n\t\t\t\t<div class=\"et_pb_text_inner\"><h3>Comedor en familia<\/h3>\n<h4>Trabaja de modo colaborativo con organizaciones gubernamentales o no gubernamentales para el bienestar integral individual y de la comunidad<\/h4>\n<p>Ayuda al ministerio con comidas regulares y asistencia en la repartici\u00f3n de ellas<\/p><\/div>\n\t\t\t<\/div>\n\t\t\t<\/div>\n\t\t\t\t\n\t\t\t\t\n\t\t\t\t\n\t\t\t\t\n\t\t\t<\/div>\n\t\t\t\t\n\t\t\t\t\n\t\t\t<\/div><\/p>\n","protected":false},"excerpt":{"rendered":"","protected":false},"author":26,"featured_media":0,"parent":0,"menu_order":0,"comment_status":"closed","ping_status":"closed","template":"","meta":{"_et_pb_use_builder":"on","_et_pb_old_content":"<h1>Salida a Monte sur<\/h1>\r\n[caption id=\"attachment_208\" align=\"alignleft\" width=\"300\"]<a href=\"http:\/\/portafoliosfit.um.edu.mx\/alejandrososa\/wp-content\/uploads\/sites\/24\/2019\/04\/DSC03960-2.jpg\" target=\"_blank\" rel=\"noopener\"><img class=\"wp-image-208 size-medium\" src=\"http:\/\/portafoliosfit.um.edu.mx\/alejandrososa\/wp-content\/uploads\/sites\/24\/2019\/04\/DSC03960-2-300x225.jpg\" alt=\"\" width=\"300\" height=\"225\" \/><\/a> Foto grupal del primer viaje a Monte sur de primer a\u00f1o[\/caption]\r\n\r\n&nbsp;\r\n<ul>\r\n \t<li><strong>Mantiene buenas relaciones interpersonales<\/strong><\/li>\r\n<\/ul>\r\n&nbsp;\r\n<ul>\r\n \t<li><strong>Descripci\u00f3n:<\/strong> Primera salida de la facultad FITEC a Monte sur<\/li>\r\n<\/ul>\r\n&nbsp;\r\n<ul>\r\n \t<li><strong>Reflexi\u00f3n:<\/strong> En esta salida se me dio la oportunidad de conocer mejor a mis compa\u00f1eros de clase y a la vez a los estudiantes de los otros a\u00f1os de la facultad, fue un buen d\u00eda y me divert\u00ed.<\/li>\r\n<\/ul>\r\n&nbsp;\r\n<h1>D\u00eda de la raza<\/h1>\r\n[caption id=\"attachment_210\" align=\"alignleft\" width=\"300\"]<a href=\"http:\/\/portafoliosfit.um.edu.mx\/alejandrososa\/wp-content\/uploads\/sites\/24\/2019\/04\/DSC04021.jpg\" target=\"_blank\" rel=\"noopener\"><img class=\"wp-image-210 size-medium\" src=\"http:\/\/portafoliosfit.um.edu.mx\/alejandrososa\/wp-content\/uploads\/sites\/24\/2019\/04\/DSC04021-300x225.jpg\" alt=\"\" width=\"300\" height=\"225\" \/><\/a> Banderas representando la multiculturalidad del d\u00eda de las Am\u00e9ricas[\/caption]\r\n\r\n&nbsp;\r\n<ul>\r\n \t<li><strong>Valora y respeta la diversidad y multiculturalidad<\/strong><\/li>\r\n<\/ul>\r\n&nbsp;\r\n<ul>\r\n \t<li><strong>Descripci\u00f3n:<\/strong> Evento organizado por la universidad en donde se festeja el descubrimiento de Am\u00e9rica por medio de una dramatizaci\u00f3n, participaciones de los alumnos y un desfile con las banderas de Am\u00e9rica.<\/li>\r\n<\/ul>\r\n&nbsp;\r\n<ul>\r\n \t<li><strong>Reflexi\u00f3n:<\/strong> Este d\u00eda siempre a sido tradici\u00f3n para nosotros asistir ya sea como invitados normales o vendiendo las tradicionales pi\u00f1as coladas de mi pap\u00e1. La experiencia de cada uno de los a\u00f1os es \u00fanica y por esto el asistir no se vuelve mon\u00f3tono.<\/li>\r\n<\/ul>\r\n&nbsp;\r\n<h1>Plan Quizlet<\/h1>\r\n[caption id=\"attachment_212\" align=\"alignleft\" width=\"370\"]<a href=\"http:\/\/portafoliosfit.um.edu.mx\/alejandrososa\/wp-content\/uploads\/sites\/24\/2019\/04\/Capture-3.png\" target=\"_blank\" rel=\"noopener\"><img class=\"wp-image-212\" src=\"http:\/\/portafoliosfit.um.edu.mx\/alejandrososa\/wp-content\/uploads\/sites\/24\/2019\/04\/Capture-3-300x138.png\" alt=\"\" width=\"370\" height=\"170\" \/><\/a> Dashboard con todos mis cuestionarios hechos a lo largo del tiempo[\/caption]\r\n\r\n&nbsp;\r\n<ul>\r\n \t<li><strong>Identifica y atiende las necesidades de los dem\u00e1s<\/strong><\/li>\r\n<\/ul>\r\n&nbsp;\r\n<ul>\r\n \t<li><strong>Descripci\u00f3n:<\/strong> M\u00e9todo de repaso\/estudio por medio de la aplicaci\u00f3n de Quizlet en donde te permite la creaci\u00f3n de gu\u00edas propias para el estudio entre estudiantes.<\/li>\r\n<\/ul>\r\n&nbsp;\r\n<ul>\r\n \t<li><strong>Reflexi\u00f3n:<\/strong> Esta idea comenz\u00f3 desde la preparatoria y nos ha servido a mi y a mis\u00a0<a href=\"https:\/\/quizlet.com\/alejandro_trejo68\"><img class=\"alignleft wp-image-248\" src=\"http:\/\/portafoliosfit.um.edu.mx\/alejandrososa\/wp-content\/uploads\/sites\/24\/2019\/04\/unnamed-300x300.png\" alt=\"\" width=\"70\" height=\"70\" \/><\/a>compa\u00f1eros de clase para el estudio de la teor\u00eda en distintas materias. El contenido de estas gu\u00edas se encuentra dentro de los libros de texto o desde mis propios apuntes de clase lo que vuelve el material de estudio \u00fanico entre el resto de la comunidad.<\/li>\r\n<\/ul>\r\n<h1>Albums de fotos<\/h1>\r\n[caption id=\"attachment_213\" align=\"alignleft\" width=\"300\"]<a href=\"http:\/\/portafoliosfit.um.edu.mx\/alejandrososa\/wp-content\/uploads\/sites\/24\/2019\/04\/DSC02526.jpg\" target=\"_blank\" rel=\"noopener\"><img class=\"wp-image-213 size-medium\" style=\"font-size: 16px\" src=\"http:\/\/portafoliosfit.um.edu.mx\/alejandrososa\/wp-content\/uploads\/sites\/24\/2019\/04\/DSC02526-300x225.jpg\" alt=\"\" width=\"300\" height=\"225\" \/><\/a> Foto de un Bienteveo com\u00fan en Puerto Vallarta[\/caption]\r\n<ul>\r\n \t<li><strong>Toma iniciativas para el servicio abnegado<\/strong><\/li>\r\n<\/ul>\r\n&nbsp;\r\n<ul>\r\n \t<li><strong>Descripci\u00f3n:<\/strong> Toma de fotograf\u00edas para el portafolio m\u00edo y de mis compa\u00f1eros como m\u00e9todo de relajaci\u00f3n y de ayuda a los dem\u00e1s<\/li>\r\n<\/ul>\r\n&nbsp;\r\n<ul>\r\n \t<li><strong>Reflexi\u00f3n:<\/strong> A pesar de no ser un fot\u00f3grafo de nivel profesional, el estar documentando los eventos por medio de la fotograf\u00eda me a ayudado a despejar mi mente de los problemas del d\u00eda a d\u00eda y a la vez mis compa\u00f1eros de clase les gusta que tome fotos debido a que les sirve para sus portafolios.<\/li>\r\n<\/ul>\r\n<a href=\"https:\/\/www.facebook.com\/alejandro.trejo.1069\/photos_albums?lst=100001007077780%3A100001007077780%3A1555508493\"><img class=\"alignnone wp-image-252\" src=\"http:\/\/portafoliosfit.um.edu.mx\/alejandrososa\/wp-content\/uploads\/sites\/24\/2019\/04\/images.png\" alt=\"\" width=\"91\" height=\"91\" \/><\/a>\r\n\r\n&nbsp;\r\n<h1>Investigaci\u00f3n de notas digitales vs. notas a papel<\/h1>\r\n[caption id=\"attachment_271\" align=\"alignleft\" width=\"300\"]<a href=\"http:\/\/portafoliosfit.um.edu.mx\/alejandrososa\/integracion\/maxresdefault\/\"><img class=\"wp-image-271 size-medium\" style=\"font-size: 16px\" src=\"http:\/\/portafoliosfit.um.edu.mx\/alejandrososa\/wp-content\/uploads\/sites\/24\/2019\/04\/maxresdefault-300x169.jpg\" alt=\"\" width=\"300\" height=\"169\" \/><\/a> Imagen demostrativa[\/caption]\r\n<ul>\r\n \t<li><strong>Toma iniciativas para la preservaci\u00f3n del medio ambiente y la sustentabilidad<\/strong><\/li>\r\n<\/ul>\r\n&nbsp;\r\n<ul>\r\n \t<li><strong>Descripci\u00f3n:<\/strong> Investigu\u00e9 por mi cuenta el ambiente que un estudiante vive con el uso de papel y l\u00e1piz en comparativa con el uso de un dispositivo general. Se investig\u00f3 el da\u00f1o ecol\u00f3gico principalmente, el da\u00f1o a la salud del estudiante y los factores de aprendizaje en cada uno de estos ambientes.<\/li>\r\n<\/ul>\r\n&nbsp;\r\n<ul>\r\n \t<li><strong>Reflexi\u00f3n:<\/strong> Este peque\u00f1o escrito me ha servido como base para la b\u00fasqueda de nuevas t\u00e9cnicas de estudio que no da\u00f1en el medio ambiente. A trav\u00e9s de esta investigaci\u00f3n me percate que inclusive las acciones que no creemos da\u00f1inas, como tomar apuntes, pueden repercutir gravemente al ambiente.<\/li>\r\n<\/ul>\r\n<a href=\"http:\/\/portafoliosfit.um.edu.mx\/alejandrososa\/wp-content\/uploads\/sites\/24\/2019\/04\/Plan-para-tomar-notas-con-el-IPad.docx\"><img class=\"alignnone wp-image-273\" src=\"http:\/\/portafoliosfit.um.edu.mx\/alejandrososa\/wp-content\/uploads\/sites\/24\/2019\/04\/ShowImage-300x300.png\" alt=\"\" width=\"90\" height=\"90\" \/><\/a>\r\n\r\n&nbsp;\r\n<h1>P\u00e1gina de Red Flags<\/h1>\r\n[caption id=\"attachment_275\" align=\"alignleft\" width=\"300\"]<a href=\"https:\/\/alexsosat.wixsite.com\/redflags\"><img class=\"wp-image-275 size-medium\" style=\"font-size: 16px\" src=\"http:\/\/portafoliosfit.um.edu.mx\/alejandrososa\/wp-content\/uploads\/sites\/24\/2019\/04\/red-300x140.png\" alt=\"\" width=\"300\" height=\"140\" \/><\/a> https:\/\/alexsosat.wixsite.com\/redflags[\/caption]\r\n<ul>\r\n \t<li><strong>Se comunica en un segundo idioma<\/strong><\/li>\r\n<\/ul>\r\n&nbsp;\r\n<ul>\r\n \t<li><strong>Descripci\u00f3n:<\/strong> Investigu\u00e9 acerca de los tipos de Red flags, cosas que creemos sin sustento cient\u00edfico, que existen y sus ejemplos.<\/li>\r\n<\/ul>\r\n&nbsp;\r\n<ul>\r\n \t<li><strong>Reflexi\u00f3n:<\/strong> Esta actividad fue vista en el sal\u00f3n de clases, pero esta semana estuve enfermo, as\u00ed que me toc\u00f3 ver los v\u00eddeos en ingl\u00e9s. La mayor\u00eda de los t\u00e9rminos eran tecnicismos y no quer\u00eda traducirlos err\u00f3neamente as\u00ed que decid\u00ed por hacer la p\u00e1gina completa en ingl\u00e9s.<\/li>\r\n<\/ul>\r\n&nbsp;\r\n<h1>Estudio de lenguas<\/h1>\r\n[caption id=\"attachment_276\" align=\"alignleft\" width=\"190\"]<img class=\"wp-image-276\" style=\"font-size: 16px\" src=\"http:\/\/portafoliosfit.um.edu.mx\/alejandrososa\/wp-content\/uploads\/sites\/24\/2019\/04\/Dise\u00f1o-sin-t\u00edtulo-300x300.png\" alt=\"\" width=\"190\" height=\"190\" \/> Software utilizado para mi aprendizaje[\/caption]\r\n<ul>\r\n \t<li><strong>Se comunica en un segundo idioma<\/strong><\/li>\r\n<\/ul>\r\n&nbsp;\r\n<ul>\r\n \t<li><strong>Descripci\u00f3n:<\/strong>\u00a0Refuerzo de segunda lengua y estudio de una tercera lengua<\/li>\r\n<\/ul>\r\n&nbsp;\r\n<ul>\r\n \t<li><strong>Reflexi\u00f3n:<\/strong> Esta objetivo es uno de los logros que tengo para el final de este a\u00f1o, esta es la de aprender japon\u00e9s. Para esto le estoy dedicando alrededor de una hora cada 3 d\u00edas de la semana al estudio de este sistema. De igual manera realizo actividades que refuercen mis estudios del ingl\u00e9s para no perder este idioma.<\/li>\r\n<\/ul>\r\n&nbsp;\r\n<h1>Trabajo en los veranos<\/h1>\r\n[caption id=\"attachment_297\" align=\"alignleft\" width=\"256\"]<img class=\"wp-image-297\" style=\"font-size: 16px\" src=\"http:\/\/portafoliosfit.um.edu.mx\/alejandrososa\/wp-content\/uploads\/sites\/24\/2019\/04\/under-construction-2891888_1280-300x225.jpg\" alt=\"\" width=\"256\" height=\"192\" \/> En ausencia de foto[\/caption]\r\n<ul>\r\n \t<li><strong>Autofinancia su proyecto educativo<\/strong><\/li>\r\n<\/ul>\r\n&nbsp;\r\n<ul>\r\n \t<li><strong>Descripci\u00f3n:<\/strong>\u00a0Mi trabajo en los veranos con mi t\u00edo. Colocando alfombra y piso en las escuelas<\/li>\r\n<\/ul>\r\n&nbsp;\r\n<ul>\r\n \t<li><strong>Reflexi\u00f3n:<\/strong>\u00a0Este trabajo me sirve como visualizaci\u00f3n a lo que es el trabajo duro f\u00edsico. En otras palabras comprendo el esfuerzo que se requiere el generar ingresos para m\u00ed y mi familia, dicho esfuerzo es el que est\u00e1 en juego a la hora de invertir en mi educaci\u00f3n.<\/li>\r\n<\/ul>\r\n<h1><\/h1>\r\n<h1>Resumen:<\/h1>\r\nEn esta secci\u00f3n aprend\u00ed m\u00e1s que nada que la experiencia de la Universidad no se limita a un sal\u00f3n de clases. En realidad la vida de un estudiante se lleva a la casa y a todo lugar en el que uno est\u00e9, estas experiencias son posibles gracias a que existen maestros y personas apoy\u00e1ndonos desde atr\u00e1s, impuls\u00e1ndonos para que logremos lo requerido y m\u00e1s encontrando todo nuestro potencial.\r\n\r\n&nbsp;\r\n<h1>En proceso:<\/h1>\r\n<strong>Construye y apoya proyectos, en el \u00e1mbito de sistemas computacionales, orientados al servicio y el desarrollo de la sociedad integrando habilidades y sensibilidad a las necesidades de los seres humanos<\/strong>\r\n\r\n<img class=\"wp-image-297 size-medium alignleft\" src=\"http:\/\/portafoliosfit.um.edu.mx\/alejandrososa\/wp-content\/uploads\/sites\/24\/2019\/04\/under-construction-2891888_1280-300x225.jpg\" alt=\"\" width=\"300\" height=\"225\" \/>\r\n\r\n&nbsp;\r\n<ul>\r\n \t<li><strong>Estrategia:<\/strong>\u00a0Inscribirme como apoyo en el grupo de investigaci\u00f3n en el \u00e1rea de realidad aumentada<\/li>\r\n<\/ul>\r\n&nbsp;\r\n<ul>\r\n \t<li><strong>Reflexi\u00f3n:<\/strong> En esta \u00e1rea me centrar\u00eda en realizar una aplicaci\u00f3n interactiva para que las personas puedan documentarse en los temas de su inter\u00e9s de una manera divertida y sin crear el sentimiento de pesar.<\/li>\r\n<\/ul>\r\n&nbsp;\r\n\r\n&nbsp;\r\n\r\n<strong>Trabaja de modo colaborativo con organizaciones gubernamentales o no gubernamentales para el bienestar integral individual y de la comunidad<\/strong>\r\n\r\n<img class=\"wp-image-297 size-medium alignleft\" src=\"http:\/\/portafoliosfit.um.edu.mx\/alejandrososa\/wp-content\/uploads\/sites\/24\/2019\/04\/under-construction-2891888_1280-300x225.jpg\" alt=\"\" width=\"300\" height=\"225\" \/>\r\n\r\n&nbsp;\r\n<ul>\r\n \t<li><strong>Estrategia:<\/strong>\u00a0Brindar apoyo a la comunidad del comedor en familia por medio de ayudas alimentarias y monetarias.<\/li>\r\n<\/ul>\r\n&nbsp;\r\n<ul>\r\n \t<li><strong>Reflexi\u00f3n:<\/strong> El comedor en familia es un proyecto que inici\u00f3 la hermana Roxana. Este proyecto a sido de grana ayuda para los alumnos que no cuentan con las comidas del comedor. Los s\u00e1bados por la tarde es el tiempo en donde la hermana necesita de mucha ayuda tanto en cantidad de comida, as\u00ed como de personas que le ayuden a servirla.<\/li>\r\n<\/ul>\r\n&nbsp;\r\n\r\n&nbsp;\r\n\r\n&nbsp;","_et_gb_content_width":"","footnotes":""},"folder":[34],"class_list":["post-205","page","type-page","status-publish","hentry"],"_links":{"self":[{"href":"https:\/\/portafoliosfit.um.edu.mx\/alejandrososa\/wp-json\/wp\/v2\/pages\/205","targetHints":{"allow":["GET"]}}],"collection":[{"href":"https:\/\/portafoliosfit.um.edu.mx\/alejandrososa\/wp-json\/wp\/v2\/pages"}],"about":[{"href":"https:\/\/portafoliosfit.um.edu.mx\/alejandrososa\/wp-json\/wp\/v2\/types\/page"}],"author":[{"embeddable":true,"href":"https:\/\/portafoliosfit.um.edu.mx\/alejandrososa\/wp-json\/wp\/v2\/users\/26"}],"replies":[{"embeddable":true,"href":"https:\/\/portafoliosfit.um.edu.mx\/alejandrososa\/wp-json\/wp\/v2\/comments?post=205"}],"version-history":[{"count":41,"href":"https:\/\/portafoliosfit.um.edu.mx\/alejandrososa\/wp-json\/wp\/v2\/pages\/205\/revisions"}],"predecessor-version":[{"id":1841,"href":"https:\/\/portafoliosfit.um.edu.mx\/alejandrososa\/wp-json\/wp\/v2\/pages\/205\/revisions\/1841"}],"wp:attachment":[{"href":"https:\/\/portafoliosfit.um.edu.mx\/alejandrososa\/wp-json\/wp\/v2\/media?parent=205"}],"wp:term":[{"taxonomy":"folder","embeddable":true,"href":"https:\/\/portafoliosfit.um.edu.mx\/alejandrososa\/wp-json\/wp\/v2\/folder?post=205"}],"curies":[{"name":"wp","href":"https:\/\/api.w.org\/{rel}","templated":true}]}}