{"id":195,"date":"2019-03-27T10:45:44","date_gmt":"2019-03-27T16:45:44","guid":{"rendered":"http:\/\/portafoliosfit.um.edu.mx\/alejandrososa\/?page_id=195"},"modified":"2021-05-18T15:30:54","modified_gmt":"2021-05-18T21:30:54","slug":"aplicacion","status":"publish","type":"page","link":"https:\/\/portafoliosfit.um.edu.mx\/alejandrososa\/aplicacion\/","title":{"rendered":"Aplicaci\u00f3n"},"content":{"rendered":"<p><div class=\"et_d4_element et_pb_section et_pb_section_0 et_pb_with_background  et_pb_css_mix_blend_mode et_section_regular et_block_section\" >\n\t\t\t\t\n\t\t\t\t\n\t\t\t\t\n\t\t\t\t\n\t\t\t\t\n\t\t\t\t\n\t\t\t\t<div class=\"et_d4_element et_pb_row et_pb_row_0  et_pb_css_mix_blend_mode et_block_row\">\n\t\t\t\t<div class=\"et_d4_element et_pb_column_4_4 et_pb_column et_pb_column_0  et_pb_css_mix_blend_mode et-last-child et_block_column\">\n\t\t\t\t\n\t\t\t\t\n\t\t\t\t\n\t\t\t\t\n\t\t\t\t<div class=\"et_pb_module et_d4_element et_pb_image et_pb_image_0\">\n\t\t\t\t\n\t\t\t\t\n\t\t\t\t\n\t\t\t\t\n\t\t\t\t<span class=\"et_pb_image_wrap \"><img loading=\"lazy\" decoding=\"async\" width=\"96\" height=\"96\" src=\"http:\/\/portafoliosfit.um.edu.mx\/alejandrososa\/wp-content\/uploads\/sites\/24\/2020\/05\/esports-icon-9-1.png\" alt=\"\" title=\"\" class=\"wp-image-632\" \/><\/span>\n\t\t\t<\/div><div class=\"et_pb_module et_d4_element et_pb_text et_pb_text_0  et_pb_text_align_center et_pb_bg_layout_dark\">\n\t\t\t\t\n\t\t\t\t\n\t\t\t\t\n\t\t\t\t\n\t\t\t\t<div class=\"et_pb_text_inner\"><h1>Aplicaci\u00f3n<\/h1><\/div>\n\t\t\t<\/div><div class=\"et_pb_module et_d4_element et_pb_text et_pb_text_1  et_pb_text_align_center et_pb_bg_layout_dark\">\n\t\t\t\t\n\t\t\t\t\n\t\t\t\t\n\t\t\t\t\n\t\t\t\t<div class=\"et_pb_text_inner\"><p>En esta secci\u00f3n encontrar\u00e1s mis proyectos m\u00e1s relevantes realizados en clase<\/p><\/div>\n\t\t\t<\/div>\n\t\t\t<\/div>\n\t\t\t\t\n\t\t\t\t\n\t\t\t\t\n\t\t\t\t\n\t\t\t<\/div>\n\t\t\t\t\n\t\t\t\t\n\t\t\t<\/div><div class=\"et_d4_element et_pb_section et_pb_section_1 et_pb_with_background  et_pb_css_mix_blend_mode et_section_regular et_block_section\" >\n\t\t\t\t\n\t\t\t\t\n\t\t\t\t\n\t\t\t\t\n\t\t\t\t\n\t\t\t\t\n\t\t\t\t<div class=\"et_d4_element et_pb_row et_pb_row_1 et_pb_row_fullwidth et_animated et_pb_equal_columns  et_pb_css_mix_blend_mode et_block_row\">\n\t\t\t\t<div class=\"et_d4_element et_pb_column_1_3 et_pb_column et_pb_column_1 et_clickable  et_pb_css_mix_blend_mode et_block_column\">\n\t\t\t\t\n\t\t\t\t\n\t\t\t\t\n\t\t\t\t\n\t\t\t\t<div class=\"et_pb_with_border et_pb_module et_d4_element et_pb_text et_pb_text_2 et_hover_enabled  et_pb_text_align_center et_pb_bg_layout_dark\">\n\t\t\t\t\n\t\t\t\t\n\t\t\t\t\n\t\t\t\t\n\t\t\t\t<div class=\"et_pb_text_inner\"><h3>Calculadora Integradora<\/h3>\n<h4>Desarrolla sistemas de software generando soluciones innovadoras en aplicaciones de la ciencia computacional en sus diversas ramas, entornos y dispositivos electr\u00f3nicos, utilizando t\u00e9cnicas de ingenier\u00eda en sistemas.<\/h4>\n<p>Proyecto basado en la realizaci\u00f3n de una calculadora normal, cient\u00edfica y programadora con sus distintas utilidades<\/p><\/div>\n\t\t\t<\/div>\n\t\t\t<\/div><div class=\"et_d4_element et_pb_column_1_3 et_pb_column et_pb_column_2 et_clickable  et_pb_css_mix_blend_mode et_block_column\">\n\t\t\t\t\n\t\t\t\t\n\t\t\t\t\n\t\t\t\t\n\t\t\t\t<div class=\"et_pb_with_border et_pb_module et_d4_element et_pb_text et_pb_text_3 et_hover_enabled  et_pb_text_align_center et_pb_bg_layout_dark\">\n\t\t\t\t\n\t\t\t\t\n\t\t\t\t\n\t\t\t\t\n\t\t\t\t<div class=\"et_pb_text_inner\"><h3>Base de Datos para Gymkid<\/h3>\n<h4>Dise\u00f1a software para las organizaciones, de manera experta, priorizando requerimientos y atributos de calidad y aplicando modelos y metodolog\u00edas innovadoras.<\/h4>\n<p>Programa el cual se realiz\u00f3 para el sistema de pase de lista y de registro de cobros de una gimnasia para ni\u00f1os<\/p><\/div>\n\t\t\t<\/div>\n\t\t\t<\/div><div class=\"et_d4_element et_pb_column_1_3 et_pb_column et_pb_column_3 et_clickable  et_pb_css_mix_blend_mode et-last-child et_block_column\">\n\t\t\t\t\n\t\t\t\t\n\t\t\t\t\n\t\t\t\t\n\t\t\t\t<div class=\"et_pb_with_border et_pb_module et_d4_element et_pb_text et_pb_text_4 et_hover_enabled  et_pb_text_align_center et_pb_bg_layout_dark\">\n\t\t\t\t\n\t\t\t\t\n\t\t\t\t\n\t\t\t\t\n\t\t\t\t<div class=\"et_pb_text_inner\"><h3>Aplicaci\u00f3n AR de las c\u00f3nicas<\/h3>\n<h4>Genera aportes significativos y de calidad relacionados con su profesi\u00f3n a partir de proyectos de investigaci\u00f3n o de la aplicaci\u00f3n de investigaciones.<\/h4>\n<p>Realizaci\u00f3n de una aplicaci\u00f3n con realidad aumentada para el estudio y ense\u00f1anza de las c\u00f3nicas<\/p><\/div>\n\t\t\t<\/div>\n\t\t\t<\/div>\n\t\t\t\t\n\t\t\t\t\n\t\t\t\t\n\t\t\t\t\n\t\t\t<\/div><div class=\"et_d4_element et_pb_row et_pb_row_2 et_pb_row_fullwidth et_animated et_pb_equal_columns  et_pb_css_mix_blend_mode et_block_row\">\n\t\t\t\t<div class=\"et_d4_element et_pb_column_1_3 et_pb_column et_pb_column_4 et_clickable  et_pb_css_mix_blend_mode et_block_column\">\n\t\t\t\t\n\t\t\t\t\n\t\t\t\t\n\t\t\t\t\n\t\t\t\t<div class=\"et_pb_with_border et_pb_module et_d4_element et_pb_text et_pb_text_5 et_hover_enabled  et_pb_text_align_center et_pb_bg_layout_dark\">\n\t\t\t\t\n\t\t\t\t\n\t\t\t\t\n\t\t\t\t\n\t\t\t\t<div class=\"et_pb_text_inner\"><h3>Contoso University<\/h3>\n<h4>Desarrolla sistemas de software generando soluciones innovadoras en aplicaciones de la ciencia computacional en sus diversas ramas, entornos y dispositivos electr\u00f3nicos, utilizando t\u00e9cnicas de ingenier\u00eda en sistemas.<\/h4>\n<p>Proyecto de una aplicaci\u00f3n Web que lleva el registro de alumnos inscritos a una Universidad<\/p><\/div>\n\t\t\t<\/div>\n\t\t\t<\/div><div class=\"et_d4_element et_pb_column_1_3 et_pb_column et_pb_column_5 et_clickable  et_pb_css_mix_blend_mode et_block_column\">\n\t\t\t\t\n\t\t\t\t\n\t\t\t\t\n\t\t\t\t\n\t\t\t\t<div class=\"et_pb_with_border et_pb_module et_d4_element et_pb_text et_pb_text_6 et_hover_enabled  et_pb_text_align_center et_pb_bg_layout_dark\">\n\t\t\t\t\n\t\t\t\t\n\t\t\t\t\n\t\t\t\t\n\t\t\t\t<div class=\"et_pb_text_inner\"><h3>UM m\u00f3vil<\/h3>\n<h4>Dise\u00f1a software para las organizaciones, de manera experta, priorizando requerimientos y atributos de calidad y aplicando modelos y metodolog\u00edas innovadoras.<\/h4>\n<p>Programa m\u00f3vil realizado para la universidad de montemorelos para la revisi\u00f3n de eventos, noticias y calificaciones del estudiante<\/p><\/div>\n\t\t\t<\/div>\n\t\t\t<\/div><div class=\"et_d4_element et_pb_column_1_3 et_pb_column et_pb_column_6 et_clickable  et_pb_css_mix_blend_mode et-last-child et_block_column\">\n\t\t\t\t\n\t\t\t\t\n\t\t\t\t\n\t\t\t\t\n\t\t\t\t<div class=\"et_pb_with_border et_pb_module et_d4_element et_pb_text et_pb_text_7 et_hover_enabled  et_pb_text_align_center et_pb_bg_layout_dark\">\n\t\t\t\t\n\t\t\t\t\n\t\t\t\t\n\t\t\t\t\n\t\t\t\t<div class=\"et_pb_text_inner\"><h3>Proyecto final Cisco<\/h3>\n<h4>Desarrolla sistemas de software generando soluciones innovadoras en aplicaciones de la ciencia computacional en sus diversas ramas, entornos y dispositivos electr\u00f3nicos, utilizando t\u00e9cnicas de ingenier\u00eda en sistemas.<\/h4>\n<p>Infraestructura de red la cual recopila todos los conceptos aprendidos en mi clase de redes<\/p><\/div>\n\t\t\t<\/div>\n\t\t\t<\/div>\n\t\t\t\t\n\t\t\t\t\n\t\t\t\t\n\t\t\t\t\n\t\t\t<\/div><div class=\"et_d4_element et_pb_row et_pb_row_3 et_pb_row_fullwidth et_animated et_pb_equal_columns  et_pb_css_mix_blend_mode et_block_row\">\n\t\t\t\t<div class=\"et_d4_element et_pb_column_1_2 et_pb_column et_pb_column_7 et_clickable  et_pb_css_mix_blend_mode et_block_column\">\n\t\t\t\t\n\t\t\t\t\n\t\t\t\t\n\t\t\t\t\n\t\t\t\t<div class=\"et_pb_with_border et_pb_module et_d4_element et_pb_text et_pb_text_8 et_hover_enabled  et_pb_text_align_center et_pb_bg_layout_dark\">\n\t\t\t\t\n\t\t\t\t\n\t\t\t\t\n\t\t\t\t\n\t\t\t\t<div class=\"et_pb_text_inner\"><h3>Sopa de letras<\/h3>\n<h4>Desarrolla sistemas de software generando soluciones innovadoras en aplicaciones de la ciencia computacional en sus diversas ramas, entornos y dispositivos electr\u00f3nicos, utilizando t\u00e9cnicas de ingenier\u00eda en sistemas.<\/h4>\n<p>Programa el cual toma de una lista de un archivo plano palabras y las convierte en una sopa de letras<\/p><\/div>\n\t\t\t<\/div>\n\t\t\t<\/div><div class=\"et_d4_element et_pb_column_1_2 et_pb_column et_pb_column_8 et_clickable  et_pb_css_mix_blend_mode et-last-child et_block_column\">\n\t\t\t\t\n\t\t\t\t\n\t\t\t\t\n\t\t\t\t\n\t\t\t\t<div class=\"et_pb_with_border et_pb_module et_d4_element et_pb_text et_pb_text_9 et_hover_enabled  et_pb_text_align_center et_pb_bg_layout_dark\">\n\t\t\t\t\n\t\t\t\t\n\t\t\t\t\n\t\t\t\t\n\t\t\t\t<div class=\"et_pb_text_inner\"><h3>Sniffer de paquetes<\/h3>\n<h4>Desarrolla sistemas de software generando soluciones innovadoras en aplicaciones de la ciencia computacional en sus diversas ramas, entornos y dispositivos electr\u00f3nicos, utilizando t\u00e9cnicas de ingenier\u00eda en sistemas.<\/h4>\n<p>Programa que obtiene los paquetes entrantes a un ordenador y los desencripta para una lectura amigable para el usuario<\/p><\/div>\n\t\t\t<\/div>\n\t\t\t<\/div>\n\t\t\t\t\n\t\t\t\t\n\t\t\t\t\n\t\t\t\t\n\t\t\t<\/div>\n\t\t\t\t\n\t\t\t\t\n\t\t\t<\/div><\/p>\n","protected":false},"excerpt":{"rendered":"","protected":false},"author":26,"featured_media":0,"parent":0,"menu_order":0,"comment_status":"closed","ping_status":"closed","template":"","meta":{"_et_pb_use_builder":"on","_et_pb_old_content":"<strong>Desarrolla sistemas de software generando soluciones innovadoras en aplicaciones de la ciencia computacional en sus diversas ramas, entornos y dispositivos electr\u00f3nicos, utilizando t\u00e9cnicas de ingenier\u00eda en sistemas.<\/strong>\r\n\r\n\u00a0\r\n<h1>Proyecto Integrador<\/h1>\r\n[caption id=\"attachment_199\" align=\"alignleft\" width=\"339\"]<a href=\"http:\/\/portafoliosfit.um.edu.mx\/alejandrososa\/wp-content\/uploads\/sites\/24\/2019\/04\/pech.png\" target=\"_blank\" rel=\"noopener\"><img class=\"wp-image-199\" src=\"http:\/\/portafoliosfit.um.edu.mx\/alejandrososa\/wp-content\/uploads\/sites\/24\/2019\/04\/pech-300x169.png\" alt=\"\" width=\"339\" height=\"191\" \/><\/a> Modos de la calculadora del Proyecto Integrador[\/caption]\r\n\r\n\u00a0\r\n<ul>\r\n \t<li><strong>Descripci\u00f3n:<\/strong> En el proyecto integrador del primer semestre programamos una calculadora simple, cient\u00edfica y programadora utilizando Java en sus modos de JFrame.<\/li>\r\n<\/ul>\r\n\u00a0\r\n<ul>\r\n \t<li><strong>Reflexi\u00f3n:<\/strong> Esta calculadora nos dio a entender que inclusive las cosas que creemos que son f\u00e1ciles de hacer, por detr\u00e1s tienen un gran trabajo y disposici\u00f3n que no se logra de la noche a la ma\u00f1ana<\/li>\r\n<\/ul>\r\n\u00a0\r\n\r\n[caption id=\"attachment_200\" align=\"alignright\" width=\"300\"]<a href=\"http:\/\/portafoliosfit.um.edu.mx\/alejandrososa\/wp-content\/uploads\/sites\/24\/2019\/04\/5abb3d4e863ee.jpeg\" target=\"_blank\" rel=\"noopener\"><img class=\"wp-image-200 size-medium\" src=\"http:\/\/portafoliosfit.um.edu.mx\/alejandrososa\/wp-content\/uploads\/sites\/24\/2019\/04\/5abb3d4e863ee-300x169.jpeg\" alt=\"\" width=\"300\" height=\"169\" \/><\/a> C\u00f3digo gen\u00e9rico de HTML[\/caption]\r\n\r\n<a href=\"https:\/\/github.com\/alexsosat\/firstCodes\/blob\/master\/ProyectoIntegradorMark2.java\"><img class=\"alignnone wp-image-245\" src=\"http:\/\/portafoliosfit.um.edu.mx\/alejandrososa\/wp-content\/uploads\/sites\/24\/2019\/04\/github-300x104.png\" alt=\"\" width=\"173\" height=\"60\" \/><\/a>\r\n<h1><\/h1>\r\n<h1>Problema de las 8 reinas<\/h1>\r\n[caption id=\"attachment_201\" align=\"alignleft\" width=\"238\"]<a href=\"http:\/\/portafoliosfit.um.edu.mx\/alejandrososa\/wp-content\/uploads\/sites\/24\/2019\/04\/1504535610_082169_1504536097_sumario_normal.jpg\" target=\"_blank\" rel=\"noopener\"><img class=\"wp-image-201\" src=\"http:\/\/portafoliosfit.um.edu.mx\/alejandrososa\/wp-content\/uploads\/sites\/24\/2019\/04\/1504535610_082169_1504536097_sumario_normal-300x300.jpg\" alt=\"\" width=\"238\" height=\"238\" \/><\/a> Ejemplo de posible soluci\u00f3n al acertijo[\/caption]\r\n\r\n\u00a0\r\n<ul>\r\n \t<li><strong>Descripci\u00f3n:<\/strong> Programa hecho para la clase de Matem\u00e1ticas discretas en donde resolvimos el acertijo en donde se colocan 8 reinas sin que ninguna pueda atacar a la otra.<\/li>\r\n<\/ul>\r\n\u00a0\r\n<ul>\r\n \t<li><strong>Reflexi\u00f3n:<\/strong> De este problema aprend\u00ed que las personas tienen distintas formas de trabajo que la m\u00eda. Debido a que a uno de nuestros compa\u00f1eros se le facilit\u00f3 crear el c\u00f3digo utilizando Python, mientras que nosotros pens\u00e1bamos en utilizar Java.<\/li>\r\n<\/ul>\r\n<h1><\/h1>\r\n\u00a0\r\n<h1><\/h1>\r\n<h1>Fecha correcta<\/h1>\r\n[caption id=\"attachment_202\" align=\"alignleft\" width=\"300\"]<a href=\"http:\/\/portafoliosfit.um.edu.mx\/alejandrososa\/wp-content\/uploads\/sites\/24\/2019\/04\/Capture-1.png\" target=\"_blank\" rel=\"noopener\"><img class=\"wp-image-202 size-medium\" src=\"http:\/\/portafoliosfit.um.edu.mx\/alejandrososa\/wp-content\/uploads\/sites\/24\/2019\/04\/Capture-1-300x221.png\" alt=\"\" width=\"300\" height=\"221\" \/><\/a> Fracci\u00f3n del c\u00f3digo para la actividad[\/caption]\r\n\r\n\u00a0\r\n<ul>\r\n \t<li><strong>Descripci\u00f3n:<\/strong> Programa en donde el usuario coloca una fecha y este retorna si la fecha es correcta o no<\/li>\r\n<\/ul>\r\n\u00a0\r\n<ul>\r\n \t<li><strong>Reflexi\u00f3n:<\/strong> Se me hizo interesante ver en este ejercicio la diferencia de pensamiento m\u00edo en situaciones durante estr\u00e9s y de relajaci\u00f3n. Este c\u00f3digo pudo haber sido menos extenso, pero por los factores de estr\u00e9s no logr\u00e9 pensar de manera m\u00e1s simplista.<\/li>\r\n<\/ul>\r\n\u00a0\r\n\r\n<a href=\"https:\/\/github.com\/alexsosat\/firstCodes\/blob\/master\/Actividad11.java\"><img class=\"alignnone wp-image-245\" src=\"http:\/\/portafoliosfit.um.edu.mx\/alejandrososa\/wp-content\/uploads\/sites\/24\/2019\/04\/github-300x104.png\" alt=\"\" width=\"196\" height=\"68\" \/><\/a>\r\n\r\n\u00a0\r\n\r\n\u00a0\r\n<h1>Calculadora simple<\/h1>\r\n[caption id=\"attachment_203\" align=\"alignleft\" width=\"300\"]<a href=\"http:\/\/portafoliosfit.um.edu.mx\/alejandrososa\/wp-content\/uploads\/sites\/24\/2019\/04\/Capture-2.png\" target=\"_blank\" rel=\"noopener\"><img class=\"wp-image-203 size-medium\" style=\"font-size: 16px\" src=\"http:\/\/portafoliosfit.um.edu.mx\/alejandrososa\/wp-content\/uploads\/sites\/24\/2019\/04\/Capture-2-300x218.png\" alt=\"\" width=\"300\" height=\"218\" \/><\/a> Fracci\u00f3n del c\u00f3digo para la realizaci\u00f3n de la actividad[\/caption]\r\n<ul>\r\n \t<li><strong>Descripci\u00f3n:<\/strong> Primera fase del proyecto integrador en donde hicimos una calculadora que sumara, restara, dividiera y multiplicara con el uso de JFrames.<\/li>\r\n<\/ul>\r\n\u00a0\r\n<ul>\r\n \t<li><strong>Reflexi\u00f3n:<\/strong> Este c\u00f3digo quise incluirlo debido a que fue uno de los primeros que se hicieron antes de comenzar a hacer el proyecto integrador. Este proyecto est\u00e1 incluido porque refleja c\u00f3mo empece el primer semestre, y el primero representa c\u00f3mo lo finalice.<\/li>\r\n<\/ul>\r\n\u00a0\r\n\r\n\u00a0\r\n\r\n\u00a0\r\n\r\n<a href=\"https:\/\/github.com\/alexsosat\/firstCodes\/blob\/master\/Switchs.java\"><img class=\"alignnone wp-image-245\" src=\"http:\/\/portafoliosfit.um.edu.mx\/alejandrososa\/wp-content\/uploads\/sites\/24\/2019\/04\/github-300x104.png\" alt=\"\" width=\"153\" height=\"53\" \/><\/a>\r\n\r\n\u00a0\r\n<h1>Resumen:<\/h1>\r\nPara esta secci\u00f3n comprend\u00ed los fundamentos b\u00e1sicos que lleva un estudiante de la ingenier\u00eda. M\u00e1s que escribir c\u00f3digo es la de resolver los problemas de la gente mediante el uso de Software; en otras palabras, nosotros utilizamos softwares, pero principalmente es nuestro ingenio y nuestras habilidades las que le dicen al software qu\u00e9 hacer.\r\n\r\n\u00a0\r\n<h1>En proceso:<\/h1>\r\n\u00a0\r\n\r\n<strong>Dise\u00f1a software para las organizaciones, de manera experta, priorizando requerimientos y atributos de calidad y aplicando modelos y metodolog\u00edas innovadoras.<\/strong>\r\n\r\n<img class=\"wp-image-297 size-medium alignleft\" src=\"http:\/\/portafoliosfit.um.edu.mx\/alejandrososa\/wp-content\/uploads\/sites\/24\/2019\/04\/under-construction-2891888_1280-300x225.jpg\" alt=\"\" width=\"300\" height=\"225\" \/>\r\n\r\n\u00a0\r\n<ul>\r\n \t<li><strong>Estrategia:<\/strong> Creaci\u00f3n de un recorrido virtual por el tabern\u00e1culo de Mois\u00e9s, utilizando la herramienta de Unity.<\/li>\r\n<\/ul>\r\n\u00a0\r\n<ul>\r\n \t<li><strong>Reflexi\u00f3n:<\/strong> Este proyecto no es nuevo, sino que es una mejora que le estoy brindando al proyecto del santuario de la preparatoria. En ese entonces el santuario solo ten\u00eda la parte visual, pero ahora lo estoy mejorando para que tambi\u00e9n muestre informaci\u00f3n de cada mueble presente.<\/li>\r\n<\/ul>\r\n\u00a0\r\n\r\n<strong>Genera aportes significativos y de calidad relacionados con su profesi\u00f3n a partir de proyectos de investigaci\u00f3n o de la aplicaci\u00f3n de investigaciones.<\/strong>\r\n\r\n<img class=\"wp-image-297 size-medium alignleft\" src=\"http:\/\/portafoliosfit.um.edu.mx\/alejandrososa\/wp-content\/uploads\/sites\/24\/2019\/04\/under-construction-2891888_1280-300x225.jpg\" alt=\"\" width=\"300\" height=\"225\" \/>\r\n\r\n\u00a0\r\n<ul>\r\n \t<li><strong>Estrategia:<\/strong> Trabajo en la investigaci\u00f3n para escoger antes del fin de semestre<\/li>\r\n<\/ul>\r\n\u00a0\r\n<ul>\r\n \t<li><strong>Reflexi\u00f3n:<\/strong> Para el final de este semestre se nos solicit\u00f3 escoger un \u00e1rea de investigaci\u00f3n sobre la cual se trabajar\u00e1 a lo largo de la carrera. Esta investigaci\u00f3n generar\u00e1 aportes significativos y se implementar\u00e1n las \u00e1reas de mi carrera.<\/li>\r\n<\/ul>\r\n\u00a0\r\n<h1><\/h1>\r\n\u00a0","_et_gb_content_width":"","footnotes":""},"folder":[34],"class_list":["post-195","page","type-page","status-publish","hentry"],"_links":{"self":[{"href":"https:\/\/portafoliosfit.um.edu.mx\/alejandrososa\/wp-json\/wp\/v2\/pages\/195","targetHints":{"allow":["GET"]}}],"collection":[{"href":"https:\/\/portafoliosfit.um.edu.mx\/alejandrososa\/wp-json\/wp\/v2\/pages"}],"about":[{"href":"https:\/\/portafoliosfit.um.edu.mx\/alejandrososa\/wp-json\/wp\/v2\/types\/page"}],"author":[{"embeddable":true,"href":"https:\/\/portafoliosfit.um.edu.mx\/alejandrososa\/wp-json\/wp\/v2\/users\/26"}],"replies":[{"embeddable":true,"href":"https:\/\/portafoliosfit.um.edu.mx\/alejandrososa\/wp-json\/wp\/v2\/comments?post=195"}],"version-history":[{"count":41,"href":"https:\/\/portafoliosfit.um.edu.mx\/alejandrososa\/wp-json\/wp\/v2\/pages\/195\/revisions"}],"predecessor-version":[{"id":234854,"href":"https:\/\/portafoliosfit.um.edu.mx\/alejandrososa\/wp-json\/wp\/v2\/pages\/195\/revisions\/234854"}],"wp:attachment":[{"href":"https:\/\/portafoliosfit.um.edu.mx\/alejandrososa\/wp-json\/wp\/v2\/media?parent=195"}],"wp:term":[{"taxonomy":"folder","embeddable":true,"href":"https:\/\/portafoliosfit.um.edu.mx\/alejandrososa\/wp-json\/wp\/v2\/folder?post=195"}],"curies":[{"name":"wp","href":"https:\/\/api.w.org\/{rel}","templated":true}]}}