{"id":163,"date":"2019-03-01T15:59:50","date_gmt":"2019-03-01T21:59:50","guid":{"rendered":"http:\/\/portafoliosfit.um.edu.mx\/alejandrososa\/?page_id=163"},"modified":"2021-03-12T14:38:00","modified_gmt":"2021-03-12T20:38:00","slug":"cosmovision","status":"publish","type":"page","link":"https:\/\/portafoliosfit.um.edu.mx\/alejandrososa\/cosmovision\/","title":{"rendered":"Cosmovisi\u00f3n Actividades"},"content":{"rendered":"<p><div class=\"et_d4_element et_pb_section et_pb_section_0 et_pb_with_background  et_pb_css_mix_blend_mode et_section_regular et_block_section\" >\n\t\t\t\t\n\t\t\t\t\n\t\t\t\t\n\t\t\t\t\n\t\t\t\t\n\t\t\t\t\n\t\t\t\t<div class=\"et_d4_element et_pb_row et_pb_row_0  et_pb_css_mix_blend_mode et_block_row\">\n\t\t\t\t<div class=\"et_d4_element et_pb_column_4_4 et_pb_column et_pb_column_0  et_pb_css_mix_blend_mode et-last-child et_block_column\">\n\t\t\t\t\n\t\t\t\t\n\t\t\t\t\n\t\t\t\t\n\t\t\t\t<div class=\"et_pb_module et_d4_element et_pb_image et_pb_image_0\">\n\t\t\t\t\n\t\t\t\t\n\t\t\t\t\n\t\t\t\t\n\t\t\t\t<span class=\"et_pb_image_wrap \"><img loading=\"lazy\" decoding=\"async\" width=\"96\" height=\"96\" src=\"http:\/\/portafoliosfit.um.edu.mx\/alejandrososa\/wp-content\/uploads\/sites\/24\/2020\/05\/esports-icon-9-1.png\" alt=\"\" title=\"\" class=\"wp-image-632\" \/><\/span>\n\t\t\t<\/div><div class=\"et_pb_module et_d4_element et_pb_text et_pb_text_0  et_pb_text_align_center et_pb_bg_layout_dark\">\n\t\t\t\t\n\t\t\t\t\n\t\t\t\t\n\t\t\t\t\n\t\t\t\t<div class=\"et_pb_text_inner\"><h1>Cosmovisi\u00f3n<\/h1><\/div>\n\t\t\t<\/div><div class=\"et_pb_module et_d4_element et_pb_text et_pb_text_1  et_pb_text_align_center et_pb_bg_layout_dark\">\n\t\t\t\t\n\t\t\t\t\n\t\t\t\t\n\t\t\t\t\n\t\t\t\t<div class=\"et_pb_text_inner\"><p>En esta secci\u00f3n encontrar\u00e1s proyectos que me sacaron de mi zona de confort y me hicieron superar mis l\u00edmites<\/p><\/div>\n\t\t\t<\/div>\n\t\t\t<\/div>\n\t\t\t\t\n\t\t\t\t\n\t\t\t\t\n\t\t\t\t\n\t\t\t<\/div>\n\t\t\t\t\n\t\t\t\t\n\t\t\t<\/div><div class=\"et_d4_element et_pb_section et_pb_section_1 et_pb_with_background  et_pb_css_mix_blend_mode et_section_regular et_block_section\" >\n\t\t\t\t\n\t\t\t\t\n\t\t\t\t\n\t\t\t\t\n\t\t\t\t\n\t\t\t\t\n\t\t\t\t<div class=\"et_d4_element et_pb_row et_pb_row_1 et_pb_row_fullwidth et_animated et_pb_equal_columns  et_pb_css_mix_blend_mode et_block_row\">\n\t\t\t\t<div class=\"et_d4_element et_pb_column_1_3 et_pb_column et_pb_column_1 et_clickable  et_pb_css_mix_blend_mode et_block_column\">\n\t\t\t\t\n\t\t\t\t\n\t\t\t\t\n\t\t\t\t\n\t\t\t\t<div class=\"et_pb_with_border et_pb_module et_d4_element et_pb_text et_pb_text_2 et_hover_enabled  et_pb_text_align_center et_pb_bg_layout_dark\">\n\t\t\t\t\n\t\t\t\t\n\t\t\t\t\n\t\t\t\t\n\t\t\t\t<div class=\"et_pb_text_inner\"><h3>Instructor del departamento de Primarios II<\/h3>\n<h4>Proyecta una vida profesional, personal y familiar en el marco de un compromiso moral y misional<\/h4>\n<p>Durante mi primer semestre en la universidad particip\u00e9 como maestro de escuela sab\u00e1tica para los ni\u00f1os.<\/p><\/div>\n\t\t\t<\/div>\n\t\t\t<\/div><div class=\"et_d4_element et_pb_column_1_3 et_pb_column et_pb_column_2 et_clickable  et_pb_css_mix_blend_mode et_block_column\">\n\t\t\t\t\n\t\t\t\t\n\t\t\t\t\n\t\t\t\t\n\t\t\t\t<div class=\"et_pb_with_border et_pb_module et_d4_element et_pb_text et_pb_text_3 et_hover_enabled  et_pb_text_align_center et_pb_bg_layout_dark\">\n\t\t\t\t\n\t\t\t\t\n\t\t\t\t\n\t\t\t\t\n\t\t\t\t<div class=\"et_pb_text_inner\"><h3>Carrera de \"Quiero Vivir Sano\"<\/h3>\n<h4>Practica una vida equilibrada teniendo especial cuidado en el uso del tiempo, las finanzas, las habilidades y la salud<\/h4>\n<p>La universidad de Montemorelos realiza carreras en promoci\u00f3n a la salud. Gracias a Dios he tenido la posibilidad de participar en ellas.<\/p><\/div>\n\t\t\t<\/div>\n\t\t\t<\/div><div class=\"et_d4_element et_pb_column_1_3 et_pb_column et_pb_column_3 et_clickable  et_pb_css_mix_blend_mode et-last-child et_block_column\">\n\t\t\t\t\n\t\t\t\t\n\t\t\t\t\n\t\t\t\t\n\t\t\t\t<div class=\"et_pb_with_border et_pb_module et_d4_element et_pb_text et_pb_text_4 et_hover_enabled  et_pb_text_align_center et_pb_bg_layout_dark\">\n\t\t\t\t\n\t\t\t\t\n\t\t\t\t\n\t\t\t\t\n\t\t\t\t<div class=\"et_pb_text_inner\"><h3>Feria de investigaci\u00f3n<\/h3>\n<h4>Desarrolla un gusto sano por la recreaci\u00f3n, las manifestaciones art\u00edsticas, culturales y los medios<\/h4>\n<p>Feria realizada por los maestros en donde los alumnos pueden escuchar e inscribirse a los proyectos de su agrado propuestos en este evento.<\/p><\/div>\n\t\t\t<\/div>\n\t\t\t<\/div>\n\t\t\t\t\n\t\t\t\t\n\t\t\t\t\n\t\t\t\t\n\t\t\t<\/div><div class=\"et_d4_element et_pb_row et_pb_row_2 et_pb_row_fullwidth et_animated et_pb_equal_columns  et_pb_css_mix_blend_mode et_block_row\">\n\t\t\t\t<div class=\"et_d4_element et_pb_column_1_3 et_pb_column et_pb_column_4  et_pb_css_mix_blend_mode et_block_column et_pb_column_empty\">\n\t\t\t\t\n\t\t\t\t\n\t\t\t\t\n\t\t\t\t\n\t\t\t\t\n\t\t\t<\/div><div class=\"et_d4_element et_pb_column_1_3 et_pb_column et_pb_column_5 et_clickable  et_pb_css_mix_blend_mode et_block_column\">\n\t\t\t\t\n\t\t\t\t\n\t\t\t\t\n\t\t\t\t\n\t\t\t\t<div class=\"et_pb_with_border et_pb_module et_d4_element et_pb_text et_pb_text_5 et_hover_enabled  et_pb_text_align_center et_pb_bg_layout_dark\">\n\t\t\t\t\n\t\t\t\t\n\t\t\t\t\n\t\t\t\t\n\t\t\t\t<div class=\"et_pb_text_inner\"><h3>Pecha Kucha night<\/h3>\n<h4>Practica y promueve los principios \u00e9ticos y legales de la profesi\u00f3n en el mundo real y virtual, manteniendo la calidad, la eficiencia y el respeto de la diversidad cultural<\/h4>\n<p>spot realizado por la facultad de artes y comunicaci\u00f3n en donde se abordan temas de inter\u00e9s para los estudiantes en un formato \u00fanico<\/p><\/div>\n\t\t\t<\/div>\n\t\t\t<\/div><div class=\"et_d4_element et_pb_column_1_3 et_pb_column et_pb_column_6  et_pb_css_mix_blend_mode et-last-child et_block_column et_pb_column_empty\">\n\t\t\t\t\n\t\t\t\t\n\t\t\t\t\n\t\t\t\t\n\t\t\t\t\n\t\t\t<\/div>\n\t\t\t\t\n\t\t\t\t\n\t\t\t\t\n\t\t\t\t\n\t\t\t<\/div>\n\t\t\t\t\n\t\t\t\t\n\t\t\t<\/div><\/p>\n","protected":false},"excerpt":{"rendered":"","protected":false},"author":26,"featured_media":0,"parent":0,"menu_order":0,"comment_status":"closed","ping_status":"closed","template":"","meta":{"_et_pb_use_builder":"on","_et_pb_old_content":"<h1>Instructor de la clase de Primarios II<\/h1>\r\n[caption id=\"attachment_172\" align=\"alignleft\" width=\"239\"]<a href=\"http:\/\/portafoliosfit.um.edu.mx\/alejandrososa\/wp-content\/uploads\/sites\/24\/2019\/03\/IMG_20181229_113225.jpg\" target=\"_blank\" rel=\"noopener noreferrer\"><img class=\"wp-image-172\" src=\"http:\/\/portafoliosfit.um.edu.mx\/alejandrososa\/wp-content\/uploads\/sites\/24\/2019\/03\/IMG_20181229_113225-300x225.jpg\" alt=\"\" width=\"239\" height=\"179\" \/><\/a> Participaci\u00f3n del decimotercer s\u00e1bado del sal\u00f3n de Primarios II[\/caption]\r\n\r\n&nbsp;\r\n<ul>\r\n \t<li><strong>Proyecta una vida profesional, personal y familiar en el marco de un compromiso moral y misional<\/strong><\/li>\r\n<\/ul>\r\n&nbsp;\r\n<ul>\r\n \t<li><strong>Descripci\u00f3n:<\/strong>\u00a0En mi experiencia como instructor de la clase de Primarios 2, ayud\u00e9 a mis padres con el pase de lista de la lecci\u00f3n, creando m\u00e9todos innovadores para que los ni\u00f1os se apoyen mutuamente en el estudio de la lecci\u00f3n.<\/li>\r\n<\/ul>\r\n&nbsp;\r\n<ul>\r\n \t<li><strong>Reflexi\u00f3n:<\/strong> Al principio ve\u00eda el proyecto como otra tarea m\u00e1s, pero con el tiempo me fui encari\u00f1ando con los ni\u00f1os y al final del semestreya hasta comenzaba a jugar con ellos al final de la escuela sab\u00e1tica.<\/li>\r\n<\/ul>\r\n&nbsp;\r\n<h1>Carrera Quiero Vivir Sano<\/h1>\r\n[caption id=\"attachment_161\" align=\"alignleft\" width=\"282\"]<a href=\"http:\/\/portafoliosfit.um.edu.mx\/alejandrososa\/wp-content\/uploads\/sites\/24\/2019\/03\/IMG_20181111_081202-1.jpg\" target=\"_blank\" rel=\"noopener noreferrer\"><img class=\"wp-image-161\" src=\"http:\/\/portafoliosfit.um.edu.mx\/alejandrososa\/wp-content\/uploads\/sites\/24\/2019\/03\/IMG_20181111_081202-1-300x225.jpg\" alt=\"\" width=\"282\" height=\"212\" \/><\/a> Foto familiar de la carrera Quiero Vivir M\u00e1s Sano 4a edici\u00f3n[\/caption]\r\n\r\n&nbsp;\r\n<ul>\r\n \t<li><strong>Practica una vida equilibrada teniendo especial cuidado en el uso del tiempo, las finanzas, las habilidades y la salud<\/strong><\/li>\r\n<\/ul>\r\n&nbsp;\r\n<ul>\r\n \t<li><strong>Descripci\u00f3n:<\/strong> Particip\u00e9 con mi familia en la carrera de quiero vivir m\u00e1s sano 4a edici\u00f3n<\/li>\r\n<\/ul>\r\n&nbsp;\r\n<ul>\r\n \t<li><strong>Reflexi\u00f3n:<\/strong> Esta fue la primera carrera en la que los cuatro de nosotros participamos sin obligaci\u00f3n alguna. Esta participaci\u00f3n se volvi\u00f3 ya una tradici\u00f3n en mi familia de practicar comenzando conmigo cuando estaba en la secundaria, despu\u00e9s se uni\u00f3 mi hermano en las carreras de 1k, luego mi pap\u00e1 corriendo conmigo y al final logramos convencer a mi mam\u00e1 de correr con nosotros.<\/li>\r\n<\/ul>\r\n<h1>Feria de Investigaci\u00f3n<\/h1>\r\n[caption id=\"attachment_191\" align=\"alignleft\" width=\"225\"]<a href=\"http:\/\/portafoliosfit.um.edu.mx\/alejandrososa\/wp-content\/uploads\/sites\/24\/2019\/03\/IMG_20181122_152647.jpg\" target=\"_blank\" rel=\"noopener noreferrer\"><img class=\"wp-image-191 size-medium\" src=\"http:\/\/portafoliosfit.um.edu.mx\/alejandrososa\/wp-content\/uploads\/sites\/24\/2019\/03\/IMG_20181122_152647-225x300.jpg\" alt=\"\" width=\"225\" height=\"300\" \/><\/a> Asistencia a la feria de investigaci\u00f3n del primer semestre[\/caption]\r\n\r\n&nbsp;\r\n<ul>\r\n \t<li><strong>Desarrolla un gusto sano por la recreaci\u00f3n, las manifestaciones art\u00edsticas, culturales y los medios<\/strong><\/li>\r\n<\/ul>\r\n&nbsp;\r\n<ul>\r\n \t<li><strong>Descripci\u00f3n:<\/strong> Acompa\u00f1\u00e9 a mis compa\u00f1eros a la feria de investigaci\u00f3n de la UM y escuch\u00e9 las ponencias de los investigadores<\/li>\r\n<\/ul>\r\n&nbsp;\r\n<ul>\r\n \t<li><strong>Reflexi\u00f3n:<\/strong> Este evento me ayud\u00f3 a tener un tiempo de relajaci\u00f3n con mis compa\u00f1eros, ayud\u00e1ndoles a resolver los retos de la feria y tom\u00e1ndoles fotos mientras iban progresando.<\/li>\r\n<\/ul>\r\n&nbsp;\r\n<h1>Pecha Kucha night<\/h1>\r\n<ul>\r\n \t<li><strong>Practica y promueve los principios \u00e9ticos y legales de la profesi\u00f3n en el mundo real y virtual, manteniendo la calidad, la eficiencia y el respeto de la diversidad cultural<\/strong><\/li>\r\n<\/ul>\r\n[caption id=\"attachment_193\" align=\"alignleft\" width=\"361\"]<a href=\"http:\/\/portafoliosfit.um.edu.mx\/alejandrososa\/wp-content\/uploads\/sites\/24\/2019\/03\/PechaKucha.png\" target=\"_blank\" rel=\"noopener noreferrer\"><img class=\"wp-image-193\" style=\"font-size: 16px\" src=\"http:\/\/portafoliosfit.um.edu.mx\/alejandrososa\/wp-content\/uploads\/sites\/24\/2019\/03\/PechaKucha-300x123.png\" alt=\"\" width=\"361\" height=\"148\" \/><\/a> Presentaci\u00f3n del proyecto integrador en la pecha kucha night[\/caption]\r\n<ul>\r\n \t<li><strong>Descripci\u00f3n:<\/strong> Participaci\u00f3n en el pecha kucha night con el t\u00f3pico de: \"Proyecto Integrador\"<\/li>\r\n<\/ul>\r\n&nbsp;\r\n<ul>\r\n \t<li><strong>Reflexi\u00f3n:<\/strong> Para esta ponencia se cre\u00f3 una presentaci\u00f3n con el formato de 20 diapositiva que cambiaban autom\u00e1ticamente cada 20 segundos. Tuve que medir bien cada palabra que dec\u00eda para que la presentaci\u00f3n fuera al ritmo deseado. Fue algo fuera de mi zona de confort ya que de igual manera la presentaci\u00f3n fue grabada y no me agrada mucho estar en frente de una c\u00e1mara.<\/li>\r\n<\/ul>\r\n&nbsp;\r\n<h1>Resumen:<\/h1>\r\nEsta secci\u00f3n m\u00e1s que nada las actividades realizadas me impulsaron a salir lejos de mi zona de confort.. Inicialmente con las carreras que en un principio yo odiaba, seguido de dar una ponencia grabada; todas estas competencias las logr\u00e9 con la ayuda de Dios que me dio fuerzas para superar mis miedos y disgustos para poder as\u00ed salir adelante no por tener una calificaci\u00f3n, sino para superarme como persona.","_et_gb_content_width":"","footnotes":""},"folder":[34],"class_list":["post-163","page","type-page","status-publish","hentry"],"_links":{"self":[{"href":"https:\/\/portafoliosfit.um.edu.mx\/alejandrososa\/wp-json\/wp\/v2\/pages\/163","targetHints":{"allow":["GET"]}}],"collection":[{"href":"https:\/\/portafoliosfit.um.edu.mx\/alejandrososa\/wp-json\/wp\/v2\/pages"}],"about":[{"href":"https:\/\/portafoliosfit.um.edu.mx\/alejandrososa\/wp-json\/wp\/v2\/types\/page"}],"author":[{"embeddable":true,"href":"https:\/\/portafoliosfit.um.edu.mx\/alejandrososa\/wp-json\/wp\/v2\/users\/26"}],"replies":[{"embeddable":true,"href":"https:\/\/portafoliosfit.um.edu.mx\/alejandrososa\/wp-json\/wp\/v2\/comments?post=163"}],"version-history":[{"count":40,"href":"https:\/\/portafoliosfit.um.edu.mx\/alejandrososa\/wp-json\/wp\/v2\/pages\/163\/revisions"}],"predecessor-version":[{"id":1844,"href":"https:\/\/portafoliosfit.um.edu.mx\/alejandrososa\/wp-json\/wp\/v2\/pages\/163\/revisions\/1844"}],"wp:attachment":[{"href":"https:\/\/portafoliosfit.um.edu.mx\/alejandrososa\/wp-json\/wp\/v2\/media?parent=163"}],"wp:term":[{"taxonomy":"folder","embeddable":true,"href":"https:\/\/portafoliosfit.um.edu.mx\/alejandrososa\/wp-json\/wp\/v2\/folder?post=163"}],"curies":[{"name":"wp","href":"https:\/\/api.w.org\/{rel}","templated":true}]}}